{"id":57581,"date":"2024-10-03T21:16:47","date_gmt":"2024-10-03T19:16:47","guid":{"rendered":"https:\/\/de-prime.com\/?p=57581"},"modified":"2024-10-03T21:35:21","modified_gmt":"2024-10-03T19:35:21","slug":"aussenwandlampe-edelstahl-2","status":"publish","type":"product","link":"https:\/\/de-prime.com\/index.php\/product\/aussenwandlampe-edelstahl-2\/","title":{"rendered":"Au\u00dfenwandlampe Edelstahl"},"content":{"rendered":"<p>Diese stilvolle Au\u00dfenlampe mit Bogenform, eignet sich nicht nur zum Beleuchten Ihres Gartens, Ihrer Einfahrt oder Terrasse, sondern wird diese Orte auch noch dekorativ erg\u00e4nzen. Mit feinen, minimalistischen Linien und einem PC-Diffusor ist diese Au\u00dfenwandleuchte sehr ansprechend. Dank ihrer Edelstahlkarosserie mit IP44 ist diese Wandleuchte wetterfest, robust und langlebig und somit hervorragend f\u00fcr den Au\u00dfenbereich geeignet. Diese Au\u00dfenwandleuchte eignet sich f\u00fcr Kompaktleuchtstofflampen mit einer maximalen Leistung von 15 Watt. Bitte beachten Sie, dass die Leuchtmittel nicht im Lieferumfang enthalten ist.<\/p>\n<ul>\n<li>Abmessungen: 31 x 9 x 10 cm (L x B x H)<\/li>\n<li>Edelstahlgeh\u00e4use mit PC-Diffusor<\/li>\n<li>Spannung: 220-240 V~, 50 Hz<\/li>\n<li>Maximale Gl\u00fchlampenleistung: 15 W (CFL)<\/li>\n<li>Lampenfassung: E27<\/li>\n<li>IP-Schutzart: IP44<\/li>\n<li>Geeignet f\u00fcr den Einsatz im Au\u00dfenbereich<\/li>\n<li>Das Leuchtmittel ist nicht im Lieferumfang enthalten<\/li>\n<\/ul>\n","protected":false},"excerpt":{"rendered":"<ul>\n<li>Abmessungen: 31 x 9 x 10 cm (L x B x H)<\/li>\n<li>Edelstahlgeh\u00e4use mit PC-Diffusor<\/li>\n<li>Spannung: 220-240 V~, 50 Hz<\/li>\n<li>Maximale Gl\u00fchlampenleistung: 15 W (CFL)<\/li>\n<li>Lampenfassung: E27<\/li>\n<li>IP-Schutzart: IP44<\/li>\n<li>Geeignet f\u00fcr den Einsatz im Au\u00dfenbereich<\/li>\n<li>Das Leuchtmittel ist nicht im Lieferumfang enthalten<\/li>\n<\/ul>\n","protected":false},"featured_media":10000057581,"comment_status":"closed","ping_status":"closed","template":"","meta":[],"product_brand":[],"product_cat":[7055,7054,7048],"product_tag":[],"class_list":{"0":"post-57581","1":"product","2":"type-product","3":"status-publish","4":"has-post-thumbnail","6":"product_cat-aussenbeleuchtung","7":"product_cat-beleuchtung","8":"product_cat-heim-garten","10":"first","11":"instock","12":"taxable","13":"shipping-taxable","14":"purchasable","15":"product-type-simple","16":"add-to-wishlist-after_add_to_cart"},"jetpack_sharing_enabled":true,"_links":{"self":[{"href":"https:\/\/de-prime.com\/index.php\/wp-json\/wp\/v2\/product\/57581","targetHints":{"allow":["GET"]}}],"collection":[{"href":"https:\/\/de-prime.com\/index.php\/wp-json\/wp\/v2\/product"}],"about":[{"href":"https:\/\/de-prime.com\/index.php\/wp-json\/wp\/v2\/types\/product"}],"replies":[{"embeddable":true,"href":"https:\/\/de-prime.com\/index.php\/wp-json\/wp\/v2\/comments?post=57581"}],"wp:featuredmedia":[{"embeddable":true,"href":"https:\/\/de-prime.com\/index.php\/wp-json\/"}],"wp:attachment":[{"href":"https:\/\/de-prime.com\/index.php\/wp-json\/wp\/v2\/media?parent=57581"}],"wp:term":[{"taxonomy":"product_brand","embeddable":true,"href":"https:\/\/de-prime.com\/index.php\/wp-json\/wp\/v2\/product_brand?post=57581"},{"taxonomy":"product_cat","embeddable":true,"href":"https:\/\/de-prime.com\/index.php\/wp-json\/wp\/v2\/product_cat?post=57581"},{"taxonomy":"product_tag","embeddable":true,"href":"https:\/\/de-prime.com\/index.php\/wp-json\/wp\/v2\/product_tag?post=57581"}],"curies":[{"name":"wp","href":"https:\/\/api.w.org\/{rel}","templated":true}]}}