{"id":57578,"date":"2024-10-03T21:17:07","date_gmt":"2024-10-03T19:17:07","guid":{"rendered":"https:\/\/de-prime.com\/?p=57578"},"modified":"2024-10-03T21:35:06","modified_gmt":"2024-10-03T19:35:06","slug":"aussenwandleuchten-2-stk-edelstahl","status":"publish","type":"product","link":"https:\/\/de-prime.com\/index.php\/product\/aussenwandleuchten-2-stk-edelstahl\/","title":{"rendered":"Au\u00dfenwandleuchten 2 Stk. Edelstahl"},"content":{"rendered":"<p>Diese Outdoor-Wandleuchten sind aus Edelstahl gefertigt und k\u00f6nnen einfach an Au\u00dfenw\u00e4nden oder am Zaun befestigt werden. Die Lampen spenden durch ihr mattiertes Glas ein sch\u00f6nes ged\u00e4mpftes Licht. Die Wandleuchten sind mit E27-Fassung ausgestattet.<\/p>\n<ul>\n<li>Anzahl: 2<\/li>\n<li>Material: Edelstahl, Kunststoff<\/li>\n<li>Bewegungsmelder: Nein<\/li>\n<li>Max. Leistung: 60 Watt<\/li>\n<li>Spannung: 220-240 V~, 50 Hz<\/li>\n<li>Schutzart: IP44<\/li>\n<li>Fassung: E27<\/li>\n<li>Gr\u00f6\u00dfe: 6 x 36 cm (L x H)<\/li>\n<\/ul>\n","protected":false},"excerpt":{"rendered":"<ul>\n<li>Anzahl: 2<\/li>\n<li>Material: Edelstahl, Kunststoff<\/li>\n<li>Bewegungsmelder: Nein<\/li>\n<li>Max. Leistung: 60 Watt<\/li>\n<li>Spannung: 220-240 V~, 50 Hz<\/li>\n<li>Schutzart: IP44<\/li>\n<li>Fassung: E27<\/li>\n<li>Gr\u00f6\u00dfe: 6 x 36 cm (L x H)<\/li>\n<\/ul>\n","protected":false},"featured_media":10000057578,"comment_status":"closed","ping_status":"closed","template":"","meta":[],"product_brand":[],"product_cat":[7055,7054,7048],"product_tag":[],"class_list":{"0":"post-57578","1":"product","2":"type-product","3":"status-publish","4":"has-post-thumbnail","6":"product_cat-aussenbeleuchtung","7":"product_cat-beleuchtung","8":"product_cat-heim-garten","10":"first","11":"instock","12":"taxable","13":"shipping-taxable","14":"purchasable","15":"product-type-simple","16":"add-to-wishlist-after_add_to_cart"},"jetpack_sharing_enabled":true,"_links":{"self":[{"href":"https:\/\/de-prime.com\/index.php\/wp-json\/wp\/v2\/product\/57578","targetHints":{"allow":["GET"]}}],"collection":[{"href":"https:\/\/de-prime.com\/index.php\/wp-json\/wp\/v2\/product"}],"about":[{"href":"https:\/\/de-prime.com\/index.php\/wp-json\/wp\/v2\/types\/product"}],"replies":[{"embeddable":true,"href":"https:\/\/de-prime.com\/index.php\/wp-json\/wp\/v2\/comments?post=57578"}],"wp:featuredmedia":[{"embeddable":true,"href":"https:\/\/de-prime.com\/index.php\/wp-json\/"}],"wp:attachment":[{"href":"https:\/\/de-prime.com\/index.php\/wp-json\/wp\/v2\/media?parent=57578"}],"wp:term":[{"taxonomy":"product_brand","embeddable":true,"href":"https:\/\/de-prime.com\/index.php\/wp-json\/wp\/v2\/product_brand?post=57578"},{"taxonomy":"product_cat","embeddable":true,"href":"https:\/\/de-prime.com\/index.php\/wp-json\/wp\/v2\/product_cat?post=57578"},{"taxonomy":"product_tag","embeddable":true,"href":"https:\/\/de-prime.com\/index.php\/wp-json\/wp\/v2\/product_tag?post=57578"}],"curies":[{"name":"wp","href":"https:\/\/api.w.org\/{rel}","templated":true}]}}