{"id":57577,"date":"2024-10-03T21:16:51","date_gmt":"2024-10-03T19:16:51","guid":{"rendered":"https:\/\/de-prime.com\/?p=57577"},"modified":"2024-10-03T21:35:18","modified_gmt":"2024-10-03T19:35:18","slug":"aussenwandlampe-edelstahl","status":"publish","type":"product","link":"https:\/\/de-prime.com\/index.php\/product\/aussenwandlampe-edelstahl\/","title":{"rendered":"Au\u00dfenwandlampe Edelstahl"},"content":{"rendered":"<p>Diese stilvolle Au\u00dfenlampe mit halb-zylindrischer Form, eignet sich nicht nur zum Beleuchten Ihres Gartens, Ihrer Einfahrt oder Terrasse, sondern wird diese Orte auch noch dekorativ erg\u00e4nzen. Mit feinen, minimalistischen Linien und einem Glasdiffusor ist diese Au\u00dfenwandleuchte sehr ansprechend. Dank ihrer Edelstahlkarosserie mit IP44 ist diese Wandleuchte wetterfest, robust und langlebig und somit hervorragend f\u00fcr den Au\u00dfenbereich geeignet. Diese Au\u00dfenwandleuchte eignet sich f\u00fcr Kompaktleuchtstofflampen mit einer maximalen Leistung von 11 Watt. Bitte beachten Sie, dass die Leuchtmittel nicht im Lieferumfang enthalten ist.<\/p>\n<ul>\n<li>Abmessungen: 14 x 10,5 x 16,5 cm (L x B x H)<\/li>\n<li>Edelstahlgeh\u00e4use mit Glasdiffusor<\/li>\n<li>Spannung:220-240 V~, 50 Hz<\/li>\n<li>Maximale Gl\u00fchlampenleistung: 11 W (CFL)<\/li>\n<li>Lampenfassung: E27<\/li>\n<li>IP-Schutzklasse: IP44<\/li>\n<li>Geeignet f\u00fcr den Au\u00dfenbereich<\/li>\n<li>Die Birne ist nicht im Lieferumfang enthalten<\/li>\n<\/ul>\n","protected":false},"excerpt":{"rendered":"<ul>\n<li>Abmessungen: 14 x 10,5 x 16,5 cm (L x B x H)<\/li>\n<li>Edelstahlgeh\u00e4use mit Glasdiffusor<\/li>\n<li>Spannung:220-240 V~, 50 Hz<\/li>\n<li>Maximale Gl\u00fchlampenleistung: 11 W (CFL)<\/li>\n<li>Lampenfassung: E27<\/li>\n<li>IP-Schutzklasse: IP44<\/li>\n<li>Geeignet f\u00fcr den Au\u00dfenbereich<\/li>\n<li>Die Birne ist nicht im Lieferumfang enthalten<\/li>\n<\/ul>\n","protected":false},"featured_media":10000057577,"comment_status":"closed","ping_status":"closed","template":"","meta":[],"product_brand":[],"product_cat":[7055,7054,7048],"product_tag":[],"class_list":{"0":"post-57577","1":"product","2":"type-product","3":"status-publish","4":"has-post-thumbnail","6":"product_cat-aussenbeleuchtung","7":"product_cat-beleuchtung","8":"product_cat-heim-garten","10":"first","11":"instock","12":"taxable","13":"shipping-taxable","14":"purchasable","15":"product-type-simple","16":"add-to-wishlist-after_add_to_cart"},"jetpack_sharing_enabled":true,"_links":{"self":[{"href":"https:\/\/de-prime.com\/index.php\/wp-json\/wp\/v2\/product\/57577","targetHints":{"allow":["GET"]}}],"collection":[{"href":"https:\/\/de-prime.com\/index.php\/wp-json\/wp\/v2\/product"}],"about":[{"href":"https:\/\/de-prime.com\/index.php\/wp-json\/wp\/v2\/types\/product"}],"replies":[{"embeddable":true,"href":"https:\/\/de-prime.com\/index.php\/wp-json\/wp\/v2\/comments?post=57577"}],"wp:featuredmedia":[{"embeddable":true,"href":"https:\/\/de-prime.com\/index.php\/wp-json\/"}],"wp:attachment":[{"href":"https:\/\/de-prime.com\/index.php\/wp-json\/wp\/v2\/media?parent=57577"}],"wp:term":[{"taxonomy":"product_brand","embeddable":true,"href":"https:\/\/de-prime.com\/index.php\/wp-json\/wp\/v2\/product_brand?post=57577"},{"taxonomy":"product_cat","embeddable":true,"href":"https:\/\/de-prime.com\/index.php\/wp-json\/wp\/v2\/product_cat?post=57577"},{"taxonomy":"product_tag","embeddable":true,"href":"https:\/\/de-prime.com\/index.php\/wp-json\/wp\/v2\/product_tag?post=57577"}],"curies":[{"name":"wp","href":"https:\/\/api.w.org\/{rel}","templated":true}]}}