{"id":57567,"date":"2024-10-03T21:17:15","date_gmt":"2024-10-03T19:17:15","guid":{"rendered":"https:\/\/de-prime.com\/?p=57567"},"modified":"2024-10-03T21:34:59","modified_gmt":"2024-10-03T19:34:59","slug":"aussen-staendige-edelstahl-mastleuchte","status":"publish","type":"product","link":"https:\/\/de-prime.com\/index.php\/product\/aussen-staendige-edelstahl-mastleuchte\/","title":{"rendered":"Au\u00dfen st\u00e4ndige Edelstahl-Mastleuchte"},"content":{"rendered":"<p>Aus dem Edelstahl ist diese Au\u00dfen-Mastleuchte sch\u00f6n, und ist geeignet f\u00fcr Portale, Terrassengebiet, Gartens usw!Sie ist geeignet f\u00fcr Gl\u00fchbirnen mit einer maximalen Leistung von 60 W. Hergestellt aus dauerhaftem Edelstahl und PC, ist die Lampe korrosionsbest\u00e4ndig und wasserdicht mit einer langer Nutzungsdauer. Sie kann einfach an jeden Wand montiert werden.Notiz: Gl\u00fchbirnen sind nicht enthalten.<\/p>\n<ul>\n<li>Abmessung: 15 x 100 cm (\u03a6x H)<\/li>\n<li>Material des Lampenhalters: Edelstahl<\/li>\n<li>Material des Lampenschirms: PC<\/li>\n<li>Max. Birnenleistung:60 W (GLS), 11 W (CFL)(Gl\u00fchbirnen sind nicht enthalten)<\/li>\n<li>Spannung: 50 Hz, 220 &#8211; 240 V~<\/li>\n<li>Lampenfassung: E27<\/li>\n<li>Schutzniveau: IP44<\/li>\n<\/ul>\n","protected":false},"excerpt":{"rendered":"<ul>\n<li>Abmessung: 15 x 100 cm (\u03a6x H)<\/li>\n<li>Material des Lampenhalters: Edelstahl<\/li>\n<li>Material des Lampenschirms: PC<\/li>\n<li>Max. Birnenleistung:60 W (GLS), 11 W (CFL)(Gl\u00fchbirnen sind nicht enthalten)<\/li>\n<li>Spannung: 50 Hz, 220 &#8211; 240 V~<\/li>\n<li>Lampenfassung: E27<\/li>\n<li>Schutzniveau: IP44<\/li>\n<\/ul>\n","protected":false},"featured_media":10000057567,"comment_status":"closed","ping_status":"closed","template":"","meta":[],"product_brand":[],"product_cat":[7055,7054,7048],"product_tag":[],"class_list":{"0":"post-57567","1":"product","2":"type-product","3":"status-publish","4":"has-post-thumbnail","6":"product_cat-aussenbeleuchtung","7":"product_cat-beleuchtung","8":"product_cat-heim-garten","10":"first","11":"instock","12":"taxable","13":"shipping-taxable","14":"purchasable","15":"product-type-simple","16":"add-to-wishlist-after_add_to_cart"},"jetpack_sharing_enabled":true,"_links":{"self":[{"href":"https:\/\/de-prime.com\/index.php\/wp-json\/wp\/v2\/product\/57567","targetHints":{"allow":["GET"]}}],"collection":[{"href":"https:\/\/de-prime.com\/index.php\/wp-json\/wp\/v2\/product"}],"about":[{"href":"https:\/\/de-prime.com\/index.php\/wp-json\/wp\/v2\/types\/product"}],"replies":[{"embeddable":true,"href":"https:\/\/de-prime.com\/index.php\/wp-json\/wp\/v2\/comments?post=57567"}],"wp:featuredmedia":[{"embeddable":true,"href":"https:\/\/de-prime.com\/index.php\/wp-json\/"}],"wp:attachment":[{"href":"https:\/\/de-prime.com\/index.php\/wp-json\/wp\/v2\/media?parent=57567"}],"wp:term":[{"taxonomy":"product_brand","embeddable":true,"href":"https:\/\/de-prime.com\/index.php\/wp-json\/wp\/v2\/product_brand?post=57567"},{"taxonomy":"product_cat","embeddable":true,"href":"https:\/\/de-prime.com\/index.php\/wp-json\/wp\/v2\/product_cat?post=57567"},{"taxonomy":"product_tag","embeddable":true,"href":"https:\/\/de-prime.com\/index.php\/wp-json\/wp\/v2\/product_tag?post=57567"}],"curies":[{"name":"wp","href":"https:\/\/api.w.org\/{rel}","templated":true}]}}