{"id":57560,"date":"2024-10-03T21:17:30","date_gmt":"2024-10-03T19:17:30","guid":{"rendered":"https:\/\/de-prime.com\/?p=57560"},"modified":"2024-10-03T21:34:50","modified_gmt":"2024-10-03T19:34:50","slug":"wegeleuchten-3-stk-led-20-cm-mit-erdspiess","status":"publish","type":"product","link":"https:\/\/de-prime.com\/index.php\/product\/wegeleuchten-3-stk-led-20-cm-mit-erdspiess\/","title":{"rendered":"Wegeleuchten 3 Stk. LED 20 cm mit Erdspie\u00df"},"content":{"rendered":"<p>Dieses 3-teilige LED-Solarleuchten-Set wird komplett mit Erdspie\u00dfen und Akkus geliefert. Es ist eine perfekte dekorative Wegbeleuchtung f\u00fcr G\u00e4rten, H\u00f6fe, Terrassen und Balkone. Jede Solar-Kugelleuchte ist aus strapazierf\u00e4higem Kunststoff gefertigt und kann jahrelang verwendet werden. Mit vier 0,1 W LED-Lampen im Inneren kann jede Wegeleuchte eine Leistung von 0,4 W erbringen. Also 1,2 W f\u00fcr das ganze Set.Die Leuchten sind einfach anzubringen. Sie k\u00f6nnen die H\u00f6he jeder Wegeleuchte individuell gestalten, indem Sie ein oder zwei Rohrteile verwenden. Wenn es dunkel wird, schaltet sich die Gartenbeleuchtung automatisch ein. Die Leuchtdauer h\u00e4ngt von den Wetterbedingungen ab. Normalerweise kann die Solar-Leuchte 8 Stunden leuchten, wenn die Sonneneinstrahlung 3 Stunden betr\u00e4gt.Die Leuchten sind umweltfreundlich, da ihre Akkus tags\u00fcber durch Solarenergie aufgeladen werden. Da keine Kabel zum Anschlie\u00dfen der Gartenleuchten an eine Steckdosen ben\u00f6tigt werden, sind sie sicherer im Gebrauch und bequemer zu platzieren. Au\u00dferdem m\u00fcssen Sie f\u00fcr diese Outdoor-Leuchten keine Stromkosten in Kauf nehmen, da sie solarbetrieben sind. Es ist wirklich eine einmalige Investition, die sich auf Dauer auszahlt.<\/p>\n<ul>\n<li>3 LED-Solarleuchten im Set <\/li>\n<li>4 x 0,1W warmwei\u00dfe LED\/Leuchte<\/li>\n<li>Farbe: gl\u00e4nzend Wei\u00df, schwarzes Rohr <\/li>\n<li>PP: strapazierf\u00e4higer Kunststoff, schlagfest, UV-best\u00e4ndig <\/li>\n<li>Kugel-Durchmesser: 20 cm<\/li>\n<li>Rohr-L\u00e4nge: 11 cm <\/li>\n<li>Erdspie\u00df-L\u00e4nge: 10 cm<\/li>\n<li>H\u00f6he: 41 cm (wenn ein Rohrst\u00fcck verwendet wird) bzw. 52 cm (beide Rohre)<\/li>\n<li>Schalter: EIN\/AUS<\/li>\n<li>1 integrierte, wiederaufladbare AAA-Batterie von 1,2V \/ NI-MH 600 mAh pro Leuchte<\/li>\n<li>Stromquelle: Sonnenenergie<\/li>\n<\/ul>\n","protected":false},"excerpt":{"rendered":"<ul>\n<li>3 LED-Solarleuchten im Set <\/li>\n<li>4 x 0,1W warmwei\u00dfe LED\/Leuchte<\/li>\n<li>Farbe: gl\u00e4nzend Wei\u00df, schwarzes Rohr <\/li>\n<li>PP: strapazierf\u00e4higer Kunststoff, schlagfest, UV-best\u00e4ndig <\/li>\n<li>Kugel-Durchmesser: 20 cm<\/li>\n<li>Rohr-L\u00e4nge: 11 cm <\/li>\n<li>Erdspie\u00df-L\u00e4nge: 10 cm<\/li>\n<li>H\u00f6he: 41 cm (wenn ein Rohrst\u00fcck verwendet wird) bzw. 52 cm (beide Rohre)<\/li>\n<li>Schalter: EIN\/AUS<\/li>\n<li>1 integrierte, wiederaufladbare AAA-Batterie von 1,2V \/ NI-MH 600 mAh pro Leuchte<\/li>\n<li>Stromquelle: Sonnenenergie<\/li>\n<\/ul>\n","protected":false},"featured_media":10000057560,"comment_status":"closed","ping_status":"closed","template":"","meta":[],"product_brand":[],"product_cat":[7055,7054,7048],"product_tag":[],"class_list":{"0":"post-57560","1":"product","2":"type-product","3":"status-publish","4":"has-post-thumbnail","6":"product_cat-aussenbeleuchtung","7":"product_cat-beleuchtung","8":"product_cat-heim-garten","10":"first","11":"instock","12":"taxable","13":"shipping-taxable","14":"purchasable","15":"product-type-simple","16":"add-to-wishlist-after_add_to_cart"},"jetpack_sharing_enabled":true,"_links":{"self":[{"href":"https:\/\/de-prime.com\/index.php\/wp-json\/wp\/v2\/product\/57560","targetHints":{"allow":["GET"]}}],"collection":[{"href":"https:\/\/de-prime.com\/index.php\/wp-json\/wp\/v2\/product"}],"about":[{"href":"https:\/\/de-prime.com\/index.php\/wp-json\/wp\/v2\/types\/product"}],"replies":[{"embeddable":true,"href":"https:\/\/de-prime.com\/index.php\/wp-json\/wp\/v2\/comments?post=57560"}],"wp:featuredmedia":[{"embeddable":true,"href":"https:\/\/de-prime.com\/index.php\/wp-json\/"}],"wp:attachment":[{"href":"https:\/\/de-prime.com\/index.php\/wp-json\/wp\/v2\/media?parent=57560"}],"wp:term":[{"taxonomy":"product_brand","embeddable":true,"href":"https:\/\/de-prime.com\/index.php\/wp-json\/wp\/v2\/product_brand?post=57560"},{"taxonomy":"product_cat","embeddable":true,"href":"https:\/\/de-prime.com\/index.php\/wp-json\/wp\/v2\/product_cat?post=57560"},{"taxonomy":"product_tag","embeddable":true,"href":"https:\/\/de-prime.com\/index.php\/wp-json\/wp\/v2\/product_tag?post=57560"}],"curies":[{"name":"wp","href":"https:\/\/api.w.org\/{rel}","templated":true}]}}