{"id":57540,"date":"2024-10-04T11:17:00","date_gmt":"2024-10-04T09:17:00","guid":{"rendered":"https:\/\/de-prime.com\/?p=57540"},"modified":"2024-10-04T11:17:00","modified_gmt":"2024-10-04T09:17:00","slug":"flachschirmhaube-edelstahl-900-mm","status":"publish","type":"product","link":"https:\/\/de-prime.com\/index.php\/product\/flachschirmhaube-edelstahl-900-mm\/","title":{"rendered":"Flachschirmhaube Edelstahl 900 mm"},"content":{"rendered":"<p>Diese extrem leise und leistungsstarke Abzugshaube saugt Rauch, Fett, Feuchtigkeit und sogar Hitze effektiv aus deiner K\u00fcche ab. Die Flachschirmhaube verf\u00fcgt \u00fcber ein leistungsstarkes Gebl\u00e4se, das einen Abluftstrom von 720 m\u00b3\/h erzeugt, drei auswaschbare Aluminium-Fettfilter und eine interne Abluft\u00f6ffnung. Die 2 LED-Leuchten beleuchten deinen Kochbereich f\u00fcr ein besseres Kocherlebnis. Die H\u00f6he des Abluftkanals kann je nach Bedarf von 400 mm auf 700 mm eingestellt werden. Die Dunstabzugshaube ist mit 5 Drucktasten ausgestattet, mit denen du sie leicht bedienen kannst. Sie besteht aus langlebigen, hochwertigen Materialien. Die Lieferung umfasst 1 x Dunstabzugshaube, 1 x Aktivkohlefilter und 1 x Abluftrohr.<\/p>\n<ul>\n<li>Material: Edelstahl<\/li>\n<li>Farbe: Silbern<\/li>\n<li>Gesamtabmessungen: 900 x 480 x (450 &#8211; 750) mm (B x T x H)<\/li>\n<li>L\u00fcftungsdurchmesser: 155 mm <\/li>\n<li>Luftstrom: 720 m\u00b3\/h<\/li>\n<li>Abluft\u00f6ffnung: 298 x 275 x (400 &#8211; 700) mm (B x T x H)<\/li>\n<li>Beleuchtung: 2 x max. 1,5 W <\/li>\n<li>Spannung: 220-240 V~, 50\/60 Hz<\/li>\n<li>Nennleistung: 180 W<\/li>\n<li>3 Geschwindigkeitsstufen<\/li>\n<li><strong>Lieferung beinhaltet:<\/strong><\/li>\n<li>1 x Dunstabzugshaube<\/li>\n<li>1 x Abluftrohr<\/li>\n<li>1 x Aktivkohlefilter<\/li>\n<\/ul>\n","protected":false},"excerpt":{"rendered":"<ul>\n<li>Material: Edelstahl<\/li>\n<li>Farbe: Silbern<\/li>\n<li>Gesamtabmessungen: 900 x 480 x (450 &#8211; 750) mm (B x T x H)<\/li>\n<li>L\u00fcftungsdurchmesser: 155 mm <\/li>\n<li>Luftstrom: 720 m\u00b3\/h<\/li>\n<li>Abluft\u00f6ffnung: 298 x 275 x (400 &#8211; 700) mm (B x T x H)<\/li>\n<li>Beleuchtung: 2 x max. 1,5 W <\/li>\n<li>Spannung: 220-240 V~, 50\/60 Hz<\/li>\n<li>Nennleistung: 180 W<\/li>\n<li>3 Geschwindigkeitsstufen<\/li>\n<li><strong>Lieferung beinhaltet:<\/strong><\/li>\n<li>1 x Dunstabzugshaube<\/li>\n<li>1 x Abluftrohr<\/li>\n<li>1 x Aktivkohlefilter<\/li>\n<\/ul>\n","protected":false},"featured_media":10000057540,"comment_status":"closed","ping_status":"closed","template":"","meta":[],"product_brand":[],"product_cat":[7053,7048,7051,7052],"product_tag":[],"class_list":{"0":"post-57540","1":"product","2":"type-product","3":"status-publish","4":"has-post-thumbnail","6":"product_cat-abzugshauben","7":"product_cat-heim-garten","8":"product_cat-kueche-esszimmer","9":"product_cat-kuechengeraete","11":"first","12":"instock","13":"taxable","14":"shipping-taxable","15":"purchasable","16":"product-type-simple","17":"add-to-wishlist-after_add_to_cart"},"jetpack_sharing_enabled":true,"_links":{"self":[{"href":"https:\/\/de-prime.com\/index.php\/wp-json\/wp\/v2\/product\/57540","targetHints":{"allow":["GET"]}}],"collection":[{"href":"https:\/\/de-prime.com\/index.php\/wp-json\/wp\/v2\/product"}],"about":[{"href":"https:\/\/de-prime.com\/index.php\/wp-json\/wp\/v2\/types\/product"}],"replies":[{"embeddable":true,"href":"https:\/\/de-prime.com\/index.php\/wp-json\/wp\/v2\/comments?post=57540"}],"wp:featuredmedia":[{"embeddable":true,"href":"https:\/\/de-prime.com\/index.php\/wp-json\/"}],"wp:attachment":[{"href":"https:\/\/de-prime.com\/index.php\/wp-json\/wp\/v2\/media?parent=57540"}],"wp:term":[{"taxonomy":"product_brand","embeddable":true,"href":"https:\/\/de-prime.com\/index.php\/wp-json\/wp\/v2\/product_brand?post=57540"},{"taxonomy":"product_cat","embeddable":true,"href":"https:\/\/de-prime.com\/index.php\/wp-json\/wp\/v2\/product_cat?post=57540"},{"taxonomy":"product_tag","embeddable":true,"href":"https:\/\/de-prime.com\/index.php\/wp-json\/wp\/v2\/product_tag?post=57540"}],"curies":[{"name":"wp","href":"https:\/\/api.w.org\/{rel}","templated":true}]}}