{"id":57500,"date":"2024-10-04T11:16:28","date_gmt":"2024-10-04T09:16:28","guid":{"rendered":"https:\/\/de-prime.com\/?p=57500"},"modified":"2024-10-04T11:16:28","modified_gmt":"2024-10-04T09:16:28","slug":"inselhaube-mit-lcd-display","status":"publish","type":"product","link":"https:\/\/de-prime.com\/index.php\/product\/inselhaube-mit-lcd-display\/","title":{"rendered":"Inselhaube mit LCD-Display"},"content":{"rendered":"<p>Halte deinen Kochbereich sauber und geruchsfrei mit dieser extrastarken Dunstabzugshaube f\u00fcr Kochinsel! Diese hochwertige Abzugshaube mit LCD-Anzeige ist f\u00fcr einen optimalen Betrieb konzipiert. Das Abluftrohr saugt dank des leistungsstarken Gebl\u00e4ses in k\u00fcrzester Zeit die D\u00e4mpfe und den Rauch ab. Die Inselhaube verf\u00fcgt au\u00dferdem \u00fcber ein ber\u00fchrungsempfindliches Bedienfeld mit LCD-Display, 4 LED-Leuchten f\u00fcr die Beleuchtung des Kochbereichs und 3 Geschwindigkeitsstufen, \u00fcber das du die Geschwindigkeit des Abluftstroms einstellen kannst. Ihr modernes europ\u00e4isches Design f\u00fcgt sich m\u00fchelos in jede Wohnungseinrichtung ein. Der ger\u00e4uscharme Betrieb macht die Dunstabzugshaube au\u00dferdem zu einer perfekten Erg\u00e4nzung f\u00fcr deine K\u00fcche. Die Lieferung umfasst 1 Dunstabzugshaube, 3 Fettfilter, 1 Aktivkohlefilter und 1 Abluftschlauch.<\/p>\n<ul>\n<li>Farbe: Silbern<\/li>\n<li>Material: Edelstahl<\/li>\n<li>Leistung: 180 W<\/li>\n<li>Maximale Ansaugleistung: 750 m\u00b3 \/ h<\/li>\n<li>Beleuchtung: 4 x max. 1,5 W<\/li>\n<li>Abluft-Anschluss: \u00d8 150 mm<\/li>\n<li>Spannung: 220-240 V~, 50\/60 Hz<\/li>\n<li>Abmessungen: 90 x 54 x 59-106 cm (B x T x H)<\/li>\n<li>Passende Abluftschacht: 30,3 x 28 x 105-107 cm (B x T x H)<\/li>\n<li>Ger\u00e4uschpegel: \u226465dB<\/li>\n<\/ul>\n","protected":false},"excerpt":{"rendered":"<ul>\n<li>Farbe: Silbern<\/li>\n<li>Material: Edelstahl<\/li>\n<li>Leistung: 180 W<\/li>\n<li>Maximale Ansaugleistung: 750 m\u00b3 \/ h<\/li>\n<li>Beleuchtung: 4 x max. 1,5 W<\/li>\n<li>Abluft-Anschluss: \u00d8 150 mm<\/li>\n<li>Spannung: 220-240 V~, 50\/60 Hz<\/li>\n<li>Abmessungen: 90 x 54 x 59-106 cm (B x T x H)<\/li>\n<li>Passende Abluftschacht: 30,3 x 28 x 105-107 cm (B x T x H)<\/li>\n<li>Ger\u00e4uschpegel: \u226465dB<\/li>\n<\/ul>\n","protected":false},"featured_media":10000057500,"comment_status":"closed","ping_status":"closed","template":"","meta":[],"product_brand":[],"product_cat":[7053,7048,7051,7052],"product_tag":[],"class_list":{"0":"post-57500","1":"product","2":"type-product","3":"status-publish","4":"has-post-thumbnail","6":"product_cat-abzugshauben","7":"product_cat-heim-garten","8":"product_cat-kueche-esszimmer","9":"product_cat-kuechengeraete","11":"first","12":"outofstock","13":"taxable","14":"shipping-taxable","15":"purchasable","16":"product-type-simple","17":"add-to-wishlist-after_add_to_cart"},"jetpack_sharing_enabled":true,"_links":{"self":[{"href":"https:\/\/de-prime.com\/index.php\/wp-json\/wp\/v2\/product\/57500","targetHints":{"allow":["GET"]}}],"collection":[{"href":"https:\/\/de-prime.com\/index.php\/wp-json\/wp\/v2\/product"}],"about":[{"href":"https:\/\/de-prime.com\/index.php\/wp-json\/wp\/v2\/types\/product"}],"replies":[{"embeddable":true,"href":"https:\/\/de-prime.com\/index.php\/wp-json\/wp\/v2\/comments?post=57500"}],"wp:featuredmedia":[{"embeddable":true,"href":"https:\/\/de-prime.com\/index.php\/wp-json\/"}],"wp:attachment":[{"href":"https:\/\/de-prime.com\/index.php\/wp-json\/wp\/v2\/media?parent=57500"}],"wp:term":[{"taxonomy":"product_brand","embeddable":true,"href":"https:\/\/de-prime.com\/index.php\/wp-json\/wp\/v2\/product_brand?post=57500"},{"taxonomy":"product_cat","embeddable":true,"href":"https:\/\/de-prime.com\/index.php\/wp-json\/wp\/v2\/product_cat?post=57500"},{"taxonomy":"product_tag","embeddable":true,"href":"https:\/\/de-prime.com\/index.php\/wp-json\/wp\/v2\/product_tag?post=57500"}],"curies":[{"name":"wp","href":"https:\/\/api.w.org\/{rel}","templated":true}]}}