{"id":57495,"date":"2024-10-04T11:10:35","date_gmt":"2024-10-04T09:10:35","guid":{"rendered":"https:\/\/de-prime.com\/?p=57495"},"modified":"2024-10-04T11:10:35","modified_gmt":"2024-10-04T09:10:35","slug":"eko-tretmuelleimer-classic-5-l-schwarz","status":"publish","type":"product","link":"https:\/\/de-prime.com\/index.php\/product\/eko-tretmuelleimer-classic-5-l-schwarz\/","title":{"rendered":"EKO Tretm\u00fclleimer Classic 5 L Schwarz"},"content":{"rendered":"<p>Der schwarze Classic M\u00fclleimer von EKO ist ein allgemeiner runder Treteimer mit einem herausnehmbaren 5-L-Inneneimer aus Kunststoff. Er bietet eine ideale L\u00f6sung zur Abfallentsorgung in jeder modernen Einrichtung. Zudem ist der Tretm\u00fclleimer mit einem Metallgriff ausgestattet. Immer das beste Preis-Qualit\u00e4t-Verh\u00e4ltnis!<\/p>\n<ul>\n<li>Farbe: Schwarz <\/li>\n<li>Material: Stahl und Kunststoff<\/li>\n<li>Ma\u00dfe: 20 x 24,5 x 28,4 cm (B x T x H)<\/li>\n<li>Fassungsverm\u00f6gen: 5 L<\/li>\n<li>1 herausnehmbarer Inneneimer aus Kunststoff<\/li>\n<li>Metallgriff<\/li>\n<\/ul>\n","protected":false},"excerpt":{"rendered":"<ul>\n<li>Farbe: Schwarz <\/li>\n<li>Material: Stahl und Kunststoff<\/li>\n<li>Ma\u00dfe: 20 x 24,5 x 28,4 cm (B x T x H)<\/li>\n<li>Fassungsverm\u00f6gen: 5 L<\/li>\n<li>1 herausnehmbarer Inneneimer aus Kunststoff<\/li>\n<li>Metallgriff<\/li>\n<\/ul>\n","protected":false},"featured_media":10000057495,"comment_status":"closed","ping_status":"closed","template":"","meta":[],"product_brand":[],"product_cat":[7050,7049,7048],"product_tag":[],"class_list":{"0":"post-57495","1":"product","2":"type-product","3":"status-publish","4":"has-post-thumbnail","6":"product_cat-abfallbehaelter","7":"product_cat-haushaltsbedarf","8":"product_cat-heim-garten","10":"first","11":"outofstock","12":"taxable","13":"shipping-taxable","14":"purchasable","15":"product-type-simple","16":"add-to-wishlist-after_add_to_cart"},"jetpack_sharing_enabled":true,"_links":{"self":[{"href":"https:\/\/de-prime.com\/index.php\/wp-json\/wp\/v2\/product\/57495","targetHints":{"allow":["GET"]}}],"collection":[{"href":"https:\/\/de-prime.com\/index.php\/wp-json\/wp\/v2\/product"}],"about":[{"href":"https:\/\/de-prime.com\/index.php\/wp-json\/wp\/v2\/types\/product"}],"replies":[{"embeddable":true,"href":"https:\/\/de-prime.com\/index.php\/wp-json\/wp\/v2\/comments?post=57495"}],"wp:featuredmedia":[{"embeddable":true,"href":"https:\/\/de-prime.com\/index.php\/wp-json\/"}],"wp:attachment":[{"href":"https:\/\/de-prime.com\/index.php\/wp-json\/wp\/v2\/media?parent=57495"}],"wp:term":[{"taxonomy":"product_brand","embeddable":true,"href":"https:\/\/de-prime.com\/index.php\/wp-json\/wp\/v2\/product_brand?post=57495"},{"taxonomy":"product_cat","embeddable":true,"href":"https:\/\/de-prime.com\/index.php\/wp-json\/wp\/v2\/product_cat?post=57495"},{"taxonomy":"product_tag","embeddable":true,"href":"https:\/\/de-prime.com\/index.php\/wp-json\/wp\/v2\/product_tag?post=57495"}],"curies":[{"name":"wp","href":"https:\/\/api.w.org\/{rel}","templated":true}]}}