{"id":57494,"date":"2024-10-04T11:11:27","date_gmt":"2024-10-04T09:11:27","guid":{"rendered":"https:\/\/de-prime.com\/?p=57494"},"modified":"2024-10-04T11:11:27","modified_gmt":"2024-10-04T09:11:27","slug":"eko-abfalleimer-oli-cube-2x10-l-mattsilbern","status":"publish","type":"product","link":"https:\/\/de-prime.com\/index.php\/product\/eko-abfalleimer-oli-cube-2x10-l-mattsilbern\/","title":{"rendered":"EKO Abfalleimer OLI-Cube 2&#215;10 L Mattsilbern"},"content":{"rendered":"<p>Dieser 20 L OLI-Cube Abfalleimer von EKO ist ein rechteckiger Abfalleimer aus geb\u00fcrstetem Edelstahl mit offenem Oberteil. Er ist mit zwei 10 L Kunststoff-Inneneimern ausgestattet. Der Abfalleimer sorgt mit einer ausgekl\u00fcgelten fingerabdrucksicheren Beschichtung f\u00fcr eine hygienische Nutzung. Durch das Abnehmen des offenen Oberteils ist der Abfallbeutel leicht zu wechseln und der Abfallbeutel bleibt sauber au\u00dfer Sicht. Die Gummikappen an der Unterseite sch\u00fctzen den Boden und halten den Abfalleimer an Ort und Stelle. Jeder EKO OLI-Cube M\u00fclleimer ist eine gro\u00dfartige L\u00f6sung zur Abfallentsorgung f\u00fcr jeden modernen Raum und sieht unter einem Schreibtisch sehr stilvoll aus.<\/p>\n<ul>\n<li>Farbe: Mattsilber<\/li>\n<li>Material: Edelstahl und Kunststoff<\/li>\n<li>Abmessungen: 35,5 x 22,5 x 43 cm (B x T x H)<\/li>\n<li>Gesamtkapazit\u00e4t: 20 L (2&#215;10 L)<\/li>\n<li>2 x Herausnehmbarer 10-L-Inneneimer aus Kunststoff<\/li>\n<li>Fingerabdrucksichere Beschichtung<\/li>\n<li>Oben offen<\/li>\n<li>Loser Kunststoffring<\/li>\n<li>Gummikappen an der Unterseite<\/li>\n<\/ul>\n","protected":false},"excerpt":{"rendered":"<ul>\n<li>Farbe: Mattsilber<\/li>\n<li>Material: Edelstahl und Kunststoff<\/li>\n<li>Abmessungen: 35,5 x 22,5 x 43 cm (B x T x H)<\/li>\n<li>Gesamtkapazit\u00e4t: 20 L (2&#215;10 L)<\/li>\n<li>2 x Herausnehmbarer 10-L-Inneneimer aus Kunststoff<\/li>\n<li>Fingerabdrucksichere Beschichtung<\/li>\n<li>Oben offen<\/li>\n<li>Loser Kunststoffring<\/li>\n<li>Gummikappen an der Unterseite<\/li>\n<\/ul>\n","protected":false},"featured_media":10000057494,"comment_status":"closed","ping_status":"closed","template":"","meta":[],"product_brand":[],"product_cat":[7050,7049,7048],"product_tag":[],"class_list":{"0":"post-57494","1":"product","2":"type-product","3":"status-publish","4":"has-post-thumbnail","6":"product_cat-abfallbehaelter","7":"product_cat-haushaltsbedarf","8":"product_cat-heim-garten","10":"first","11":"outofstock","12":"taxable","13":"shipping-taxable","14":"purchasable","15":"product-type-simple","16":"add-to-wishlist-after_add_to_cart"},"jetpack_sharing_enabled":true,"_links":{"self":[{"href":"https:\/\/de-prime.com\/index.php\/wp-json\/wp\/v2\/product\/57494","targetHints":{"allow":["GET"]}}],"collection":[{"href":"https:\/\/de-prime.com\/index.php\/wp-json\/wp\/v2\/product"}],"about":[{"href":"https:\/\/de-prime.com\/index.php\/wp-json\/wp\/v2\/types\/product"}],"replies":[{"embeddable":true,"href":"https:\/\/de-prime.com\/index.php\/wp-json\/wp\/v2\/comments?post=57494"}],"wp:featuredmedia":[{"embeddable":true,"href":"https:\/\/de-prime.com\/index.php\/wp-json\/"}],"wp:attachment":[{"href":"https:\/\/de-prime.com\/index.php\/wp-json\/wp\/v2\/media?parent=57494"}],"wp:term":[{"taxonomy":"product_brand","embeddable":true,"href":"https:\/\/de-prime.com\/index.php\/wp-json\/wp\/v2\/product_brand?post=57494"},{"taxonomy":"product_cat","embeddable":true,"href":"https:\/\/de-prime.com\/index.php\/wp-json\/wp\/v2\/product_cat?post=57494"},{"taxonomy":"product_tag","embeddable":true,"href":"https:\/\/de-prime.com\/index.php\/wp-json\/wp\/v2\/product_tag?post=57494"}],"curies":[{"name":"wp","href":"https:\/\/api.w.org\/{rel}","templated":true}]}}