{"id":57492,"date":"2024-10-04T11:11:28","date_gmt":"2024-10-04T09:11:28","guid":{"rendered":"https:\/\/de-prime.com\/?p=57492"},"modified":"2024-10-04T11:11:29","modified_gmt":"2024-10-04T09:11:29","slug":"eko-abfalleimer-pushcan-40-l-mattsilbern","status":"publish","type":"product","link":"https:\/\/de-prime.com\/index.php\/product\/eko-abfalleimer-pushcan-40-l-mattsilbern\/","title":{"rendered":"EKO Abfalleimer Pushcan 40 L Mattsilbern"},"content":{"rendered":"<p>Der mattsilberne Abfalleimer Pushcan von EKO ist ein universeller M\u00fclleimer mit Schiebedeckel und einem 40-Liter-Innenbeh\u00e4lter aus verzinktem Stahl. Er bietet eine ideale L\u00f6sung zur Abfallentsorgung f\u00fcr jeden modernen Raum. Dieser EKO M\u00fclleimer wird mit einem Gummibeutel-Haltering geliefert.<\/p>\n<ul>\n<li>Farbe: Silber<\/li>\n<li>Material: Stahl<\/li>\n<li>Gr\u00f6\u00dfe: 34 x 74 cm (Durchmesser x H)<\/li>\n<li>Fassungsverm\u00f6gen: 40 L<\/li>\n<li>Herausnehmbarer verzinkter Inneneimer<\/li>\n<li>Mit Schiebedeckel<\/li>\n<li>Haltering f\u00fcr Gummibeutel<\/li>\n<\/ul>\n","protected":false},"excerpt":{"rendered":"<ul>\n<li>Farbe: Silber<\/li>\n<li>Material: Stahl<\/li>\n<li>Gr\u00f6\u00dfe: 34 x 74 cm (Durchmesser x H)<\/li>\n<li>Fassungsverm\u00f6gen: 40 L<\/li>\n<li>Herausnehmbarer verzinkter Inneneimer<\/li>\n<li>Mit Schiebedeckel<\/li>\n<li>Haltering f\u00fcr Gummibeutel<\/li>\n<\/ul>\n","protected":false},"featured_media":10000057492,"comment_status":"closed","ping_status":"closed","template":"","meta":[],"product_brand":[],"product_cat":[7050,7049,7048],"product_tag":[],"class_list":{"0":"post-57492","1":"product","2":"type-product","3":"status-publish","4":"has-post-thumbnail","6":"product_cat-abfallbehaelter","7":"product_cat-haushaltsbedarf","8":"product_cat-heim-garten","10":"first","11":"outofstock","12":"taxable","13":"shipping-taxable","14":"purchasable","15":"product-type-simple","16":"add-to-wishlist-after_add_to_cart"},"jetpack_sharing_enabled":true,"_links":{"self":[{"href":"https:\/\/de-prime.com\/index.php\/wp-json\/wp\/v2\/product\/57492","targetHints":{"allow":["GET"]}}],"collection":[{"href":"https:\/\/de-prime.com\/index.php\/wp-json\/wp\/v2\/product"}],"about":[{"href":"https:\/\/de-prime.com\/index.php\/wp-json\/wp\/v2\/types\/product"}],"replies":[{"embeddable":true,"href":"https:\/\/de-prime.com\/index.php\/wp-json\/wp\/v2\/comments?post=57492"}],"wp:featuredmedia":[{"embeddable":true,"href":"https:\/\/de-prime.com\/index.php\/wp-json\/"}],"wp:attachment":[{"href":"https:\/\/de-prime.com\/index.php\/wp-json\/wp\/v2\/media?parent=57492"}],"wp:term":[{"taxonomy":"product_brand","embeddable":true,"href":"https:\/\/de-prime.com\/index.php\/wp-json\/wp\/v2\/product_brand?post=57492"},{"taxonomy":"product_cat","embeddable":true,"href":"https:\/\/de-prime.com\/index.php\/wp-json\/wp\/v2\/product_cat?post=57492"},{"taxonomy":"product_tag","embeddable":true,"href":"https:\/\/de-prime.com\/index.php\/wp-json\/wp\/v2\/product_tag?post=57492"}],"curies":[{"name":"wp","href":"https:\/\/api.w.org\/{rel}","templated":true}]}}