{"id":57487,"date":"2024-10-04T11:14:21","date_gmt":"2024-10-04T09:14:21","guid":{"rendered":"https:\/\/de-prime.com\/?p=57487"},"modified":"2024-10-04T11:14:21","modified_gmt":"2024-10-04T09:14:21","slug":"eko-sensor-muelleimer-morandi-smart-12-l-grau","status":"publish","type":"product","link":"https:\/\/de-prime.com\/index.php\/product\/eko-sensor-muelleimer-morandi-smart-12-l-grau\/","title":{"rendered":"EKO Sensor-M\u00fclleimer Morandi Smart 12 L Grau"},"content":{"rendered":"<p>Dieser graue 12 L Morandi Smart Sensor-M\u00fclleimer von EKO ist ein trendiger quadratischer Kunststoff-Abfalleimer mit Sensor und Ber\u00fchrungsschalter. Sie k\u00f6nnen den Deckel mit einer einfachen Bewegung \u00f6ffnen! Au\u00dferdem sorgt er f\u00fcr eine hygienische Nutzung und der Deckel schlie\u00dft automatisch und ger\u00e4uschlos nach 5 Sekunden. Der M\u00fclleimer ist mit einem M\u00fcllsackhaltering ausgestattet, um den Abfallsack sauber am Platz zu halten und hat einen weichen Silikongriff. Der Dichtungsring um den Deckel sorgt daf\u00fcr, dass unangenehme Ger\u00fcche im Abfallbeh\u00e4lter effektiv zur\u00fcckgehalten werden. Er wird mit 4 AAA-Batterien betrieben (nicht im Lieferumfang enthalten). Jeder EKO Morandi Smart M\u00fclleimer ist eine ideale L\u00f6sung zur Abfallbewirtschaftung in jedem modernen Raum!<\/p>\n<ul>\n<li>Farbe: Grau<\/li>\n<li>Material: Kunststoff<\/li>\n<li>Abmessungen: 24,9 x 24,9 x 33,7 cm (B x T x H)<\/li>\n<li>Fassungsverm\u00f6gen: 12 L<\/li>\n<li>Mit Sensor und Ber\u00fchrungsschalter zum \u00d6ffnen des Deckels<\/li>\n<li>Schlie\u00dft automatisch und ger\u00e4uschlos nach 5 Sekunden<\/li>\n<li>Haltering f\u00fcr Abfallbeutel<\/li>\n<li>Ged\u00e4mpfter Soft-Close-Mechanismus<\/li>\n<li>Weicher Silikongriff<\/li>\n<li>Dichtungsring um den Deckel<\/li>\n<li>Niedriger Energieverbrauch<\/li>\n<li>Erforderliche Batterie: 4 x AAA-Batterie (nicht im Lieferumfang enthalten )<\/li>\n<\/ul>\n","protected":false},"excerpt":{"rendered":"<ul>\n<li>Farbe: Grau<\/li>\n<li>Material: Kunststoff<\/li>\n<li>Abmessungen: 24,9 x 24,9 x 33,7 cm (B x T x H)<\/li>\n<li>Fassungsverm\u00f6gen: 12 L<\/li>\n<li>Mit Sensor und Ber\u00fchrungsschalter zum \u00d6ffnen des Deckels<\/li>\n<li>Schlie\u00dft automatisch und ger\u00e4uschlos nach 5 Sekunden<\/li>\n<li>Haltering f\u00fcr Abfallbeutel<\/li>\n<li>Ged\u00e4mpfter Soft-Close-Mechanismus<\/li>\n<li>Weicher Silikongriff<\/li>\n<li>Dichtungsring um den Deckel<\/li>\n<li>Niedriger Energieverbrauch<\/li>\n<li>Erforderliche Batterie: 4 x AAA-Batterie (nicht im Lieferumfang enthalten )<\/li>\n<\/ul>\n","protected":false},"featured_media":10000057487,"comment_status":"closed","ping_status":"closed","template":"","meta":[],"product_brand":[],"product_cat":[7050,7049,7048],"product_tag":[],"class_list":{"0":"post-57487","1":"product","2":"type-product","3":"status-publish","4":"has-post-thumbnail","6":"product_cat-abfallbehaelter","7":"product_cat-haushaltsbedarf","8":"product_cat-heim-garten","10":"first","11":"outofstock","12":"taxable","13":"shipping-taxable","14":"purchasable","15":"product-type-simple","16":"add-to-wishlist-after_add_to_cart"},"jetpack_sharing_enabled":true,"_links":{"self":[{"href":"https:\/\/de-prime.com\/index.php\/wp-json\/wp\/v2\/product\/57487","targetHints":{"allow":["GET"]}}],"collection":[{"href":"https:\/\/de-prime.com\/index.php\/wp-json\/wp\/v2\/product"}],"about":[{"href":"https:\/\/de-prime.com\/index.php\/wp-json\/wp\/v2\/types\/product"}],"replies":[{"embeddable":true,"href":"https:\/\/de-prime.com\/index.php\/wp-json\/wp\/v2\/comments?post=57487"}],"wp:featuredmedia":[{"embeddable":true,"href":"https:\/\/de-prime.com\/index.php\/wp-json\/"}],"wp:attachment":[{"href":"https:\/\/de-prime.com\/index.php\/wp-json\/wp\/v2\/media?parent=57487"}],"wp:term":[{"taxonomy":"product_brand","embeddable":true,"href":"https:\/\/de-prime.com\/index.php\/wp-json\/wp\/v2\/product_brand?post=57487"},{"taxonomy":"product_cat","embeddable":true,"href":"https:\/\/de-prime.com\/index.php\/wp-json\/wp\/v2\/product_cat?post=57487"},{"taxonomy":"product_tag","embeddable":true,"href":"https:\/\/de-prime.com\/index.php\/wp-json\/wp\/v2\/product_tag?post=57487"}],"curies":[{"name":"wp","href":"https:\/\/api.w.org\/{rel}","templated":true}]}}