{"id":57483,"date":"2024-10-04T11:14:49","date_gmt":"2024-10-04T09:14:49","guid":{"rendered":"https:\/\/de-prime.com\/?p=57483"},"modified":"2024-10-04T11:14:49","modified_gmt":"2024-10-04T09:14:49","slug":"eko-sensor-muelleimer-mirage-x-80-l-mattsilbern","status":"publish","type":"product","link":"https:\/\/de-prime.com\/index.php\/product\/eko-sensor-muelleimer-mirage-x-80-l-mattsilbern\/","title":{"rendered":"EKO Sensor-M\u00fclleimer Mirage X 80 L Mattsilbern"},"content":{"rendered":"<p>Dieser Mirage X Sensor-M\u00fclleimer mit gro\u00dfem Fassungsverm\u00f6gen von EKO ist ein stilvoller 80-Liter-Abfallbeh\u00e4lter. Der M\u00fclleimer besteht aus geb\u00fcrstetem Edelstahl mit einer fingerabdrucksicheren Beschichtung. Der Deckel bietet Zugang zu einem Abfallbeutelhalter und keinen Inneneimer, was ihn besonders ger\u00e4umig macht. Die Sensorik mit dynamischer Anzeige sorgt f\u00fcr eine einfache Bedienung und ein ger\u00e4uschloses automatisches \u00d6ffnen und Schlie\u00dfen des Kunststoffdeckels. Er sorgt f\u00fcr eine hygienische Verwendung und verf\u00fcgt \u00fcber einen ger\u00e4uschlos schlie\u00dfenden Deckel. Au\u00dferdem sind die Abfallbeutel durch den abnehmbaren Deckel leicht zu wechseln. Es wird mit sechs AA-Batterien (nicht mitgeliefert) betrieben.<\/p>\n<ul>\n<li>Farbe: Mattsilber<\/li>\n<li>Material: Geb\u00fcrsteter Edelstahl und Kunststoff<\/li>\n<li>Abmessungen: 27,9 x 46,9 x 64,7 cm (B x T x H)<\/li>\n<li>Inhalt : 80 L<\/li>\n<li>1 Halter f\u00fcr Abfallbeutel<\/li>\n<li>Sensorik f\u00fcr den hygienischen Einsatz (\u00d6ffnen\/Schlie\u00dfen)<\/li>\n<li>Fingerabdrucksichere Beschichtung<\/li>\n<li>Ged\u00e4mpfter Soft-Close-Mechanismus<\/li>\n<li>Abnehmbarer Deckel<\/li>\n<li>Erforderliche Batterie: 6 x AA Batterie (nicht im Lieferumfang enthalten )<\/li>\n<\/ul>\n","protected":false},"excerpt":{"rendered":"<ul>\n<li>Farbe: Mattsilber<\/li>\n<li>Material: Geb\u00fcrsteter Edelstahl und Kunststoff<\/li>\n<li>Abmessungen: 27,9 x 46,9 x 64,7 cm (B x T x H)<\/li>\n<li>Inhalt : 80 L<\/li>\n<li>1 Halter f\u00fcr Abfallbeutel<\/li>\n<li>Sensorik f\u00fcr den hygienischen Einsatz (\u00d6ffnen\/Schlie\u00dfen)<\/li>\n<li>Fingerabdrucksichere Beschichtung<\/li>\n<li>Ged\u00e4mpfter Soft-Close-Mechanismus<\/li>\n<li>Abnehmbarer Deckel<\/li>\n<li>Erforderliche Batterie: 6 x AA Batterie (nicht im Lieferumfang enthalten )<\/li>\n<\/ul>\n","protected":false},"featured_media":10000057483,"comment_status":"closed","ping_status":"closed","template":"","meta":[],"product_brand":[],"product_cat":[7050,7049,7048],"product_tag":[],"class_list":{"0":"post-57483","1":"product","2":"type-product","3":"status-publish","4":"has-post-thumbnail","6":"product_cat-abfallbehaelter","7":"product_cat-haushaltsbedarf","8":"product_cat-heim-garten","10":"first","11":"outofstock","12":"taxable","13":"shipping-taxable","14":"purchasable","15":"product-type-simple","16":"add-to-wishlist-after_add_to_cart"},"jetpack_sharing_enabled":true,"_links":{"self":[{"href":"https:\/\/de-prime.com\/index.php\/wp-json\/wp\/v2\/product\/57483","targetHints":{"allow":["GET"]}}],"collection":[{"href":"https:\/\/de-prime.com\/index.php\/wp-json\/wp\/v2\/product"}],"about":[{"href":"https:\/\/de-prime.com\/index.php\/wp-json\/wp\/v2\/types\/product"}],"replies":[{"embeddable":true,"href":"https:\/\/de-prime.com\/index.php\/wp-json\/wp\/v2\/comments?post=57483"}],"wp:featuredmedia":[{"embeddable":true,"href":"https:\/\/de-prime.com\/index.php\/wp-json\/"}],"wp:attachment":[{"href":"https:\/\/de-prime.com\/index.php\/wp-json\/wp\/v2\/media?parent=57483"}],"wp:term":[{"taxonomy":"product_brand","embeddable":true,"href":"https:\/\/de-prime.com\/index.php\/wp-json\/wp\/v2\/product_brand?post=57483"},{"taxonomy":"product_cat","embeddable":true,"href":"https:\/\/de-prime.com\/index.php\/wp-json\/wp\/v2\/product_cat?post=57483"},{"taxonomy":"product_tag","embeddable":true,"href":"https:\/\/de-prime.com\/index.php\/wp-json\/wp\/v2\/product_tag?post=57483"}],"curies":[{"name":"wp","href":"https:\/\/api.w.org\/{rel}","templated":true}]}}