{"id":57481,"date":"2024-10-04T11:15:20","date_gmt":"2024-10-04T09:15:20","guid":{"rendered":"https:\/\/de-prime.com\/?p=57481"},"modified":"2024-10-04T11:15:20","modified_gmt":"2024-10-04T09:15:20","slug":"eko-muelleimer-mit-touch-deckel-tina-30-l-mattsilber","status":"publish","type":"product","link":"https:\/\/de-prime.com\/index.php\/product\/eko-muelleimer-mit-touch-deckel-tina-30-l-mattsilber\/","title":{"rendered":"EKO M\u00fclleimer mit Touch-Deckel Tina 30 L Mattsilber"},"content":{"rendered":"<p>Der Tina 30-L-M\u00fclleimer in Mattsilber von EKO ist ein moderner Abfallbeh\u00e4lter aus geb\u00fcrstetem Edelstahl, der mit einer fingerabdrucksicheren Beschichtung und einem hinteren Griff versehen ist. Die breite Touch-Taste erm\u00f6glicht das einfache und ger\u00e4uschlose \u00d6ffnen des Deckels per Hand, Ellbogen, H\u00fcfte oder Knie. Dieser Abfallbeh\u00e4lter ist mit einem 30-L-Inneneimer aus Kunststoff ausgestattet. Die Stay-Open-Funktion h\u00e4lt den Deckel offen, um die Reinigung oder den Wechsel des M\u00fcllbeutels zu erleichtern. Der EKO M\u00fclleimer weist ein schmales Design auf und eignet sich daher ideale f\u00fcr enge R\u00e4ume. Er bietet eine ideale L\u00f6sung zur Abfallentsorgung in jeder modernen K\u00fcche.<\/p>\n<ul>\n<li>Farbe: Mattsilber<\/li>\n<li>Material: Geb\u00fcrsteter Edelstahl und Kunststoff<\/li>\n<li>Ma\u00dfe: 40 x 25,2 x 66,5 cm (B x T x H)<\/li>\n<li>Fassungsverm\u00f6gen: 30 L<\/li>\n<li>Mit 1 herausnehmbaren Inneneimer aus Kunststoff<\/li>\n<li>Breite Touch-Taste zum einfachen \u00d6ffnen des Deckels<\/li>\n<li>Fingerabdrucksichere Beschichtung<\/li>\n<li>Ged\u00e4mpfter Soft-Close-Mechanismus<\/li>\n<li>Stay-Open-Funktion<\/li>\n<li>Griff an der R\u00fcckseite<\/li>\n<\/ul>\n","protected":false},"excerpt":{"rendered":"<ul>\n<li>Farbe: Mattsilber<\/li>\n<li>Material: Geb\u00fcrsteter Edelstahl und Kunststoff<\/li>\n<li>Ma\u00dfe: 40 x 25,2 x 66,5 cm (B x T x H)<\/li>\n<li>Fassungsverm\u00f6gen: 30 L<\/li>\n<li>Mit 1 herausnehmbaren Inneneimer aus Kunststoff<\/li>\n<li>Breite Touch-Taste zum einfachen \u00d6ffnen des Deckels<\/li>\n<li>Fingerabdrucksichere Beschichtung<\/li>\n<li>Ged\u00e4mpfter Soft-Close-Mechanismus<\/li>\n<li>Stay-Open-Funktion<\/li>\n<li>Griff an der R\u00fcckseite<\/li>\n<\/ul>\n","protected":false},"featured_media":10000057481,"comment_status":"closed","ping_status":"closed","template":"","meta":[],"product_brand":[],"product_cat":[7050,7049,7048],"product_tag":[],"class_list":{"0":"post-57481","1":"product","2":"type-product","3":"status-publish","4":"has-post-thumbnail","6":"product_cat-abfallbehaelter","7":"product_cat-haushaltsbedarf","8":"product_cat-heim-garten","10":"first","11":"outofstock","12":"taxable","13":"shipping-taxable","14":"purchasable","15":"product-type-simple","16":"add-to-wishlist-after_add_to_cart"},"jetpack_sharing_enabled":true,"_links":{"self":[{"href":"https:\/\/de-prime.com\/index.php\/wp-json\/wp\/v2\/product\/57481","targetHints":{"allow":["GET"]}}],"collection":[{"href":"https:\/\/de-prime.com\/index.php\/wp-json\/wp\/v2\/product"}],"about":[{"href":"https:\/\/de-prime.com\/index.php\/wp-json\/wp\/v2\/types\/product"}],"replies":[{"embeddable":true,"href":"https:\/\/de-prime.com\/index.php\/wp-json\/wp\/v2\/comments?post=57481"}],"wp:featuredmedia":[{"embeddable":true,"href":"https:\/\/de-prime.com\/index.php\/wp-json\/"}],"wp:attachment":[{"href":"https:\/\/de-prime.com\/index.php\/wp-json\/wp\/v2\/media?parent=57481"}],"wp:term":[{"taxonomy":"product_brand","embeddable":true,"href":"https:\/\/de-prime.com\/index.php\/wp-json\/wp\/v2\/product_brand?post=57481"},{"taxonomy":"product_cat","embeddable":true,"href":"https:\/\/de-prime.com\/index.php\/wp-json\/wp\/v2\/product_cat?post=57481"},{"taxonomy":"product_tag","embeddable":true,"href":"https:\/\/de-prime.com\/index.php\/wp-json\/wp\/v2\/product_tag?post=57481"}],"curies":[{"name":"wp","href":"https:\/\/api.w.org\/{rel}","templated":true}]}}