{"id":57480,"date":"2024-10-04T11:15:23","date_gmt":"2024-10-04T09:15:23","guid":{"rendered":"https:\/\/de-prime.com\/?p=57480"},"modified":"2024-10-04T11:15:24","modified_gmt":"2024-10-04T09:15:24","slug":"eko-tretmuelleimer-kickcan-33-l-mattschwarz","status":"publish","type":"product","link":"https:\/\/de-prime.com\/index.php\/product\/eko-tretmuelleimer-kickcan-33-l-mattschwarz\/","title":{"rendered":"EKO Tretm\u00fclleimer Kickcan 33 L Mattschwarz"},"content":{"rendered":"<p>Der mattschwarze Kickcan Treteimer von EKO ist ein stilvoller und eleganter Abfallbeh\u00e4lter, der mit einem verzinkten 33-L-Inneneimer und einem robusten Pedal ausgestattet ist. Der Inneneimer l\u00e4sst sich zur Reinigung oder zum Wechsel des M\u00fcllbeutels einfach herausnehmen. Aus Edelstahl gefertigt, bietet dieser M\u00fclleimer eine perfekte L\u00f6sung zur Abfallentsorgung in jeder modernen K\u00fcche. Er ist platzsparend und findet den perfekten Platz neben der Wand oder in einer Ecke.<\/p>\n<ul>\n<li>Farbe: Mattschwarz<\/li>\n<li>Material: Stahl<\/li>\n<li>Ma\u00dfe: 38 x 43,5 x 70 cm (B x T x H)<\/li>\n<li>Fassungsverm\u00f6gen: 33 L<\/li>\n<li>Mit 1 herausnehmbaren, verzinkten Inneneimer<\/li>\n<li>Robustes Pedal<\/li>\n<\/ul>\n","protected":false},"excerpt":{"rendered":"<ul>\n<li>Farbe: Mattschwarz<\/li>\n<li>Material: Stahl<\/li>\n<li>Ma\u00dfe: 38 x 43,5 x 70 cm (B x T x H)<\/li>\n<li>Fassungsverm\u00f6gen: 33 L<\/li>\n<li>Mit 1 herausnehmbaren, verzinkten Inneneimer<\/li>\n<li>Robustes Pedal<\/li>\n<\/ul>\n","protected":false},"featured_media":10000057480,"comment_status":"closed","ping_status":"closed","template":"","meta":[],"product_brand":[],"product_cat":[7050,7049,7048],"product_tag":[],"class_list":{"0":"post-57480","1":"product","2":"type-product","3":"status-publish","4":"has-post-thumbnail","6":"product_cat-abfallbehaelter","7":"product_cat-haushaltsbedarf","8":"product_cat-heim-garten","10":"first","11":"outofstock","12":"taxable","13":"shipping-taxable","14":"purchasable","15":"product-type-simple","16":"add-to-wishlist-after_add_to_cart"},"jetpack_sharing_enabled":true,"_links":{"self":[{"href":"https:\/\/de-prime.com\/index.php\/wp-json\/wp\/v2\/product\/57480","targetHints":{"allow":["GET"]}}],"collection":[{"href":"https:\/\/de-prime.com\/index.php\/wp-json\/wp\/v2\/product"}],"about":[{"href":"https:\/\/de-prime.com\/index.php\/wp-json\/wp\/v2\/types\/product"}],"replies":[{"embeddable":true,"href":"https:\/\/de-prime.com\/index.php\/wp-json\/wp\/v2\/comments?post=57480"}],"wp:featuredmedia":[{"embeddable":true,"href":"https:\/\/de-prime.com\/index.php\/wp-json\/"}],"wp:attachment":[{"href":"https:\/\/de-prime.com\/index.php\/wp-json\/wp\/v2\/media?parent=57480"}],"wp:term":[{"taxonomy":"product_brand","embeddable":true,"href":"https:\/\/de-prime.com\/index.php\/wp-json\/wp\/v2\/product_brand?post=57480"},{"taxonomy":"product_cat","embeddable":true,"href":"https:\/\/de-prime.com\/index.php\/wp-json\/wp\/v2\/product_cat?post=57480"},{"taxonomy":"product_tag","embeddable":true,"href":"https:\/\/de-prime.com\/index.php\/wp-json\/wp\/v2\/product_tag?post=57480"}],"curies":[{"name":"wp","href":"https:\/\/api.w.org\/{rel}","templated":true}]}}