{"id":57479,"date":"2024-10-04T11:15:24","date_gmt":"2024-10-04T09:15:24","guid":{"rendered":"https:\/\/de-prime.com\/?p=57479"},"modified":"2024-10-04T11:15:24","modified_gmt":"2024-10-04T09:15:24","slug":"eko-tretmuelleimer-grace-35-l-mattsilber","status":"publish","type":"product","link":"https:\/\/de-prime.com\/index.php\/product\/eko-tretmuelleimer-grace-35-l-mattsilber\/","title":{"rendered":"EKO Tretm\u00fclleimer Grace 35 L Mattsilber"},"content":{"rendered":"<p>Der Grace M\u00fclleimer in Mattsilber von EKO ist ein einzigartiger, dreieckiger Treteimer mit einem 35-L-Inneneimer aus Kunststoff. Dieser Treteimer besteht aus geb\u00fcrstetem Edelstahl und verf\u00fcgt \u00fcber eine clevere fingerabdrucksichere Beschichtung. Er bietet eine ideale L\u00f6sung zur Abfallentsorgung in jeder modernen K\u00fcche. Dieser Abfallbeh\u00e4lter ist mit einem ger\u00e4uschlos schlie\u00dfenden Deckel ausgestattet und findet mit seinem avantgardistischen Look den perfekten Platz neben der Wand oder in einer Ecke.<\/p>\n<ul>\n<li>Farbe: Mattsilber<\/li>\n<li>Material: Geb\u00fcrsteter Edelstahl und Kunststoff<\/li>\n<li>Ma\u00dfe: 36 x 37 x 65 cm (B x T x H)<\/li>\n<li>Fassungsverm\u00f6gen: 35 Liter<\/li>\n<li>Mit 1 herausnehmbaren Inneneimer aus Kunststoff<\/li>\n<li>Fingerabdrucksichere Beschichtung<\/li>\n<li>Ged\u00e4mpfter Soft-Close-Mechanismus<\/li>\n<\/ul>\n","protected":false},"excerpt":{"rendered":"<ul>\n<li>Farbe: Mattsilber<\/li>\n<li>Material: Geb\u00fcrsteter Edelstahl und Kunststoff<\/li>\n<li>Ma\u00dfe: 36 x 37 x 65 cm (B x T x H)<\/li>\n<li>Fassungsverm\u00f6gen: 35 Liter<\/li>\n<li>Mit 1 herausnehmbaren Inneneimer aus Kunststoff<\/li>\n<li>Fingerabdrucksichere Beschichtung<\/li>\n<li>Ged\u00e4mpfter Soft-Close-Mechanismus<\/li>\n<\/ul>\n","protected":false},"featured_media":10000057479,"comment_status":"closed","ping_status":"closed","template":"","meta":[],"product_brand":[],"product_cat":[7050,7049,7048],"product_tag":[],"class_list":{"0":"post-57479","1":"product","2":"type-product","3":"status-publish","4":"has-post-thumbnail","6":"product_cat-abfallbehaelter","7":"product_cat-haushaltsbedarf","8":"product_cat-heim-garten","10":"first","11":"outofstock","12":"taxable","13":"shipping-taxable","14":"purchasable","15":"product-type-simple","16":"add-to-wishlist-after_add_to_cart"},"jetpack_sharing_enabled":true,"_links":{"self":[{"href":"https:\/\/de-prime.com\/index.php\/wp-json\/wp\/v2\/product\/57479","targetHints":{"allow":["GET"]}}],"collection":[{"href":"https:\/\/de-prime.com\/index.php\/wp-json\/wp\/v2\/product"}],"about":[{"href":"https:\/\/de-prime.com\/index.php\/wp-json\/wp\/v2\/types\/product"}],"replies":[{"embeddable":true,"href":"https:\/\/de-prime.com\/index.php\/wp-json\/wp\/v2\/comments?post=57479"}],"wp:featuredmedia":[{"embeddable":true,"href":"https:\/\/de-prime.com\/index.php\/wp-json\/"}],"wp:attachment":[{"href":"https:\/\/de-prime.com\/index.php\/wp-json\/wp\/v2\/media?parent=57479"}],"wp:term":[{"taxonomy":"product_brand","embeddable":true,"href":"https:\/\/de-prime.com\/index.php\/wp-json\/wp\/v2\/product_brand?post=57479"},{"taxonomy":"product_cat","embeddable":true,"href":"https:\/\/de-prime.com\/index.php\/wp-json\/wp\/v2\/product_cat?post=57479"},{"taxonomy":"product_tag","embeddable":true,"href":"https:\/\/de-prime.com\/index.php\/wp-json\/wp\/v2\/product_tag?post=57479"}],"curies":[{"name":"wp","href":"https:\/\/api.w.org\/{rel}","templated":true}]}}