{"id":57475,"date":"2024-10-04T11:15:54","date_gmt":"2024-10-04T09:15:54","guid":{"rendered":"https:\/\/de-prime.com\/?p=57475"},"modified":"2024-10-04T11:15:54","modified_gmt":"2024-10-04T09:15:54","slug":"eko-tretmuelleimer-viva-40-l-matt-silbern","status":"publish","type":"product","link":"https:\/\/de-prime.com\/index.php\/product\/eko-tretmuelleimer-viva-40-l-matt-silbern\/","title":{"rendered":"EKO Tretm\u00fclleimer Viva 40 L Matt Silbern"},"content":{"rendered":"<p>Der Viva Treteimer in Mattsilbern von EKO ist ein praktischer M\u00fclleimer mit einem Fassungsverm\u00f6gen von 40 L, der mit einer fingerabdrucksicheren Beschichtung und Soft-Close-Mechanismus versehen ist. Dieser Treteimer besteht aus geb\u00fcrstetem Edelstahl und verf\u00fcgt \u00fcber einen Deckel aus Kunststoff. Er bietet eine ideale L\u00f6sung zur Abfallentsorgung in jeder modernen K\u00fcche. An der Innenseite des Deckels befindet sich Platz f\u00fcr einen Aktivkohlefilter, um unangenehme Ger\u00fcche zu vermeiden.<\/p>\n<ul>\n<li>Farbe: Mattsilber<\/li>\n<li>Material: Geb\u00fcrsteter Edelstahl und Kunststoff<\/li>\n<li>Abmessungen: 32 x 58 x 69 cm (B x T x H)<\/li>\n<li>Fassungsverm\u00f6gen: 40 L<\/li>\n<li>Mit 1 herausnehmbaren Inneneimer aus Kunststoff<\/li>\n<li>Robustes Pedal<\/li>\n<li>Mit Platz f\u00fcr einen Beutel im Innenfutter<\/li>\n<li>Fingerabdrucksichere Beschichtung<\/li>\n<li>Ged\u00e4mpfter Soft-Close-Mechanismus<\/li>\n<li>Eingebautes Fach f\u00fcr Aktivkohlefilter<\/li>\n<\/ul>\n","protected":false},"excerpt":{"rendered":"<ul>\n<li>Farbe: Mattsilber<\/li>\n<li>Material: Geb\u00fcrsteter Edelstahl und Kunststoff<\/li>\n<li>Abmessungen: 32 x 58 x 69 cm (B x T x H)<\/li>\n<li>Fassungsverm\u00f6gen: 40 L<\/li>\n<li>Mit 1 herausnehmbaren Inneneimer aus Kunststoff<\/li>\n<li>Robustes Pedal<\/li>\n<li>Mit Platz f\u00fcr einen Beutel im Innenfutter<\/li>\n<li>Fingerabdrucksichere Beschichtung<\/li>\n<li>Ged\u00e4mpfter Soft-Close-Mechanismus<\/li>\n<li>Eingebautes Fach f\u00fcr Aktivkohlefilter<\/li>\n<\/ul>\n","protected":false},"featured_media":10000057475,"comment_status":"closed","ping_status":"closed","template":"","meta":[],"product_brand":[],"product_cat":[7050,7049,7048],"product_tag":[],"class_list":{"0":"post-57475","1":"product","2":"type-product","3":"status-publish","4":"has-post-thumbnail","6":"product_cat-abfallbehaelter","7":"product_cat-haushaltsbedarf","8":"product_cat-heim-garten","10":"first","11":"outofstock","12":"taxable","13":"shipping-taxable","14":"purchasable","15":"product-type-simple","16":"add-to-wishlist-after_add_to_cart"},"jetpack_sharing_enabled":true,"_links":{"self":[{"href":"https:\/\/de-prime.com\/index.php\/wp-json\/wp\/v2\/product\/57475","targetHints":{"allow":["GET"]}}],"collection":[{"href":"https:\/\/de-prime.com\/index.php\/wp-json\/wp\/v2\/product"}],"about":[{"href":"https:\/\/de-prime.com\/index.php\/wp-json\/wp\/v2\/types\/product"}],"replies":[{"embeddable":true,"href":"https:\/\/de-prime.com\/index.php\/wp-json\/wp\/v2\/comments?post=57475"}],"wp:featuredmedia":[{"embeddable":true,"href":"https:\/\/de-prime.com\/index.php\/wp-json\/"}],"wp:attachment":[{"href":"https:\/\/de-prime.com\/index.php\/wp-json\/wp\/v2\/media?parent=57475"}],"wp:term":[{"taxonomy":"product_brand","embeddable":true,"href":"https:\/\/de-prime.com\/index.php\/wp-json\/wp\/v2\/product_brand?post=57475"},{"taxonomy":"product_cat","embeddable":true,"href":"https:\/\/de-prime.com\/index.php\/wp-json\/wp\/v2\/product_cat?post=57475"},{"taxonomy":"product_tag","embeddable":true,"href":"https:\/\/de-prime.com\/index.php\/wp-json\/wp\/v2\/product_tag?post=57475"}],"curies":[{"name":"wp","href":"https:\/\/api.w.org\/{rel}","templated":true}]}}