{"id":57469,"date":"2024-10-04T11:17:26","date_gmt":"2024-10-04T09:17:26","guid":{"rendered":"https:\/\/de-prime.com\/?p=57469"},"modified":"2024-10-04T11:17:26","modified_gmt":"2024-10-04T09:17:26","slug":"eko-tretmuelleimer-della-50-l-matt-silbern","status":"publish","type":"product","link":"https:\/\/de-prime.com\/index.php\/product\/eko-tretmuelleimer-della-50-l-matt-silbern\/","title":{"rendered":"EKO Tretm\u00fclleimer Della 50 L Matt Silbern"},"content":{"rendered":"<p>Der Della M\u00fclleimer in Mattsilbern von EKO ist ein sch\u00f6n gestalteter Treteimer mit einem 50-L-Inneneimer aus Kunststoff. Mit seinem praktischen hinteren Griff bietet er eine ideale L\u00f6sung zur Abfallentsorgung in jeder modernen K\u00fcche. Der Treteimer besteht aus geb\u00fcrstetem Edelstahl und ist mit einer cleveren fingerabdrucksicheren Beschichtung versehen. Er ist zudem mit einem ger\u00e4uschlos schlie\u00dfenden Deckel und Stay-Open-Funktion ausgestattet. Somit wird der Deckel verriegelt, um den Wechsel des M\u00fcllbeutels und\/oder die Herausnahme des Inneneimers zu erleichtern.<\/p>\n<ul>\n<li>Farbe: Mattsilber<\/li>\n<li>Material: Geb\u00fcrsteter Edelstahl und Kunststoff<\/li>\n<li>Abmessungen: 37,6 x 41,6 x 69,2 cm (B x T x H)<\/li>\n<li>Fassungsverm\u00f6gen: 50 L<\/li>\n<li>Mit herausnehmbarem Inneneimer aus Kunststoff<\/li>\n<li>Hinterer Griff<\/li>\n<li>Fingerabdrucksichere Beschichtung<\/li>\n<li>Ged\u00e4mpfter Soft-Close-Mechanismus<\/li>\n<li>Stay-Open-Funktion<\/li>\n<\/ul>\n","protected":false},"excerpt":{"rendered":"<ul>\n<li>Farbe: Mattsilber<\/li>\n<li>Material: Geb\u00fcrsteter Edelstahl und Kunststoff<\/li>\n<li>Abmessungen: 37,6 x 41,6 x 69,2 cm (B x T x H)<\/li>\n<li>Fassungsverm\u00f6gen: 50 L<\/li>\n<li>Mit herausnehmbarem Inneneimer aus Kunststoff<\/li>\n<li>Hinterer Griff<\/li>\n<li>Fingerabdrucksichere Beschichtung<\/li>\n<li>Ged\u00e4mpfter Soft-Close-Mechanismus<\/li>\n<li>Stay-Open-Funktion<\/li>\n<\/ul>\n","protected":false},"featured_media":10000057469,"comment_status":"closed","ping_status":"closed","template":"","meta":[],"product_brand":[],"product_cat":[7050,7049,7048],"product_tag":[],"class_list":{"0":"post-57469","1":"product","2":"type-product","3":"status-publish","4":"has-post-thumbnail","6":"product_cat-abfallbehaelter","7":"product_cat-haushaltsbedarf","8":"product_cat-heim-garten","10":"first","11":"instock","12":"taxable","13":"shipping-taxable","14":"purchasable","15":"product-type-simple","16":"add-to-wishlist-after_add_to_cart"},"jetpack_sharing_enabled":true,"_links":{"self":[{"href":"https:\/\/de-prime.com\/index.php\/wp-json\/wp\/v2\/product\/57469","targetHints":{"allow":["GET"]}}],"collection":[{"href":"https:\/\/de-prime.com\/index.php\/wp-json\/wp\/v2\/product"}],"about":[{"href":"https:\/\/de-prime.com\/index.php\/wp-json\/wp\/v2\/types\/product"}],"replies":[{"embeddable":true,"href":"https:\/\/de-prime.com\/index.php\/wp-json\/wp\/v2\/comments?post=57469"}],"wp:featuredmedia":[{"embeddable":true,"href":"https:\/\/de-prime.com\/index.php\/wp-json\/"}],"wp:attachment":[{"href":"https:\/\/de-prime.com\/index.php\/wp-json\/wp\/v2\/media?parent=57469"}],"wp:term":[{"taxonomy":"product_brand","embeddable":true,"href":"https:\/\/de-prime.com\/index.php\/wp-json\/wp\/v2\/product_brand?post=57469"},{"taxonomy":"product_cat","embeddable":true,"href":"https:\/\/de-prime.com\/index.php\/wp-json\/wp\/v2\/product_cat?post=57469"},{"taxonomy":"product_tag","embeddable":true,"href":"https:\/\/de-prime.com\/index.php\/wp-json\/wp\/v2\/product_tag?post=57469"}],"curies":[{"name":"wp","href":"https:\/\/api.w.org\/{rel}","templated":true}]}}