{"id":57466,"date":"2024-10-04T11:17:56","date_gmt":"2024-10-04T09:17:56","guid":{"rendered":"https:\/\/de-prime.com\/?p=57466"},"modified":"2024-10-04T11:17:56","modified_gmt":"2024-10-04T09:17:56","slug":"eko-tretmuelleimer-artistic-30-l-mattschwarz","status":"publish","type":"product","link":"https:\/\/de-prime.com\/index.php\/product\/eko-tretmuelleimer-artistic-30-l-mattschwarz\/","title":{"rendered":"EKO Tretm\u00fclleimer Artistic 30 L Mattschwarz"},"content":{"rendered":"<p>Der mattschwarze Artistic 30-L-Treteimer von EKO ist ein runder M\u00fclleimer aus geb\u00fcrstetem Edelstahl, der mit einer fingerabdrucksicheren Beschichtung und einem Kunststoffdeckel versehen ist. Er ist mit einem ged\u00e4mpft schlie\u00dfenden Deckel und einem Inneneimer aus Kunststoff ausgestattet. Dieser Abfalleimer bietet eine ideale L\u00f6sung zur Abfallentsorgung f\u00fcr jede moderne K\u00fcche.<\/p>\n<ul>\n<li>Farbe: Mattschwarz<\/li>\n<li>Material: Geb\u00fcrsteter Edelstahl und Kunststoff<\/li>\n<li>Ma\u00dfe: 29,2 x 36,6 x 65 cm (B x T x H)<\/li>\n<li>Fassungsverm\u00f6gen: 30 L<\/li>\n<li>Mit herausnehmbarem Inneneimer aus Kunststoff<\/li>\n<li>Fingerabdrucksichere Beschichtung<\/li>\n<li>Ged\u00e4mpfter Soft-Close-Mechanismus<\/li>\n<\/ul>\n","protected":false},"excerpt":{"rendered":"<ul>\n<li>Farbe: Mattschwarz<\/li>\n<li>Material: Geb\u00fcrsteter Edelstahl und Kunststoff<\/li>\n<li>Ma\u00dfe: 29,2 x 36,6 x 65 cm (B x T x H)<\/li>\n<li>Fassungsverm\u00f6gen: 30 L<\/li>\n<li>Mit herausnehmbarem Inneneimer aus Kunststoff<\/li>\n<li>Fingerabdrucksichere Beschichtung<\/li>\n<li>Ged\u00e4mpfter Soft-Close-Mechanismus<\/li>\n<\/ul>\n","protected":false},"featured_media":10000057466,"comment_status":"closed","ping_status":"closed","template":"","meta":[],"product_brand":[],"product_cat":[7050,7049,7048],"product_tag":[],"class_list":{"0":"post-57466","1":"product","2":"type-product","3":"status-publish","4":"has-post-thumbnail","6":"product_cat-abfallbehaelter","7":"product_cat-haushaltsbedarf","8":"product_cat-heim-garten","10":"first","11":"outofstock","12":"taxable","13":"shipping-taxable","14":"purchasable","15":"product-type-simple","16":"add-to-wishlist-after_add_to_cart"},"jetpack_sharing_enabled":true,"_links":{"self":[{"href":"https:\/\/de-prime.com\/index.php\/wp-json\/wp\/v2\/product\/57466","targetHints":{"allow":["GET"]}}],"collection":[{"href":"https:\/\/de-prime.com\/index.php\/wp-json\/wp\/v2\/product"}],"about":[{"href":"https:\/\/de-prime.com\/index.php\/wp-json\/wp\/v2\/types\/product"}],"replies":[{"embeddable":true,"href":"https:\/\/de-prime.com\/index.php\/wp-json\/wp\/v2\/comments?post=57466"}],"wp:featuredmedia":[{"embeddable":true,"href":"https:\/\/de-prime.com\/index.php\/wp-json\/"}],"wp:attachment":[{"href":"https:\/\/de-prime.com\/index.php\/wp-json\/wp\/v2\/media?parent=57466"}],"wp:term":[{"taxonomy":"product_brand","embeddable":true,"href":"https:\/\/de-prime.com\/index.php\/wp-json\/wp\/v2\/product_brand?post=57466"},{"taxonomy":"product_cat","embeddable":true,"href":"https:\/\/de-prime.com\/index.php\/wp-json\/wp\/v2\/product_cat?post=57466"},{"taxonomy":"product_tag","embeddable":true,"href":"https:\/\/de-prime.com\/index.php\/wp-json\/wp\/v2\/product_tag?post=57466"}],"curies":[{"name":"wp","href":"https:\/\/api.w.org\/{rel}","templated":true}]}}