{"id":57463,"date":"2024-10-04T11:18:26","date_gmt":"2024-10-04T09:18:26","guid":{"rendered":"https:\/\/de-prime.com\/?p=57463"},"modified":"2024-10-04T11:18:26","modified_gmt":"2024-10-04T09:18:26","slug":"eko-tretmuelleimer-ecocasa-30-l15-l-mattsilber","status":"publish","type":"product","link":"https:\/\/de-prime.com\/index.php\/product\/eko-tretmuelleimer-ecocasa-30-l15-l-mattsilber\/","title":{"rendered":"EKO Tretm\u00fclleimer EcoCasa 30 L+15 L Mattsilber"},"content":{"rendered":"<p>Der EcoCasa 45-L-Treteimer in Mattsilber von EKO ist ein stilvoller, rechteckiger M\u00fclleimer aus geb\u00fcrstetem Edelstahl, der mit einer fingerabdrucksicheren Beschichtung und Kunststoffgriffen versehen ist. Er ist mit einem ged\u00e4mpftem Deckel sowie zwei Inneneimern aus Kunststoff mit einem Fassungsverm\u00f6gen von 30 L und 15 L zur Abfalltrennung ausgestattet. Die Stay-Open-Funktion verriegelt den Deckel, um das Reinigen des Abfalleimers oder das Wechseln der Abfalls\u00e4cke zu erleichtern. Er bietet eine ideale L\u00f6sung zur Abfallentsorgung f\u00fcr jede moderne K\u00fcche.<\/p>\n<ul>\n<li>Farbe: Mattsilber<\/li>\n<li>Material: Geb\u00fcrsteter Edelstahl und Kunststoff<\/li>\n<li>Ma\u00dfe: 60,5 x 32,1 x 49,2 cm (B x T x H)<\/li>\n<li>Fassungsverm\u00f6gen: 45 L (30 L + 15 L)<\/li>\n<li>2 herausnehmbare Inneneimer aus Kunststoff<\/li>\n<li>Eingebaute Kunststoffgriffe<\/li>\n<li>Fingerabdrucksichere Beschichtung<\/li>\n<li>Ged\u00e4mpfter Soft-Close-Mechanismus<\/li>\n<li>Stay-Open-Funktion<\/li>\n<\/ul>\n","protected":false},"excerpt":{"rendered":"<ul>\n<li>Farbe: Mattsilber<\/li>\n<li>Material: Geb\u00fcrsteter Edelstahl und Kunststoff<\/li>\n<li>Ma\u00dfe: 60,5 x 32,1 x 49,2 cm (B x T x H)<\/li>\n<li>Fassungsverm\u00f6gen: 45 L (30 L + 15 L)<\/li>\n<li>2 herausnehmbare Inneneimer aus Kunststoff<\/li>\n<li>Eingebaute Kunststoffgriffe<\/li>\n<li>Fingerabdrucksichere Beschichtung<\/li>\n<li>Ged\u00e4mpfter Soft-Close-Mechanismus<\/li>\n<li>Stay-Open-Funktion<\/li>\n<\/ul>\n","protected":false},"featured_media":10000057463,"comment_status":"closed","ping_status":"closed","template":"","meta":[],"product_brand":[],"product_cat":[7050,7049,7048],"product_tag":[],"class_list":{"0":"post-57463","1":"product","2":"type-product","3":"status-publish","4":"has-post-thumbnail","6":"product_cat-abfallbehaelter","7":"product_cat-haushaltsbedarf","8":"product_cat-heim-garten","10":"first","11":"outofstock","12":"taxable","13":"shipping-taxable","14":"purchasable","15":"product-type-simple","16":"add-to-wishlist-after_add_to_cart"},"jetpack_sharing_enabled":true,"_links":{"self":[{"href":"https:\/\/de-prime.com\/index.php\/wp-json\/wp\/v2\/product\/57463","targetHints":{"allow":["GET"]}}],"collection":[{"href":"https:\/\/de-prime.com\/index.php\/wp-json\/wp\/v2\/product"}],"about":[{"href":"https:\/\/de-prime.com\/index.php\/wp-json\/wp\/v2\/types\/product"}],"replies":[{"embeddable":true,"href":"https:\/\/de-prime.com\/index.php\/wp-json\/wp\/v2\/comments?post=57463"}],"wp:featuredmedia":[{"embeddable":true,"href":"https:\/\/de-prime.com\/index.php\/wp-json\/"}],"wp:attachment":[{"href":"https:\/\/de-prime.com\/index.php\/wp-json\/wp\/v2\/media?parent=57463"}],"wp:term":[{"taxonomy":"product_brand","embeddable":true,"href":"https:\/\/de-prime.com\/index.php\/wp-json\/wp\/v2\/product_brand?post=57463"},{"taxonomy":"product_cat","embeddable":true,"href":"https:\/\/de-prime.com\/index.php\/wp-json\/wp\/v2\/product_cat?post=57463"},{"taxonomy":"product_tag","embeddable":true,"href":"https:\/\/de-prime.com\/index.php\/wp-json\/wp\/v2\/product_tag?post=57463"}],"curies":[{"name":"wp","href":"https:\/\/api.w.org\/{rel}","templated":true}]}}