{"id":57458,"date":"2024-10-04T11:18:57","date_gmt":"2024-10-04T09:18:57","guid":{"rendered":"https:\/\/de-prime.com\/?p=57458"},"modified":"2024-10-04T11:18:58","modified_gmt":"2024-10-04T09:18:58","slug":"eko-tretmuelleimer-essential-2x15-l-schwarz","status":"publish","type":"product","link":"https:\/\/de-prime.com\/index.php\/product\/eko-tretmuelleimer-essential-2x15-l-schwarz\/","title":{"rendered":"EKO Tretm\u00fclleimer Essential 2&#215;15 L Schwarz"},"content":{"rendered":"<p>Der schwarze Essential 30-L-Treteimer von EKO ist ein stilvoller, rechteckiger M\u00fclleimer aus geb\u00fcrstetem Edelstahl, der mit einer fingerabdrucksicheren Beschichtung und einem Kunststoffdeckel versehen ist. Er ist mit einem ged\u00e4mpftem Deckel sowie zwei 15-L-Inneneimern aus Kunststoff zur Abfalltrennung ausgestattet. Die Stay-Open-Funktion verriegelt den Deckel, um das Reinigen des Abfalleimers oder das Wechseln der Abfalls\u00e4cke zu erleichtern. Er bietet eine ideale L\u00f6sung zur Abfallentsorgung f\u00fcr jede moderne K\u00fcche.<\/p>\n<ul>\n<li>Farbe: Schwarz <\/li>\n<li>Material: Geb\u00fcrsteter Edelstahl und Kunststoff<\/li>\n<li>Ma\u00dfe: 46,2 x 38,8 x 41,1 cm (B x T x H)<\/li>\n<li>Fassungsverm\u00f6gen: 30 L (2&#215;15 L)<\/li>\n<li>2 x Herausnehmbarer 15-L-Inneneimer aus Kunststoff<\/li>\n<li>Fingerabdrucksichere Beschichtung<\/li>\n<li>Ged\u00e4mpfter Soft-Close-Mechanismus<\/li>\n<li>Stay-Open-Funktion<\/li>\n<\/ul>\n","protected":false},"excerpt":{"rendered":"<ul>\n<li>Farbe: Schwarz <\/li>\n<li>Material: Geb\u00fcrsteter Edelstahl und Kunststoff<\/li>\n<li>Ma\u00dfe: 46,2 x 38,8 x 41,1 cm (B x T x H)<\/li>\n<li>Fassungsverm\u00f6gen: 30 L (2&#215;15 L)<\/li>\n<li>2 x Herausnehmbarer 15-L-Inneneimer aus Kunststoff<\/li>\n<li>Fingerabdrucksichere Beschichtung<\/li>\n<li>Ged\u00e4mpfter Soft-Close-Mechanismus<\/li>\n<li>Stay-Open-Funktion<\/li>\n<\/ul>\n","protected":false},"featured_media":10000057458,"comment_status":"closed","ping_status":"closed","template":"","meta":[],"product_brand":[],"product_cat":[7050,7049,7048],"product_tag":[],"class_list":{"0":"post-57458","1":"product","2":"type-product","3":"status-publish","4":"has-post-thumbnail","6":"product_cat-abfallbehaelter","7":"product_cat-haushaltsbedarf","8":"product_cat-heim-garten","10":"first","11":"instock","12":"taxable","13":"shipping-taxable","14":"purchasable","15":"product-type-simple","16":"add-to-wishlist-after_add_to_cart"},"jetpack_sharing_enabled":true,"_links":{"self":[{"href":"https:\/\/de-prime.com\/index.php\/wp-json\/wp\/v2\/product\/57458","targetHints":{"allow":["GET"]}}],"collection":[{"href":"https:\/\/de-prime.com\/index.php\/wp-json\/wp\/v2\/product"}],"about":[{"href":"https:\/\/de-prime.com\/index.php\/wp-json\/wp\/v2\/types\/product"}],"replies":[{"embeddable":true,"href":"https:\/\/de-prime.com\/index.php\/wp-json\/wp\/v2\/comments?post=57458"}],"wp:featuredmedia":[{"embeddable":true,"href":"https:\/\/de-prime.com\/index.php\/wp-json\/"}],"wp:attachment":[{"href":"https:\/\/de-prime.com\/index.php\/wp-json\/wp\/v2\/media?parent=57458"}],"wp:term":[{"taxonomy":"product_brand","embeddable":true,"href":"https:\/\/de-prime.com\/index.php\/wp-json\/wp\/v2\/product_brand?post=57458"},{"taxonomy":"product_cat","embeddable":true,"href":"https:\/\/de-prime.com\/index.php\/wp-json\/wp\/v2\/product_cat?post=57458"},{"taxonomy":"product_tag","embeddable":true,"href":"https:\/\/de-prime.com\/index.php\/wp-json\/wp\/v2\/product_tag?post=57458"}],"curies":[{"name":"wp","href":"https:\/\/api.w.org\/{rel}","templated":true}]}}