{"id":57435,"date":"2024-10-02T16:49:57","date_gmt":"2024-10-02T14:49:57","guid":{"rendered":"https:\/\/de-prime.com\/?p=57435"},"modified":"2024-10-02T16:49:57","modified_gmt":"2024-10-02T14:49:57","slug":"schwangerschaftskissen-j-foermig-54x36-43-cm-blau","status":"publish","type":"product","link":"https:\/\/de-prime.com\/index.php\/product\/schwangerschaftskissen-j-foermig-54x36-43-cm-blau\/","title":{"rendered":"Schwangerschaftskissen J-f\u00f6rmig 54x(36-43) cm Blau"},"content":{"rendered":"<p>Sichern Sie sich einen guten Schlaf mit unserem J-f\u00f6rmigen Schwangerschaftskissen. Es dient optimal zur Abst\u00fctzung des Kopfes, des Nackens, der Schultern, des R\u00fcckens und des Bauchs gleicherma\u00dfen. Zudem st\u00fctzt es Ihr Baby beim Stillen und erm\u00f6glicht Ihnen, Ihr Baby auf die H\u00f6he Ihrer Brust zu heben, w\u00e4hrend es sich wunderbar als gepolsterte St\u00fctze f\u00fcr Ihren R\u00fccken einsetzen l\u00e4sst. Aus hochwertiger Mikrofaser mit PP-Baumwoll-F\u00fcllung gefertigt, ist das Kissen weich und langlebig. Der Kissenbezug ist leicht abnehmbar und kann bei einer Temperatur von bis zu 40\u2103 gewaschen werden.<\/p>\n<ul>\n<li>Farbe: Blau<\/li>\n<li>Material: Mikrofaser mit PP Baumwoll-F\u00fcllung<\/li>\n<li>Gr\u00f6\u00dfe: 54 x (36-43) cm (L x B)<\/li>\n<li>J-f\u00f6rmig<\/li>\n<li>Abnehmbarer und waschbarer Kissenbezug<\/li>\n<li>Ideal f\u00fcr schwangere Frauen oder stillende M\u00fctter<\/li>\n<li>Material: Polyester: 100%<\/li>\n<\/ul>\n","protected":false},"excerpt":{"rendered":"<ul>\n<li>Farbe: Blau<\/li>\n<li>Material: Mikrofaser mit PP Baumwoll-F\u00fcllung<\/li>\n<li>Gr\u00f6\u00dfe: 54 x (36-43) cm (L x B)<\/li>\n<li>J-f\u00f6rmig<\/li>\n<li>Abnehmbarer und waschbarer Kissenbezug<\/li>\n<li>Ideal f\u00fcr schwangere Frauen oder stillende M\u00fctter<\/li>\n<li>Material: Polyester: 100%<\/li>\n<\/ul>\n","protected":false},"featured_media":10000057435,"comment_status":"closed","ping_status":"closed","template":"","meta":[],"product_brand":[],"product_cat":[7045,7046],"product_tag":[],"class_list":{"0":"post-57435","1":"product","2":"type-product","3":"status-publish","4":"has-post-thumbnail","6":"product_cat-stillen-fuettern","7":"product_cat-stillkissen","9":"first","10":"instock","11":"taxable","12":"shipping-taxable","13":"purchasable","14":"product-type-simple","15":"add-to-wishlist-after_add_to_cart"},"jetpack_sharing_enabled":true,"_links":{"self":[{"href":"https:\/\/de-prime.com\/index.php\/wp-json\/wp\/v2\/product\/57435","targetHints":{"allow":["GET"]}}],"collection":[{"href":"https:\/\/de-prime.com\/index.php\/wp-json\/wp\/v2\/product"}],"about":[{"href":"https:\/\/de-prime.com\/index.php\/wp-json\/wp\/v2\/types\/product"}],"replies":[{"embeddable":true,"href":"https:\/\/de-prime.com\/index.php\/wp-json\/wp\/v2\/comments?post=57435"}],"wp:featuredmedia":[{"embeddable":true,"href":"https:\/\/de-prime.com\/index.php\/wp-json\/"}],"wp:attachment":[{"href":"https:\/\/de-prime.com\/index.php\/wp-json\/wp\/v2\/media?parent=57435"}],"wp:term":[{"taxonomy":"product_brand","embeddable":true,"href":"https:\/\/de-prime.com\/index.php\/wp-json\/wp\/v2\/product_brand?post=57435"},{"taxonomy":"product_cat","embeddable":true,"href":"https:\/\/de-prime.com\/index.php\/wp-json\/wp\/v2\/product_cat?post=57435"},{"taxonomy":"product_tag","embeddable":true,"href":"https:\/\/de-prime.com\/index.php\/wp-json\/wp\/v2\/product_tag?post=57435"}],"curies":[{"name":"wp","href":"https:\/\/api.w.org\/{rel}","templated":true}]}}