{"id":57432,"date":"2024-10-02T16:39:14","date_gmt":"2024-10-02T14:39:14","guid":{"rendered":"https:\/\/de-prime.com\/?p=57432"},"modified":"2024-10-02T16:39:14","modified_gmt":"2024-10-02T14:39:14","slug":"bo-jungle-5-tlg-baby-geschirr-set-cpla-grau-2","status":"publish","type":"product","link":"https:\/\/de-prime.com\/index.php\/product\/bo-jungle-5-tlg-baby-geschirr-set-cpla-grau-2\/","title":{"rendered":"Bo Jungle 5-tlg. Baby-Geschirr-Set CPLA Grau"},"content":{"rendered":"<p>Dieses 5-teilige Geschirr-Set von Bo Jungle f\u00fcr Babys aus Bio-Kunststoff wurde entwickelt, um sowohl Ihrem Kind als auch unserem Planeten zu sch\u00fctzen. Das Geschirr-Set enth\u00e4lt einen Babyteller, eine Babyschale, ein Babyglas, eine Gabel und einen L\u00f6ffel. Die jeweiligen Gr\u00f6\u00dfen und Formen sind speziell f\u00fcr die kleinen H\u00e4nde Ihres Babys konzipiert. Das Bio-Kunststoffmaterial ist frei von Chemikalien und sicher f\u00fcr das Portionieren von Babynahrung. Diese Artikel sind sogar f\u00fcr die Sp\u00fclmaschine und die Mikrowelle (max. 100\u00b0C) geeignet. Mit diesem Teller, der Sch\u00fcssel und der Tasse kann Ihr Kind lernen, selbstst\u00e4ndig zu essen!<\/p>\n<ul>\n<li>Farbe: Blau<\/li>\n<li>Material: Kunststoff<\/li>\n<li>Abmessungen: 18 x 8 x 8 cm (L x B x H)<\/li>\n<li>Gr\u00f6\u00dfen und Formen f\u00fcr kleine Babyh\u00e4nde<\/li>\n<li>Sp\u00fclmaschinen- und mikrowellengeeignet (max. 100 \u00b0C)<\/li>\n<li>Altersempfehlung: ab 4 Monate<\/li>\n<li><strong>Lieferung beinhaltet<\/strong>:<\/li>\n<li>1 x Babyteller<\/li>\n<li>1 x Babyschale<\/li>\n<li>1 x Babyglas<\/li>\n<li>1 x Gabel<\/li>\n<li>1 x L\u00f6ffel<\/li>\n<\/ul>\n","protected":false},"excerpt":{"rendered":"<ul>\n<li>Farbe: Blau<\/li>\n<li>Material: Kunststoff<\/li>\n<li>Abmessungen: 18 x 8 x 8 cm (L x B x H)<\/li>\n<li>Gr\u00f6\u00dfen und Formen f\u00fcr kleine Babyh\u00e4nde<\/li>\n<li>Sp\u00fclmaschinen- und mikrowellengeeignet (max. 100 \u00b0C)<\/li>\n<li>Altersempfehlung: ab 4 Monate<\/li>\n<li><strong>Lieferung beinhaltet<\/strong>:<\/li>\n<li>1 x Babyteller<\/li>\n<li>1 x Babyschale<\/li>\n<li>1 x Babyglas<\/li>\n<li>1 x Gabel<\/li>\n<li>1 x L\u00f6ffel<\/li>\n<\/ul>\n","protected":false},"featured_media":10000057432,"comment_status":"closed","ping_status":"closed","template":"","meta":[],"product_brand":[],"product_cat":[7045],"product_tag":[],"class_list":{"0":"post-57432","1":"product","2":"type-product","3":"status-publish","4":"has-post-thumbnail","6":"product_cat-stillen-fuettern","8":"first","9":"outofstock","10":"taxable","11":"shipping-taxable","12":"purchasable","13":"product-type-simple","14":"add-to-wishlist-after_add_to_cart"},"jetpack_sharing_enabled":true,"_links":{"self":[{"href":"https:\/\/de-prime.com\/index.php\/wp-json\/wp\/v2\/product\/57432","targetHints":{"allow":["GET"]}}],"collection":[{"href":"https:\/\/de-prime.com\/index.php\/wp-json\/wp\/v2\/product"}],"about":[{"href":"https:\/\/de-prime.com\/index.php\/wp-json\/wp\/v2\/types\/product"}],"replies":[{"embeddable":true,"href":"https:\/\/de-prime.com\/index.php\/wp-json\/wp\/v2\/comments?post=57432"}],"wp:featuredmedia":[{"embeddable":true,"href":"https:\/\/de-prime.com\/index.php\/wp-json\/"}],"wp:attachment":[{"href":"https:\/\/de-prime.com\/index.php\/wp-json\/wp\/v2\/media?parent=57432"}],"wp:term":[{"taxonomy":"product_brand","embeddable":true,"href":"https:\/\/de-prime.com\/index.php\/wp-json\/wp\/v2\/product_brand?post=57432"},{"taxonomy":"product_cat","embeddable":true,"href":"https:\/\/de-prime.com\/index.php\/wp-json\/wp\/v2\/product_cat?post=57432"},{"taxonomy":"product_tag","embeddable":true,"href":"https:\/\/de-prime.com\/index.php\/wp-json\/wp\/v2\/product_tag?post=57432"}],"curies":[{"name":"wp","href":"https:\/\/api.w.org\/{rel}","templated":true}]}}