{"id":57430,"date":"2024-10-02T16:50:31","date_gmt":"2024-10-02T14:50:31","guid":{"rendered":"https:\/\/de-prime.com\/?p=57430"},"modified":"2024-10-02T16:50:31","modified_gmt":"2024-10-02T14:50:31","slug":"disney-baby-aktivitaetsspielzeug-the-little-mermaid","status":"publish","type":"product","link":"https:\/\/de-prime.com\/index.php\/product\/disney-baby-aktivitaetsspielzeug-the-little-mermaid\/","title":{"rendered":"Disney Baby-Aktivit\u00e4tsspielzeug The Little Mermaid"},"content":{"rendered":"<p>Mit dem Disney Baby The Little Mermaid Aktivit\u00e4tsspielzeug mit Muschelhaube k\u00f6nnen Sie eine Unterwasserparty feiern. Begleiten Sie Ariel, Sebastian, Flunder und Co. in eine Welt voller tropischer Melodien und glitzernder Meereslichter unter einer zarten Muschel. Ihr Baby wird viele Aktivit\u00e4ten in diesem Spielger\u00e4t erkunden, dessen Spielzeuge sich auch abnehmen lassen, um unterwegs spielen zu k\u00f6nnen. Von der Bauchzeit bis zum Sitzen und Spielen &#8211; Ihr kleines M\u00e4dchen oder Ihr kleiner Junge wird viel zu entdecken haben, w\u00e4hrend es w\u00e4chst. Dieses Spielzeug ist f\u00fcr Neugeborene und Kleinkinder geeignet und damit ein s\u00fc\u00dfes und besonderes Geschenk, das Familien vom ersten Tag an genie\u00dfen k\u00f6nnen. Er wird mit drei AA-Batterien betrieben (nicht im Lieferumfang enthalten).<\/p>\n<ul>\n<li>Farbe: Mehrfarbig<\/li>\n<li>Material: Polyester<\/li>\n<li>Abmessungen: 81,28 x 81,28 x 48,26 cm (L x B x H)<\/li>\n<li>Spieldecke mit bunter Regenbogenschale und funkelnden Lichtern<\/li>\n<li>\u00dcber 25 Minuten magische Melodien<\/li>\n<li>Bauchkissen erm\u00f6glicht es dem Baby, eine Vielzahl von Spielzeugen zu entdecken<\/li>\n<li>Einfacher Zusammenbau<\/li>\n<li>Empfohlenes Alter: Ab der Geburt<\/li>\n<li>Ben\u00f6tigte Batterie: 3 x AA-Batterie (nicht im Lieferumfang enthalten)<\/li>\n<li>Im Lieferumfang enthalten sind verschiedene lustige, abnehmbare Spielzeuge<\/li>\n<\/ul>\n","protected":false},"excerpt":{"rendered":"<ul>\n<li>Farbe: Mehrfarbig<\/li>\n<li>Material: Polyester<\/li>\n<li>Abmessungen: 81,28 x 81,28 x 48,26 cm (L x B x H)<\/li>\n<li>Spieldecke mit bunter Regenbogenschale und funkelnden Lichtern<\/li>\n<li>\u00dcber 25 Minuten magische Melodien<\/li>\n<li>Bauchkissen erm\u00f6glicht es dem Baby, eine Vielzahl von Spielzeugen zu entdecken<\/li>\n<li>Einfacher Zusammenbau<\/li>\n<li>Empfohlenes Alter: Ab der Geburt<\/li>\n<li>Ben\u00f6tigte Batterie: 3 x AA-Batterie (nicht im Lieferumfang enthalten)<\/li>\n<li>Im Lieferumfang enthalten sind verschiedene lustige, abnehmbare Spielzeuge<\/li>\n<\/ul>\n","protected":false},"featured_media":10000057430,"comment_status":"closed","ping_status":"closed","template":"","meta":[],"product_brand":[],"product_cat":[7044],"product_tag":[],"class_list":{"0":"post-57430","1":"product","2":"type-product","3":"status-publish","4":"has-post-thumbnail","6":"product_cat-spiel-krabbeldecken","8":"first","9":"outofstock","10":"taxable","11":"shipping-taxable","12":"purchasable","13":"product-type-simple","14":"add-to-wishlist-after_add_to_cart"},"jetpack_sharing_enabled":true,"_links":{"self":[{"href":"https:\/\/de-prime.com\/index.php\/wp-json\/wp\/v2\/product\/57430","targetHints":{"allow":["GET"]}}],"collection":[{"href":"https:\/\/de-prime.com\/index.php\/wp-json\/wp\/v2\/product"}],"about":[{"href":"https:\/\/de-prime.com\/index.php\/wp-json\/wp\/v2\/types\/product"}],"replies":[{"embeddable":true,"href":"https:\/\/de-prime.com\/index.php\/wp-json\/wp\/v2\/comments?post=57430"}],"wp:featuredmedia":[{"embeddable":true,"href":"https:\/\/de-prime.com\/index.php\/wp-json\/"}],"wp:attachment":[{"href":"https:\/\/de-prime.com\/index.php\/wp-json\/wp\/v2\/media?parent=57430"}],"wp:term":[{"taxonomy":"product_brand","embeddable":true,"href":"https:\/\/de-prime.com\/index.php\/wp-json\/wp\/v2\/product_brand?post=57430"},{"taxonomy":"product_cat","embeddable":true,"href":"https:\/\/de-prime.com\/index.php\/wp-json\/wp\/v2\/product_cat?post=57430"},{"taxonomy":"product_tag","embeddable":true,"href":"https:\/\/de-prime.com\/index.php\/wp-json\/wp\/v2\/product_tag?post=57430"}],"curies":[{"name":"wp","href":"https:\/\/api.w.org\/{rel}","templated":true}]}}