{"id":57429,"date":"2024-10-02T16:50:31","date_gmt":"2024-10-02T14:50:31","guid":{"rendered":"https:\/\/de-prime.com\/?p=57429"},"modified":"2024-10-02T16:50:31","modified_gmt":"2024-10-02T14:50:31","slug":"ingenuity-spieldecke-zweiseitig-cozy-spot","status":"publish","type":"product","link":"https:\/\/de-prime.com\/index.php\/product\/ingenuity-spieldecke-zweiseitig-cozy-spot\/","title":{"rendered":"Ingenuity Spieldecke Zweiseitig Cozy Spot"},"content":{"rendered":"<p>Die zweiseitige Erlebnisdecke Cosy Spotlicht von Ingenuity ist speziell entwickelt worden, um die fr\u00fche Entwicklung Ihres Babys zu f\u00f6rdern. Der gro\u00dfe und ultraweiche Krabbeldecke mit Spielbogen bietet auch Neugeborenen einen kuscheligen, komfortablen Platz. Dies wurde entwickelt, um die visuelle Stimulation Ihres Babys in den fr\u00fchen Stadien zu f\u00f6rdern. Die faltbaren Spielb\u00f6gen aus Holz werden mit abnehmbaren Spielzeugen f\u00fcr die multisensorische Entwicklung geliefert. Wenn Ihre Kinder gewachsen sind, k\u00f6nnen Sie die B\u00f6gen entfernen, um eine Spielmatte mit noch aufregenderen Aktivit\u00e4ten freizulegen. Au\u00dferdem unterst\u00fctzt das Bauchkissen das Baby w\u00e4hrend der Bauchzeit. Diese Spielmatte ist f\u00fcr den einfachen Transport in zwei Teile faltbar. Die bequeme Spieldecke ist leicht sauber zu halten, da sie in der Waschmaschine gewaschen werden kann.<\/p>\n<ul>\n<li>Farbe: Mehrfarbig<\/li>\n<li>Material: Polyester und Holz<\/li>\n<li>Abmessungen: 84 x 84 x 48,5 cm (L x B x H)<\/li>\n<li>3 Spielm\u00f6glichkeiten: Liegen, Sitzen oder Bauchzeit<\/li>\n<li>Faltbare Holzb\u00f6gen und 5 abnehmbare Spielzeuge<\/li>\n<li>Mit Bauchkissen<\/li>\n<li>Maschinenwaschbare, wendbare, ultra-weiche Erlebnisdecke<\/li>\n<li>Zusammenklappbar und an Griffen tragbar<\/li>\n<li>Leicht zu reinigen und mitzunehmen<\/li>\n<li>Einfache Lagerung<\/li>\n<li>Geschlechtsneutrales Design<\/li>\n<li>Zusammenbau erforderlich: Ja<\/li>\n<li>Altersempfehlung: 0 &#8211; 36 Monate<\/li>\n<\/ul>\n","protected":false},"excerpt":{"rendered":"<ul>\n<li>Farbe: Mehrfarbig<\/li>\n<li>Material: Polyester und Holz<\/li>\n<li>Abmessungen: 84 x 84 x 48,5 cm (L x B x H)<\/li>\n<li>3 Spielm\u00f6glichkeiten: Liegen, Sitzen oder Bauchzeit<\/li>\n<li>Faltbare Holzb\u00f6gen und 5 abnehmbare Spielzeuge<\/li>\n<li>Mit Bauchkissen<\/li>\n<li>Maschinenwaschbare, wendbare, ultra-weiche Erlebnisdecke<\/li>\n<li>Zusammenklappbar und an Griffen tragbar<\/li>\n<li>Leicht zu reinigen und mitzunehmen<\/li>\n<li>Einfache Lagerung<\/li>\n<li>Geschlechtsneutrales Design<\/li>\n<li>Zusammenbau erforderlich: Ja<\/li>\n<li>Altersempfehlung: 0 &#8211; 36 Monate<\/li>\n<\/ul>\n","protected":false},"featured_media":10000057429,"comment_status":"closed","ping_status":"closed","template":"","meta":[],"product_brand":[],"product_cat":[7044],"product_tag":[],"class_list":{"0":"post-57429","1":"product","2":"type-product","3":"status-publish","4":"has-post-thumbnail","6":"product_cat-spiel-krabbeldecken","8":"first","9":"outofstock","10":"taxable","11":"shipping-taxable","12":"purchasable","13":"product-type-simple","14":"add-to-wishlist-after_add_to_cart"},"jetpack_sharing_enabled":true,"_links":{"self":[{"href":"https:\/\/de-prime.com\/index.php\/wp-json\/wp\/v2\/product\/57429","targetHints":{"allow":["GET"]}}],"collection":[{"href":"https:\/\/de-prime.com\/index.php\/wp-json\/wp\/v2\/product"}],"about":[{"href":"https:\/\/de-prime.com\/index.php\/wp-json\/wp\/v2\/types\/product"}],"replies":[{"embeddable":true,"href":"https:\/\/de-prime.com\/index.php\/wp-json\/wp\/v2\/comments?post=57429"}],"wp:featuredmedia":[{"embeddable":true,"href":"https:\/\/de-prime.com\/index.php\/wp-json\/"}],"wp:attachment":[{"href":"https:\/\/de-prime.com\/index.php\/wp-json\/wp\/v2\/media?parent=57429"}],"wp:term":[{"taxonomy":"product_brand","embeddable":true,"href":"https:\/\/de-prime.com\/index.php\/wp-json\/wp\/v2\/product_brand?post=57429"},{"taxonomy":"product_cat","embeddable":true,"href":"https:\/\/de-prime.com\/index.php\/wp-json\/wp\/v2\/product_cat?post=57429"},{"taxonomy":"product_tag","embeddable":true,"href":"https:\/\/de-prime.com\/index.php\/wp-json\/wp\/v2\/product_tag?post=57429"}],"curies":[{"name":"wp","href":"https:\/\/api.w.org\/{rel}","templated":true}]}}