{"id":57411,"date":"2024-10-02T16:40:36","date_gmt":"2024-10-02T14:40:36","guid":{"rendered":"https:\/\/de-prime.com\/?p=57411"},"modified":"2024-10-02T16:40:36","modified_gmt":"2024-10-02T14:40:36","slug":"2-in-1-kinderwagen-anthrazit-stahl","status":"publish","type":"product","link":"https:\/\/de-prime.com\/index.php\/product\/2-in-1-kinderwagen-anthrazit-stahl\/","title":{"rendered":"2-in-1 Kinderwagen Anthrazit Stahl"},"content":{"rendered":"<p>Dieser komfortable Kombi-Kinderwagen ist ein Buggy und ein Kinderwagen in einem. Der Stahlrahmen sorgt daf\u00fcr, dass der Reisebuggy robust und langlebig bleibt. Der praktische und bequeme Kombi-Kinderwagen hat eine verstellbare R\u00fcckenlehne und Fu\u00dfst\u00fctze, so dass Ihr Kind immer die bequemste Position zum Sitzen oder Schlafen findet. Das verstellbare und erweiterbare Verdeck sch\u00fctzt Ihr Kind vor sch\u00e4dlichen UV-Strahlen w\u00e4hrend der 5-Punkt-Sicherheitsgurt f\u00fcr die Sicherheit des Babys sorgt. Unter dem Kinderwagen befindet sich ein Korb f\u00fcr zus\u00e4tzlichen Stauraum. Dank des klappbaren Designs ist der Buggy leicht zu transportieren und zu verstauen.<\/p>\n<ul>\n<li>Farbe: Anthrazit<\/li>\n<li>Material: Stahl, Leinen<\/li>\n<li>Abmessungen: 49 x 82 x 99 cm (B x T x H)<\/li>\n<li>Zusammenbau erforderlich: Ja<\/li>\n<\/ul>\n","protected":false},"excerpt":{"rendered":"<ul>\n<li>Farbe: Anthrazit<\/li>\n<li>Material: Stahl, Leinen<\/li>\n<li>Abmessungen: 49 x 82 x 99 cm (B x T x H)<\/li>\n<li>Zusammenbau erforderlich: Ja<\/li>\n<\/ul>\n","protected":false},"featured_media":10000057411,"comment_status":"closed","ping_status":"closed","template":"","meta":[],"product_brand":[],"product_cat":[7041],"product_tag":[],"class_list":{"0":"post-57411","1":"product","2":"type-product","3":"status-publish","4":"has-post-thumbnail","6":"product_cat-kinderwagen","8":"first","9":"instock","10":"taxable","11":"shipping-taxable","12":"purchasable","13":"product-type-simple","14":"add-to-wishlist-after_add_to_cart"},"jetpack_sharing_enabled":true,"_links":{"self":[{"href":"https:\/\/de-prime.com\/index.php\/wp-json\/wp\/v2\/product\/57411","targetHints":{"allow":["GET"]}}],"collection":[{"href":"https:\/\/de-prime.com\/index.php\/wp-json\/wp\/v2\/product"}],"about":[{"href":"https:\/\/de-prime.com\/index.php\/wp-json\/wp\/v2\/types\/product"}],"replies":[{"embeddable":true,"href":"https:\/\/de-prime.com\/index.php\/wp-json\/wp\/v2\/comments?post=57411"}],"wp:featuredmedia":[{"embeddable":true,"href":"https:\/\/de-prime.com\/index.php\/wp-json\/"}],"wp:attachment":[{"href":"https:\/\/de-prime.com\/index.php\/wp-json\/wp\/v2\/media?parent=57411"}],"wp:term":[{"taxonomy":"product_brand","embeddable":true,"href":"https:\/\/de-prime.com\/index.php\/wp-json\/wp\/v2\/product_brand?post=57411"},{"taxonomy":"product_cat","embeddable":true,"href":"https:\/\/de-prime.com\/index.php\/wp-json\/wp\/v2\/product_cat?post=57411"},{"taxonomy":"product_tag","embeddable":true,"href":"https:\/\/de-prime.com\/index.php\/wp-json\/wp\/v2\/product_tag?post=57411"}],"curies":[{"name":"wp","href":"https:\/\/api.w.org\/{rel}","templated":true}]}}