{"id":57405,"date":"2024-10-02T16:40:37","date_gmt":"2024-10-02T14:40:37","guid":{"rendered":"https:\/\/de-prime.com\/?p=57405"},"modified":"2024-10-02T16:40:37","modified_gmt":"2024-10-02T14:40:37","slug":"tandem-zwillingskinderwagen-marineblau-stahl","status":"publish","type":"product","link":"https:\/\/de-prime.com\/index.php\/product\/tandem-zwillingskinderwagen-marineblau-stahl\/","title":{"rendered":"Tandem-Zwillingskinderwagen Marineblau Stahl"},"content":{"rendered":"<p>Dieser Zwillingskinderwagen ist perfekt, um deine Kinder auf einen Spaziergang, Ausflug oder beim Einkaufen mitzunehmen. Dieser Zwillingswagen ist aus Stahl und Leinen gefertigt, was ihn robust und komfortabel macht. Das verstellbare Verdeck wird deine Kinder vor UV-Strahlen sch\u00fctzen. An der Unterseite befindet sich auch ein Korb, in dem Spielzeug, Lebensmittel, Decken usw. im Kinderwagen mitgenommen werden k\u00f6nnen. Zudem l\u00e4sst sich der Tandem-Kinderwagen f\u00fcr eine platzsparende Aufbewahrung oder den Transport einfach und kompakt zusammenklappen.<\/p>\n<ul>\n<li>Farbe: Marineblau und Schwarz<\/li>\n<li>Material: Stahl, Leinen<\/li>\n<li>Abmessungen: 122,5 x 53,5 x 111 cm (L x B x H)<\/li>\n<li>Klappbares Design<\/li>\n<li>Zusammenbau erforderlich: Ja<\/li>\n<\/ul>\n","protected":false},"excerpt":{"rendered":"<ul>\n<li>Farbe: Marineblau und Schwarz<\/li>\n<li>Material: Stahl, Leinen<\/li>\n<li>Abmessungen: 122,5 x 53,5 x 111 cm (L x B x H)<\/li>\n<li>Klappbares Design<\/li>\n<li>Zusammenbau erforderlich: Ja<\/li>\n<\/ul>\n","protected":false},"featured_media":10000057405,"comment_status":"closed","ping_status":"closed","template":"","meta":[],"product_brand":[],"product_cat":[7041],"product_tag":[],"class_list":{"0":"post-57405","1":"product","2":"type-product","3":"status-publish","4":"has-post-thumbnail","6":"product_cat-kinderwagen","8":"first","9":"instock","10":"taxable","11":"shipping-taxable","12":"purchasable","13":"product-type-simple","14":"add-to-wishlist-after_add_to_cart"},"jetpack_sharing_enabled":true,"_links":{"self":[{"href":"https:\/\/de-prime.com\/index.php\/wp-json\/wp\/v2\/product\/57405","targetHints":{"allow":["GET"]}}],"collection":[{"href":"https:\/\/de-prime.com\/index.php\/wp-json\/wp\/v2\/product"}],"about":[{"href":"https:\/\/de-prime.com\/index.php\/wp-json\/wp\/v2\/types\/product"}],"replies":[{"embeddable":true,"href":"https:\/\/de-prime.com\/index.php\/wp-json\/wp\/v2\/comments?post=57405"}],"wp:featuredmedia":[{"embeddable":true,"href":"https:\/\/de-prime.com\/index.php\/wp-json\/"}],"wp:attachment":[{"href":"https:\/\/de-prime.com\/index.php\/wp-json\/wp\/v2\/media?parent=57405"}],"wp:term":[{"taxonomy":"product_brand","embeddable":true,"href":"https:\/\/de-prime.com\/index.php\/wp-json\/wp\/v2\/product_brand?post=57405"},{"taxonomy":"product_cat","embeddable":true,"href":"https:\/\/de-prime.com\/index.php\/wp-json\/wp\/v2\/product_cat?post=57405"},{"taxonomy":"product_tag","embeddable":true,"href":"https:\/\/de-prime.com\/index.php\/wp-json\/wp\/v2\/product_tag?post=57405"}],"curies":[{"name":"wp","href":"https:\/\/api.w.org\/{rel}","templated":true}]}}