{"id":57400,"date":"2024-10-02T16:40:38","date_gmt":"2024-10-02T14:40:38","guid":{"rendered":"https:\/\/de-prime.com\/?p=57400"},"modified":"2024-10-02T16:40:38","modified_gmt":"2024-10-02T14:40:38","slug":"zwillingskinderwagen-rot-stahl","status":"publish","type":"product","link":"https:\/\/de-prime.com\/index.php\/product\/zwillingskinderwagen-rot-stahl\/","title":{"rendered":"Zwillingskinderwagen Rot Stahl"},"content":{"rendered":"<p>Dieser bequeme Zwillingswagen ist perfekt, um deine Kinder auf einen Spaziergang, Ausflug oder beim Einkaufen mitzunehmen. Dieser Kinderwagen verf\u00fcgt \u00fcber eine Stahlkonstruktion, die ihn robust und langlebig macht. Deine Babys werden in diesem Geschwisterwagen immer eine bequeme Position einnehmen k\u00f6nnen. Das Verdeck sch\u00fctzt die Kleinen vor sch\u00e4dlichen UV-Strahlen. Der Korb unten dient zur Aufbewahrung von Babyzubeh\u00f6r und Spielzeug. Au\u00dferdem l\u00e4sst sich der Kinderwagen schnell auf ein kompaktes Ma\u00df zusammenklappen, wodurch er einfach verstaut und transportiert werden kann.<\/p>\n<ul>\n<li>Farbe: Rot<\/li>\n<li>Material: Stahl, Leinen<\/li>\n<li>Gesamtma\u00dfe: 80 x 96 x 104 cm (L x B x H)<\/li>\n<li>Klappbares Design<\/li>\n<li>Zusammenbau erforderlich: Ja<\/li>\n<\/ul>\n","protected":false},"excerpt":{"rendered":"<ul>\n<li>Farbe: Rot<\/li>\n<li>Material: Stahl, Leinen<\/li>\n<li>Gesamtma\u00dfe: 80 x 96 x 104 cm (L x B x H)<\/li>\n<li>Klappbares Design<\/li>\n<li>Zusammenbau erforderlich: Ja<\/li>\n<\/ul>\n","protected":false},"featured_media":10000057400,"comment_status":"closed","ping_status":"closed","template":"","meta":[],"product_brand":[],"product_cat":[7041],"product_tag":[],"class_list":{"0":"post-57400","1":"product","2":"type-product","3":"status-publish","4":"has-post-thumbnail","6":"product_cat-kinderwagen","8":"first","9":"instock","10":"taxable","11":"shipping-taxable","12":"purchasable","13":"product-type-simple","14":"add-to-wishlist-after_add_to_cart"},"jetpack_sharing_enabled":true,"_links":{"self":[{"href":"https:\/\/de-prime.com\/index.php\/wp-json\/wp\/v2\/product\/57400","targetHints":{"allow":["GET"]}}],"collection":[{"href":"https:\/\/de-prime.com\/index.php\/wp-json\/wp\/v2\/product"}],"about":[{"href":"https:\/\/de-prime.com\/index.php\/wp-json\/wp\/v2\/types\/product"}],"replies":[{"embeddable":true,"href":"https:\/\/de-prime.com\/index.php\/wp-json\/wp\/v2\/comments?post=57400"}],"wp:featuredmedia":[{"embeddable":true,"href":"https:\/\/de-prime.com\/index.php\/wp-json\/"}],"wp:attachment":[{"href":"https:\/\/de-prime.com\/index.php\/wp-json\/wp\/v2\/media?parent=57400"}],"wp:term":[{"taxonomy":"product_brand","embeddable":true,"href":"https:\/\/de-prime.com\/index.php\/wp-json\/wp\/v2\/product_brand?post=57400"},{"taxonomy":"product_cat","embeddable":true,"href":"https:\/\/de-prime.com\/index.php\/wp-json\/wp\/v2\/product_cat?post=57400"},{"taxonomy":"product_tag","embeddable":true,"href":"https:\/\/de-prime.com\/index.php\/wp-json\/wp\/v2\/product_tag?post=57400"}],"curies":[{"name":"wp","href":"https:\/\/api.w.org\/{rel}","templated":true}]}}