{"id":57376,"date":"2024-10-02T16:37:51","date_gmt":"2024-10-02T14:37:51","guid":{"rendered":"https:\/\/de-prime.com\/?p=57376"},"modified":"2024-10-02T16:37:51","modified_gmt":"2024-10-02T14:37:51","slug":"tandem-kinderwagen-stahl-rosa-und-schwarz","status":"publish","type":"product","link":"https:\/\/de-prime.com\/index.php\/product\/tandem-kinderwagen-stahl-rosa-und-schwarz\/","title":{"rendered":"Tandem-Kinderwagen Stahl Rosa und Schwarz"},"content":{"rendered":"<p>Dieser komfortable Tandem-Kinderwagen ist perfekt f\u00fcr einen Spaziergang mit deinen beiden Kleinkindern. Mit einem Stahlrahmen ausgestattet, ist dieser Kinderwagen sehr langlebig, robust und vielseitig. Dieser komfortable Kinderwagen hat 2 faltbare Verdecke, welche Schutz vor Sonnenlicht und UV-Strahlen bieten. In diesem Geschwisterwagen k\u00f6nnen 2 Kinder gleichzeitig bequem reisen: Das j\u00fcngere Kind kann hinten schlafen, w\u00e4hrend das \u00e4ltere Kind vorne sitzt und die Welt entdeckt. Der gro\u00dfe Korb bietet bei Eink\u00e4ufen oder langen Spazierg\u00e4ngen gro\u00dfen Komfort. Dar\u00fcber hinaus l\u00e4sst sich dieser Kinderwagen dank seiner R\u00e4der leicht durch T\u00fcren oder G\u00e4nge man\u00f6vrieren. Die feststellbaren R\u00e4der tragen au\u00dferdem zur Sicherheit bei. Der Kinderwagen ist kompakt und l\u00e4sst sich leicht handhaben, transportieren und auf kleinem Raum verstauen. Der Geschwisterwagen ist f\u00fcr Kinder bis jeweils 15 kg geeignet.<\/p>\n<ul>\n<li>Farbe: Rosa und Schwarz<\/li>\n<li>Material: Stahl, Oxford-Gewebe<\/li>\n<li>Abmessungen: 122,5 x 53,5 x 111 cm (L x B x H)<\/li>\n<li>Klappbares Design<\/li>\n<li>Sowohl vorne als auch hinten mit Verdeck<\/li>\n<li>Gro\u00dfer Korb<\/li>\n<li>R\u00e4der feststellbar und um 360 Grad drehbar<\/li>\n<li>Geeignet f\u00fcr 1-2 Kinder mit einem Maximalgewicht von jeweils 15 kg<\/li>\n<li>Empfohlenes Alter: 6-36 Monate<\/li>\n<li>ACHTUNG: Dieses Produkt ist nicht zum Joggen oder Skaten geeignet<\/li>\n<\/ul>\n","protected":false},"excerpt":{"rendered":"<ul>\n<li>Farbe: Rosa und Schwarz<\/li>\n<li>Material: Stahl, Oxford-Gewebe<\/li>\n<li>Abmessungen: 122,5 x 53,5 x 111 cm (L x B x H)<\/li>\n<li>Klappbares Design<\/li>\n<li>Sowohl vorne als auch hinten mit Verdeck<\/li>\n<li>Gro\u00dfer Korb<\/li>\n<li>R\u00e4der feststellbar und um 360 Grad drehbar<\/li>\n<li>Geeignet f\u00fcr 1-2 Kinder mit einem Maximalgewicht von jeweils 15 kg<\/li>\n<li>Empfohlenes Alter: 6-36 Monate<\/li>\n<li>ACHTUNG: Dieses Produkt ist nicht zum Joggen oder Skaten geeignet<\/li>\n<\/ul>\n","protected":false},"featured_media":10000057376,"comment_status":"closed","ping_status":"closed","template":"","meta":[],"product_brand":[],"product_cat":[7041],"product_tag":[],"class_list":{"0":"post-57376","1":"product","2":"type-product","3":"status-publish","4":"has-post-thumbnail","6":"product_cat-kinderwagen","8":"first","9":"instock","10":"taxable","11":"shipping-taxable","12":"purchasable","13":"product-type-simple","14":"add-to-wishlist-after_add_to_cart"},"jetpack_sharing_enabled":true,"_links":{"self":[{"href":"https:\/\/de-prime.com\/index.php\/wp-json\/wp\/v2\/product\/57376","targetHints":{"allow":["GET"]}}],"collection":[{"href":"https:\/\/de-prime.com\/index.php\/wp-json\/wp\/v2\/product"}],"about":[{"href":"https:\/\/de-prime.com\/index.php\/wp-json\/wp\/v2\/types\/product"}],"replies":[{"embeddable":true,"href":"https:\/\/de-prime.com\/index.php\/wp-json\/wp\/v2\/comments?post=57376"}],"wp:featuredmedia":[{"embeddable":true,"href":"https:\/\/de-prime.com\/index.php\/wp-json\/"}],"wp:attachment":[{"href":"https:\/\/de-prime.com\/index.php\/wp-json\/wp\/v2\/media?parent=57376"}],"wp:term":[{"taxonomy":"product_brand","embeddable":true,"href":"https:\/\/de-prime.com\/index.php\/wp-json\/wp\/v2\/product_brand?post=57376"},{"taxonomy":"product_cat","embeddable":true,"href":"https:\/\/de-prime.com\/index.php\/wp-json\/wp\/v2\/product_cat?post=57376"},{"taxonomy":"product_tag","embeddable":true,"href":"https:\/\/de-prime.com\/index.php\/wp-json\/wp\/v2\/product_tag?post=57376"}],"curies":[{"name":"wp","href":"https:\/\/api.w.org\/{rel}","templated":true}]}}