{"id":57371,"date":"2024-10-02T16:37:52","date_gmt":"2024-10-02T14:37:52","guid":{"rendered":"https:\/\/de-prime.com\/?p=57371"},"modified":"2024-10-02T16:37:52","modified_gmt":"2024-10-02T14:37:52","slug":"zwillingskinderwagen-stahl-grau-und-schwarz","status":"publish","type":"product","link":"https:\/\/de-prime.com\/index.php\/product\/zwillingskinderwagen-stahl-grau-und-schwarz\/","title":{"rendered":"Zwillingskinderwagen Stahl Grau und Schwarz"},"content":{"rendered":"<p>Dieser komfortable Zwillingswagen eignet sich perfekt, um beide Ihre Kleinkinder auf einen Spaziergang zu nehmen. Mit einem Stahlrahmen ausgestattet, ist dieser Kinderwagen sehr langlebig, robust und vielseitig. Dieser komfortable Kinderwagen hat ein klappbares Verdeck, das Schutz vor Sonnenlicht und UV-Strahlen bietet. Seine R\u00fcckenlehne ist einstellbar in 3 Liegepositionen, so dass Ihr Kind immer die bequemste Position zum Sitzen oder Schlafen finden kann. Der Korb erweist sich bei Eink\u00e4ufen oder langen Spazierg\u00e4ngen als sehr praktisch. Dar\u00fcber hinaus l\u00e4sst sich dieser Kinderwagen dank seiner R\u00e4der leicht durch T\u00fcren oder G\u00e4nge man\u00f6vrieren. Die feststellbaren R\u00e4der tragen au\u00dferdem zur Sicherheit des Kinderbuggys bei. Der zusammenklappbare Kinderwagen ist leicht zu handhaben, zu transportieren und auf kleinem Raum zu verstauen. Der Geschwisterwagen ist f\u00fcr 1-2 Kinder bis jeweils 15 kg geeignet.<\/p>\n<ul>\n<li>Farbe: Grau und Schwarz<\/li>\n<li>Material: Stahl, Oxford-Gewebe<\/li>\n<li>Abmessungen: 80 x 96 x 104 cm (L x B x H)<\/li>\n<li>Klappbares Design<\/li>\n<li>Einfache Handhabung mit einer Hand<\/li>\n<li>R\u00fcckenlehne in 3 Positionen verstellbar<\/li>\n<li>R\u00e4der feststellbar und um 360 Grad drehbar<\/li>\n<li>Geeignet f\u00fcr 1-2 Kinder mit einem Maximalgewicht von jeweils 15 kg<\/li>\n<li>Empfohlenes Alter: 6 &#8211; 36 Monate<\/li>\n<li>ACHTUNG: Dieses Produkt ist nicht zum Joggen oder Skaten geeignet<\/li>\n<li>Material: Polyester: 100%<\/li>\n<\/ul>\n","protected":false},"excerpt":{"rendered":"<ul>\n<li>Farbe: Grau und Schwarz<\/li>\n<li>Material: Stahl, Oxford-Gewebe<\/li>\n<li>Abmessungen: 80 x 96 x 104 cm (L x B x H)<\/li>\n<li>Klappbares Design<\/li>\n<li>Einfache Handhabung mit einer Hand<\/li>\n<li>R\u00fcckenlehne in 3 Positionen verstellbar<\/li>\n<li>R\u00e4der feststellbar und um 360 Grad drehbar<\/li>\n<li>Geeignet f\u00fcr 1-2 Kinder mit einem Maximalgewicht von jeweils 15 kg<\/li>\n<li>Empfohlenes Alter: 6 &#8211; 36 Monate<\/li>\n<li>ACHTUNG: Dieses Produkt ist nicht zum Joggen oder Skaten geeignet<\/li>\n<li>Material: Polyester: 100%<\/li>\n<\/ul>\n","protected":false},"featured_media":10000057371,"comment_status":"closed","ping_status":"closed","template":"","meta":[],"product_brand":[],"product_cat":[7041],"product_tag":[],"class_list":{"0":"post-57371","1":"product","2":"type-product","3":"status-publish","4":"has-post-thumbnail","6":"product_cat-kinderwagen","8":"first","9":"instock","10":"taxable","11":"shipping-taxable","12":"purchasable","13":"product-type-simple","14":"add-to-wishlist-after_add_to_cart"},"jetpack_sharing_enabled":true,"_links":{"self":[{"href":"https:\/\/de-prime.com\/index.php\/wp-json\/wp\/v2\/product\/57371","targetHints":{"allow":["GET"]}}],"collection":[{"href":"https:\/\/de-prime.com\/index.php\/wp-json\/wp\/v2\/product"}],"about":[{"href":"https:\/\/de-prime.com\/index.php\/wp-json\/wp\/v2\/types\/product"}],"replies":[{"embeddable":true,"href":"https:\/\/de-prime.com\/index.php\/wp-json\/wp\/v2\/comments?post=57371"}],"wp:featuredmedia":[{"embeddable":true,"href":"https:\/\/de-prime.com\/index.php\/wp-json\/"}],"wp:attachment":[{"href":"https:\/\/de-prime.com\/index.php\/wp-json\/wp\/v2\/media?parent=57371"}],"wp:term":[{"taxonomy":"product_brand","embeddable":true,"href":"https:\/\/de-prime.com\/index.php\/wp-json\/wp\/v2\/product_brand?post=57371"},{"taxonomy":"product_cat","embeddable":true,"href":"https:\/\/de-prime.com\/index.php\/wp-json\/wp\/v2\/product_cat?post=57371"},{"taxonomy":"product_tag","embeddable":true,"href":"https:\/\/de-prime.com\/index.php\/wp-json\/wp\/v2\/product_tag?post=57371"}],"curies":[{"name":"wp","href":"https:\/\/api.w.org\/{rel}","templated":true}]}}