{"id":57348,"date":"2024-10-02T16:50:30","date_gmt":"2024-10-02T14:50:30","guid":{"rendered":"https:\/\/de-prime.com\/?p=57348"},"modified":"2024-10-02T16:50:30","modified_gmt":"2024-10-02T14:50:30","slug":"feuchttuecher-14-packungen-840-tuecher","status":"publish","type":"product","link":"https:\/\/de-prime.com\/index.php\/product\/feuchttuecher-14-packungen-840-tuecher\/","title":{"rendered":"Feuchtt\u00fccher 14 Packungen 840 T\u00fccher"},"content":{"rendered":"<p>Die Babyt\u00fccher sind mit einer milden Reinigungslotion angereichert, die speziell f\u00fcr die empfindliche Haut des Babys entwickelt wurde. Geeignet f\u00fcr empfindliche Haut: Die Feuchtt\u00fccher enthalten 99 % Wasser und nat\u00fcrliche Fasern, die zur Reinigung der empfindlichen Haut des Babys beitragen.Dermatologisch getestet und pH-neutral: Die Feuchtt\u00fccher wurden von Dermatologen getestet und haben einen neutralen pH-Wert. Das bedeutet, dass sie bedenkenlos auf der empfindlichen Haut deines Neugeborenen verwendet werden k\u00f6nnen.Umweltfreundliche Babyt\u00fccher: Die Babyt\u00fccher sind als biologisch abbaubar zertifiziert und tragen dadurch zur Verringerung der Menge an Plastikm\u00fcll bei.Einfach zu \u00f6ffnender Deckel: Die Verpackung der Feuchtt\u00fccher ist mit einem Deckel versehen, der sich leicht \u00f6ffnen l\u00e4sst und das Austrocknen die T\u00fccher verhindert. So hast du die T\u00fccher stets zur Hand, sei es in den eigenen vier W\u00e4nden oder unterwegs.Breite Anwendung: Die Feuchtt\u00fccher sind sowohl f\u00fcr die H\u00e4nde und F\u00fc\u00dfe deines Neugeborenen als auch f\u00fcr den empfindlichen Windelbereich geeignet.<\/p>\n<ul>\n<li>Material: Stoff (100 % Viskose)<\/li>\n<li>Dermatologisch getestet<\/li>\n<li>99 % Wasser<\/li>\n<li>pH-neutral<\/li>\n<li>Alkoholfrei<\/li>\n<li>Parf\u00fcmfrei<\/li>\n<li>100% biologisch abbaubar<\/li>\n<li>Lieferung enth\u00e4lt 14 Packungen (60 T\u00fccher pro Packung)<\/li>\n<\/ul>\n","protected":false},"excerpt":{"rendered":"<ul>\n<li>Material: Stoff (100 % Viskose)<\/li>\n<li>Dermatologisch getestet<\/li>\n<li>99 % Wasser<\/li>\n<li>pH-neutral<\/li>\n<li>Alkoholfrei<\/li>\n<li>Parf\u00fcmfrei<\/li>\n<li>100% biologisch abbaubar<\/li>\n<li>Lieferung enth\u00e4lt 14 Packungen (60 T\u00fccher pro Packung)<\/li>\n<\/ul>\n","protected":false},"featured_media":10000057348,"comment_status":"closed","ping_status":"closed","template":"","meta":[],"product_brand":[],"product_cat":[7035],"product_tag":[],"class_list":{"0":"post-57348","1":"product","2":"type-product","3":"status-publish","4":"has-post-thumbnail","6":"product_cat-baby-reinigungstuecher","8":"first","9":"instock","10":"taxable","11":"shipping-taxable","12":"purchasable","13":"product-type-simple","14":"add-to-wishlist-after_add_to_cart"},"jetpack_sharing_enabled":true,"_links":{"self":[{"href":"https:\/\/de-prime.com\/index.php\/wp-json\/wp\/v2\/product\/57348","targetHints":{"allow":["GET"]}}],"collection":[{"href":"https:\/\/de-prime.com\/index.php\/wp-json\/wp\/v2\/product"}],"about":[{"href":"https:\/\/de-prime.com\/index.php\/wp-json\/wp\/v2\/types\/product"}],"replies":[{"embeddable":true,"href":"https:\/\/de-prime.com\/index.php\/wp-json\/wp\/v2\/comments?post=57348"}],"wp:featuredmedia":[{"embeddable":true,"href":"https:\/\/de-prime.com\/index.php\/wp-json\/"}],"wp:attachment":[{"href":"https:\/\/de-prime.com\/index.php\/wp-json\/wp\/v2\/media?parent=57348"}],"wp:term":[{"taxonomy":"product_brand","embeddable":true,"href":"https:\/\/de-prime.com\/index.php\/wp-json\/wp\/v2\/product_brand?post=57348"},{"taxonomy":"product_cat","embeddable":true,"href":"https:\/\/de-prime.com\/index.php\/wp-json\/wp\/v2\/product_cat?post=57348"},{"taxonomy":"product_tag","embeddable":true,"href":"https:\/\/de-prime.com\/index.php\/wp-json\/wp\/v2\/product_tag?post=57348"}],"curies":[{"name":"wp","href":"https:\/\/api.w.org\/{rel}","templated":true}]}}