{"id":57340,"date":"2024-10-02T16:48:38","date_gmt":"2024-10-02T14:48:38","guid":{"rendered":"https:\/\/de-prime.com\/?p=57340"},"modified":"2024-10-02T16:48:38","modified_gmt":"2024-10-02T14:48:38","slug":"babyschaukel-mit-sicherheitsgurt-pp-rot","status":"publish","type":"product","link":"https:\/\/de-prime.com\/index.php\/product\/babyschaukel-mit-sicherheitsgurt-pp-rot\/","title":{"rendered":"Babyschaukel mit Sicherheitsgurt PP Rot"},"content":{"rendered":"<p>Stellen Sie sich vor, wie fr\u00f6hlich Ihre Babys oder Kleinkinder sein werden, w\u00e4hrend sie mit dieser Sicherheitsschaukel Spa\u00df im Garten haben! Ausgestattet mit Sicherheitsb\u00fcgel und Sicherheitsgurt, sorgt die Babyschaukel f\u00fcr den Komfort und die Sicherheit Ihrer Kleinen. Die fr\u00f6hlichen Farben fesseln auch die Aufmerksamkeit Ihres Kindes. Die Schaukel aus PP ist \u00e4u\u00dferst witterungsbest\u00e4ndig und f\u00fcr den Hinterhof und den Garten geeignet. Die Schaukel ist f\u00fcr Babys und Kleinkinder von 6 bis 36 Monaten geeignet. Bitte stellen Sie sicher, dass die Schaukel unter der direkten Aufsicht eines Erwachsenen benutzt wird.<\/p>\n<ul>\n<li>Farbe: Rot und Gelb<\/li>\n<li>Abmessungen: 36 x 43 x 42 cm (B x T x H)<\/li>\n<li>Material: PP und PE-Seil<\/li>\n<li>Gewicht: 1 kg<\/li>\n<li>Mit Sicherheitsb\u00fcgel und Sicherheitsgurt<\/li>\n<li>Die Seill\u00e4nge ist mit Haken einstellbar<\/li>\n<li>F\u00fcr Babys und Kleinkinder von 6 bis 36 Monaten<\/li>\n<li>Maximales Benutzergewicht: 25 kg<\/li>\n<li>Immer die Sicherung verwenden.<\/li>\n<li>Achtung: Nur f\u00fcr die Nutzung im Au\u00dfenbereich<\/li>\n<li>WARNHINWEIS: Nur f\u00fcr den Hausgebrauch.<\/li>\n<\/ul>\n","protected":false},"excerpt":{"rendered":"<ul>\n<li>Farbe: Rot und Gelb<\/li>\n<li>Abmessungen: 36 x 43 x 42 cm (B x T x H)<\/li>\n<li>Material: PP und PE-Seil<\/li>\n<li>Gewicht: 1 kg<\/li>\n<li>Mit Sicherheitsb\u00fcgel und Sicherheitsgurt<\/li>\n<li>Die Seill\u00e4nge ist mit Haken einstellbar<\/li>\n<li>F\u00fcr Babys und Kleinkinder von 6 bis 36 Monaten<\/li>\n<li>Maximales Benutzergewicht: 25 kg<\/li>\n<li>Immer die Sicherung verwenden.<\/li>\n<li>Achtung: Nur f\u00fcr die Nutzung im Au\u00dfenbereich<\/li>\n<li>WARNHINWEIS: Nur f\u00fcr den Hausgebrauch.<\/li>\n<\/ul>\n","protected":false},"featured_media":10000057340,"comment_status":"closed","ping_status":"closed","template":"","meta":[],"product_brand":[],"product_cat":[7032],"product_tag":[],"class_list":{"0":"post-57340","1":"product","2":"type-product","3":"status-publish","4":"has-post-thumbnail","6":"product_cat-baby-jumper-schaukeln","8":"first","9":"instock","10":"taxable","11":"shipping-taxable","12":"purchasable","13":"product-type-simple","14":"add-to-wishlist-after_add_to_cart"},"jetpack_sharing_enabled":true,"_links":{"self":[{"href":"https:\/\/de-prime.com\/index.php\/wp-json\/wp\/v2\/product\/57340","targetHints":{"allow":["GET"]}}],"collection":[{"href":"https:\/\/de-prime.com\/index.php\/wp-json\/wp\/v2\/product"}],"about":[{"href":"https:\/\/de-prime.com\/index.php\/wp-json\/wp\/v2\/types\/product"}],"replies":[{"embeddable":true,"href":"https:\/\/de-prime.com\/index.php\/wp-json\/wp\/v2\/comments?post=57340"}],"wp:featuredmedia":[{"embeddable":true,"href":"https:\/\/de-prime.com\/index.php\/wp-json\/"}],"wp:attachment":[{"href":"https:\/\/de-prime.com\/index.php\/wp-json\/wp\/v2\/media?parent=57340"}],"wp:term":[{"taxonomy":"product_brand","embeddable":true,"href":"https:\/\/de-prime.com\/index.php\/wp-json\/wp\/v2\/product_brand?post=57340"},{"taxonomy":"product_cat","embeddable":true,"href":"https:\/\/de-prime.com\/index.php\/wp-json\/wp\/v2\/product_cat?post=57340"},{"taxonomy":"product_tag","embeddable":true,"href":"https:\/\/de-prime.com\/index.php\/wp-json\/wp\/v2\/product_tag?post=57340"}],"curies":[{"name":"wp","href":"https:\/\/api.w.org\/{rel}","templated":true}]}}