{"id":57334,"date":"2024-10-02T16:46:13","date_gmt":"2024-10-02T14:46:13","guid":{"rendered":"https:\/\/de-prime.com\/?p=57334"},"modified":"2024-10-02T16:46:13","modified_gmt":"2024-10-02T14:46:13","slug":"kleinkind-bettschutzgitter-2-stk-gruen-102x42-cm","status":"publish","type":"product","link":"https:\/\/de-prime.com\/index.php\/product\/kleinkind-bettschutzgitter-2-stk-gruen-102x42-cm\/","title":{"rendered":"Kleinkind-Bettschutzgitter 2 Stk. Gr\u00fcn 102&#215;42 cm"},"content":{"rendered":"<p>Dieses Bettschutzgitter ist ideal, um Ihre Kleinen vor dem Herausfallen aus dem Bett im Schlaf zu sch\u00fctzen. Ausgestattet mit einem Knopf auf jeder Seite, l\u00e4sst sich diese Bettschiene clever herunterklappen, so dass Sie Ihr Kind bequem in und aus dem Bett nehmen k\u00f6nnen. Dieser Bettschutz ist f\u00fcr Kinder im Alter von 18 Monaten bis 5 Jahren geeignet. Es kann f\u00fcr alle Betten (au\u00dfer Etagenbetten, Babybetten, Wasserbetten oder Betten mit aufblasbaren Matratzen) mit 10-20 cm dicken Matratzen verwendet werden. Dieses Schutzgitter besteht aus waschbarem Polyestergewebe und leichtem Metallschlauch. Dieses Produkt l\u00e4sst sich schnell installieren und zur Lagerung leicht zusammenklappen. Die Lieferung umfasst 2 Bettschutzgitter.<\/p>\n<ul>\n<li>Farbe: Gr\u00fcn<\/li>\n<li>Material: Polyestergewebe &amp; Metallschlauch<\/li>\n<li>Gesamtgr\u00f6\u00dfe (wenn vollst\u00e4ndig ausgeklappt): 102 x 36,5 x 42 cm (L x D x H)<\/li>\n<li>Geeignet f\u00fcr Matratzen mit einer Dicke von 10-20 cm<\/li>\n<li>Geeignet f\u00fcr Kinder zwischen 18 Monaten und 5 Jahren<\/li>\n<li>Mit durchsichtigem Netzgewebe<\/li>\n<li>Die Lieferung umfasst 2 Bettschutzgitter<\/li>\n<li>Material: Polyester: 100%<\/li>\n<\/ul>\n","protected":false},"excerpt":{"rendered":"<ul>\n<li>Farbe: Gr\u00fcn<\/li>\n<li>Material: Polyestergewebe &amp; Metallschlauch<\/li>\n<li>Gesamtgr\u00f6\u00dfe (wenn vollst\u00e4ndig ausgeklappt): 102 x 36,5 x 42 cm (L x D x H)<\/li>\n<li>Geeignet f\u00fcr Matratzen mit einer Dicke von 10-20 cm<\/li>\n<li>Geeignet f\u00fcr Kinder zwischen 18 Monaten und 5 Jahren<\/li>\n<li>Mit durchsichtigem Netzgewebe<\/li>\n<li>Die Lieferung umfasst 2 Bettschutzgitter<\/li>\n<li>Material: Polyester: 100%<\/li>\n<\/ul>\n","protected":false},"featured_media":10000057334,"comment_status":"closed","ping_status":"closed","template":"","meta":[],"product_brand":[],"product_cat":[7030],"product_tag":[],"class_list":{"0":"post-57334","1":"product","2":"type-product","3":"status-publish","4":"has-post-thumbnail","6":"product_cat-baby-bettschutzgitter","8":"first","9":"instock","10":"taxable","11":"shipping-taxable","12":"purchasable","13":"product-type-simple","14":"add-to-wishlist-after_add_to_cart"},"jetpack_sharing_enabled":true,"_links":{"self":[{"href":"https:\/\/de-prime.com\/index.php\/wp-json\/wp\/v2\/product\/57334","targetHints":{"allow":["GET"]}}],"collection":[{"href":"https:\/\/de-prime.com\/index.php\/wp-json\/wp\/v2\/product"}],"about":[{"href":"https:\/\/de-prime.com\/index.php\/wp-json\/wp\/v2\/types\/product"}],"replies":[{"embeddable":true,"href":"https:\/\/de-prime.com\/index.php\/wp-json\/wp\/v2\/comments?post=57334"}],"wp:featuredmedia":[{"embeddable":true,"href":"https:\/\/de-prime.com\/index.php\/wp-json\/"}],"wp:attachment":[{"href":"https:\/\/de-prime.com\/index.php\/wp-json\/wp\/v2\/media?parent=57334"}],"wp:term":[{"taxonomy":"product_brand","embeddable":true,"href":"https:\/\/de-prime.com\/index.php\/wp-json\/wp\/v2\/product_brand?post=57334"},{"taxonomy":"product_cat","embeddable":true,"href":"https:\/\/de-prime.com\/index.php\/wp-json\/wp\/v2\/product_cat?post=57334"},{"taxonomy":"product_tag","embeddable":true,"href":"https:\/\/de-prime.com\/index.php\/wp-json\/wp\/v2\/product_tag?post=57334"}],"curies":[{"name":"wp","href":"https:\/\/api.w.org\/{rel}","templated":true}]}}