{"id":57316,"date":"2024-10-02T16:48:39","date_gmt":"2024-10-02T14:48:39","guid":{"rendered":"https:\/\/de-prime.com\/?p=57316"},"modified":"2024-10-02T16:48:39","modified_gmt":"2024-10-02T14:48:39","slug":"kleinkind-bettschutzgitter-blau-150x25-cm-stoff","status":"publish","type":"product","link":"https:\/\/de-prime.com\/index.php\/product\/kleinkind-bettschutzgitter-blau-150x25-cm-stoff\/","title":{"rendered":"Kleinkind-Bettschutzgitter Blau 150&#215;25 cm Stoff"},"content":{"rendered":"<p>Dieses Bettgitter bietet optimalen Schutz vor dem Herunterfallen und sorgt f\u00fcr s\u00fc\u00dfe Tr\u00e4ume f\u00fcr Ihren Kleinen. Dieser Rausfallschutz aus waschbarem Polyestergewebe und leichtem Metallrohr ist robust, langlebig und leicht zu reinigen. Ausgestattet ist es mit einem Knopf an jeder Seite, so dass Sie es einfach verl\u00e4ngern k\u00f6nnen. Dar\u00fcber hinaus kann die H\u00f6he frei eingestellt werden, um die sicherste H\u00f6he zu finden. Bitte beachten: Dieses Bettgitter ist f\u00fcr Kinder im Alter von 18 Monaten bis 5 Jahren geeignet. Es kann f\u00fcr die meisten Betten mit einer Matratzendicke von 3-25 cm verwendet werden, au\u00dfer Etagenbetten, Babybetten, Wasserbetten oder Betten mit aufblasbarer Matratze.<\/p>\n<ul>\n<li>Farbe: Blau<\/li>\n<li>Material: Stoff (100 % Polyester), Metall<\/li>\n<li>Gr\u00f6\u00dfe: 150 x 25 cm (L x B)<\/li>\n<li>H\u00f6he: 70 &#8211; 95 cm<\/li>\n<li>Geeignet f\u00fcr Matratzen mit einer Dicke von 3-33 cm<\/li>\n<li>Geeignet f\u00fcr Kinder zwischen 18 Monaten und 5 Jahren<\/li>\n<li>F\u00fcr den Hausgebrauch geeignet<\/li>\n<li>Zusammenbau erforderlich: Ja<\/li>\n<\/ul>\n","protected":false},"excerpt":{"rendered":"<ul>\n<li>Farbe: Blau<\/li>\n<li>Material: Stoff (100 % Polyester), Metall<\/li>\n<li>Gr\u00f6\u00dfe: 150 x 25 cm (L x B)<\/li>\n<li>H\u00f6he: 70 &#8211; 95 cm<\/li>\n<li>Geeignet f\u00fcr Matratzen mit einer Dicke von 3-33 cm<\/li>\n<li>Geeignet f\u00fcr Kinder zwischen 18 Monaten und 5 Jahren<\/li>\n<li>F\u00fcr den Hausgebrauch geeignet<\/li>\n<li>Zusammenbau erforderlich: Ja<\/li>\n<\/ul>\n","protected":false},"featured_media":10000057316,"comment_status":"closed","ping_status":"closed","template":"","meta":[],"product_brand":[],"product_cat":[7030],"product_tag":[],"class_list":{"0":"post-57316","1":"product","2":"type-product","3":"status-publish","4":"has-post-thumbnail","6":"product_cat-baby-bettschutzgitter","8":"first","9":"instock","10":"taxable","11":"shipping-taxable","12":"purchasable","13":"product-type-simple","14":"add-to-wishlist-after_add_to_cart"},"jetpack_sharing_enabled":true,"_links":{"self":[{"href":"https:\/\/de-prime.com\/index.php\/wp-json\/wp\/v2\/product\/57316","targetHints":{"allow":["GET"]}}],"collection":[{"href":"https:\/\/de-prime.com\/index.php\/wp-json\/wp\/v2\/product"}],"about":[{"href":"https:\/\/de-prime.com\/index.php\/wp-json\/wp\/v2\/types\/product"}],"replies":[{"embeddable":true,"href":"https:\/\/de-prime.com\/index.php\/wp-json\/wp\/v2\/comments?post=57316"}],"wp:featuredmedia":[{"embeddable":true,"href":"https:\/\/de-prime.com\/index.php\/wp-json\/"}],"wp:attachment":[{"href":"https:\/\/de-prime.com\/index.php\/wp-json\/wp\/v2\/media?parent=57316"}],"wp:term":[{"taxonomy":"product_brand","embeddable":true,"href":"https:\/\/de-prime.com\/index.php\/wp-json\/wp\/v2\/product_brand?post=57316"},{"taxonomy":"product_cat","embeddable":true,"href":"https:\/\/de-prime.com\/index.php\/wp-json\/wp\/v2\/product_cat?post=57316"},{"taxonomy":"product_tag","embeddable":true,"href":"https:\/\/de-prime.com\/index.php\/wp-json\/wp\/v2\/product_tag?post=57316"}],"curies":[{"name":"wp","href":"https:\/\/api.w.org\/{rel}","templated":true}]}}