{"id":57276,"date":"2024-10-02T16:37:51","date_gmt":"2024-10-02T14:37:51","guid":{"rendered":"https:\/\/de-prime.com\/?p=57276"},"modified":"2024-10-02T16:37:51","modified_gmt":"2024-10-02T14:37:51","slug":"haustier-barriere-ausziehbar-schwarz-1175x125-cm","status":"publish","type":"product","link":"https:\/\/de-prime.com\/index.php\/product\/haustier-barriere-ausziehbar-schwarz-1175x125-cm\/","title":{"rendered":"Haustier-Barriere Ausziehbar Schwarz 117,5&#215;125 cm"},"content":{"rendered":"<p>Die einziehbare Absperrung h\u00e4lt deine Haustiere in einen von dir bestimmten sicheren Bereich. Langlebig und robust: Die ausziehbare Katzen-\/Hundesperre besteht aus Polyester und hat eine Metallstruktur, wodurch sie langlebig, robust und f\u00fcr den t\u00e4glichen Gebrauch geeignet ist.Sicherheit und Privatsph\u00e4re: Das Haustier-Tor schafft einen begrenzten, sicheren Bereich zum Spielen und Ausruhen. Du musst dir keine Sorgen um die Sicherheit deiner Lieblinge machen, wenn du das Haus verl\u00e4sst. Auch wenn du Besuch hast, erweist sich diese Haustier-Barriere als n\u00fctzlich.Bequeme Aufbewahrung: Die leichte und kompakte ausziehbare Barriere f\u00fcr Hunde oder Katzen l\u00e4sst sich bei Nichtgebrauch leicht verstauen und spart so wertvollen Platz.Vielseitig einsetzbar: Diese Hundesperre\/Katzensperre kann verwendet werden, um den Zugang zu Korridoren, K\u00fcchen, Schlafzimmern, Treppen usw. abzusperren. Gut zu wissen:Bitte installiere diese Haustier-Absperrung gem\u00e4\u00df den Anweisungen des Herstellers. Dieses Produkt ist nur f\u00fcr Haustiere, und nicht f\u00fcr Kinder, geeignet. Achtung:Bitte stelle sicher, dass das Haustiertor verriegelt ist, wenn du ihn benutzt. Nicht als Kinderschutzgitter geeignet.<\/p>\n<ul>\n<li>Farbe: Schwarz<\/li>\n<li>Material: Textilene (100% Polyester), pulverbeschichtetes Eisen, Kunststoff<\/li>\n<li>Gesamtgr\u00f6\u00dfe: 117,5 x 125 cm (H x B)<\/li>\n<li>Gr\u00f6\u00dfe der einziehbaren Barriere: 115 x 120 cm (H x B)<\/li>\n<li>Pfostenh\u00f6he: 117,5 cm<\/li>\n<li>Zusammenbau erforderlich: Ja<\/li>\n<\/ul>\n","protected":false},"excerpt":{"rendered":"<ul>\n<li>Farbe: Schwarz<\/li>\n<li>Material: Textilene (100% Polyester), pulverbeschichtetes Eisen, Kunststoff<\/li>\n<li>Gesamtgr\u00f6\u00dfe: 117,5 x 125 cm (H x B)<\/li>\n<li>Gr\u00f6\u00dfe der einziehbaren Barriere: 115 x 120 cm (H x B)<\/li>\n<li>Pfostenh\u00f6he: 117,5 cm<\/li>\n<li>Zusammenbau erforderlich: Ja<\/li>\n<\/ul>\n","protected":false},"featured_media":10000057276,"comment_status":"closed","ping_status":"closed","template":"","meta":[],"product_brand":[],"product_cat":[7029],"product_tag":[],"class_list":{"0":"post-57276","1":"product","2":"type-product","3":"status-publish","4":"has-post-thumbnail","6":"product_cat-baby-haustierschutzgitter","8":"first","9":"instock","10":"taxable","11":"shipping-taxable","12":"purchasable","13":"product-type-simple","14":"add-to-wishlist-after_add_to_cart"},"jetpack_sharing_enabled":true,"_links":{"self":[{"href":"https:\/\/de-prime.com\/index.php\/wp-json\/wp\/v2\/product\/57276","targetHints":{"allow":["GET"]}}],"collection":[{"href":"https:\/\/de-prime.com\/index.php\/wp-json\/wp\/v2\/product"}],"about":[{"href":"https:\/\/de-prime.com\/index.php\/wp-json\/wp\/v2\/types\/product"}],"replies":[{"embeddable":true,"href":"https:\/\/de-prime.com\/index.php\/wp-json\/wp\/v2\/comments?post=57276"}],"wp:featuredmedia":[{"embeddable":true,"href":"https:\/\/de-prime.com\/index.php\/wp-json\/"}],"wp:attachment":[{"href":"https:\/\/de-prime.com\/index.php\/wp-json\/wp\/v2\/media?parent=57276"}],"wp:term":[{"taxonomy":"product_brand","embeddable":true,"href":"https:\/\/de-prime.com\/index.php\/wp-json\/wp\/v2\/product_brand?post=57276"},{"taxonomy":"product_cat","embeddable":true,"href":"https:\/\/de-prime.com\/index.php\/wp-json\/wp\/v2\/product_cat?post=57276"},{"taxonomy":"product_tag","embeddable":true,"href":"https:\/\/de-prime.com\/index.php\/wp-json\/wp\/v2\/product_tag?post=57276"}],"curies":[{"name":"wp","href":"https:\/\/api.w.org\/{rel}","templated":true}]}}