{"id":57256,"date":"2024-10-01T16:20:51","date_gmt":"2024-10-01T16:20:51","guid":{"rendered":"https:\/\/de-prime.com\/?p=57256"},"modified":"2024-10-01T16:39:46","modified_gmt":"2024-10-01T16:39:46","slug":"handpumpe-fuer-sup-und-luftmatratze","status":"publish","type":"product","link":"https:\/\/de-prime.com\/index.php\/product\/handpumpe-fuer-sup-und-luftmatratze\/","title":{"rendered":"Handpumpe f\u00fcr SUP und Luftmatratze"},"content":{"rendered":"<p>Diese robuste und stabile Hochdruck-Handpumpe kann Ihre Luftmatratze, Ihr Schlauchboot, SUPs, Whirlpools oder andere Gegenst\u00e4nde schnell aufpumpen. Die praktische Pumpe ist mit einem Hochdruckmanometer ausgestattet, um den erreichten Druck im SUP-Board oder Boot in Echtzeit anzuzeigen. Der Luftdruck kann genau kontrolliert werden und betr\u00e4gt bis zu 27,5 PSI. Der bequeme T-Griff erleichtert das Aufpumpen Ihres SUP \u00fcber den mit der Pumpe gelieferten Hochleistungsschlauch. Solide Konstruktion mit gro\u00dfer eingebauter Fu\u00dfplatte sorgt f\u00fcr zus\u00e4tzliche Stabilit\u00e4t im Einsatz. Ein kompaktes und leichtes Geh\u00e4use machen die Handpumpe sehr platzsparend.<\/p>\n<ul>\n<li>Gr\u00f6\u00dfe: 22 x 59 cm (B x H)<\/li>\n<li>Fassungsverm\u00f6gen: 2200 cm\u00b3<\/li>\n<li>Druck: 1,8 bar \/ 27,5 PSI<\/li>\n<li>Mit Hochdruckmanometer<\/li>\n<li>Geeignet f\u00fcr SUP und Luftmatratzen<\/li>\n<\/ul>\n","protected":false},"excerpt":{"rendered":"<ul>\n<li>Gr\u00f6\u00dfe: 22 x 59 cm (B x H)<\/li>\n<li>Fassungsverm\u00f6gen: 2200 cm\u00b3<\/li>\n<li>Druck: 1,8 bar \/ 27,5 PSI<\/li>\n<li>Mit Hochdruckmanometer<\/li>\n<li>Geeignet f\u00fcr SUP und Luftmatratzen<\/li>\n<\/ul>\n","protected":false},"featured_media":10000057256,"comment_status":"closed","ping_status":"closed","template":"","meta":[],"product_brand":[],"product_cat":[6859,6862,6837,6836,7026],"product_tag":[],"class_list":{"0":"post-57256","1":"product","2":"type-product","3":"status-publish","4":"has-post-thumbnail","6":"product_cat-camping-wandern","7":"product_cat-camping-moebel","8":"product_cat-outdoor-aktivitaeten","9":"product_cat-sportartikel","10":"product_cat-zubehoer-fuer-luftmatratzen-unterlagen","12":"first","13":"instock","14":"taxable","15":"shipping-taxable","16":"purchasable","17":"product-type-simple","18":"add-to-wishlist-after_add_to_cart"},"jetpack_sharing_enabled":true,"_links":{"self":[{"href":"https:\/\/de-prime.com\/index.php\/wp-json\/wp\/v2\/product\/57256","targetHints":{"allow":["GET"]}}],"collection":[{"href":"https:\/\/de-prime.com\/index.php\/wp-json\/wp\/v2\/product"}],"about":[{"href":"https:\/\/de-prime.com\/index.php\/wp-json\/wp\/v2\/types\/product"}],"replies":[{"embeddable":true,"href":"https:\/\/de-prime.com\/index.php\/wp-json\/wp\/v2\/comments?post=57256"}],"wp:featuredmedia":[{"embeddable":true,"href":"https:\/\/de-prime.com\/index.php\/wp-json\/"}],"wp:attachment":[{"href":"https:\/\/de-prime.com\/index.php\/wp-json\/wp\/v2\/media?parent=57256"}],"wp:term":[{"taxonomy":"product_brand","embeddable":true,"href":"https:\/\/de-prime.com\/index.php\/wp-json\/wp\/v2\/product_brand?post=57256"},{"taxonomy":"product_cat","embeddable":true,"href":"https:\/\/de-prime.com\/index.php\/wp-json\/wp\/v2\/product_cat?post=57256"},{"taxonomy":"product_tag","embeddable":true,"href":"https:\/\/de-prime.com\/index.php\/wp-json\/wp\/v2\/product_tag?post=57256"}],"curies":[{"name":"wp","href":"https:\/\/api.w.org\/{rel}","templated":true}]}}