{"id":57254,"date":"2024-10-01T16:20:51","date_gmt":"2024-10-01T16:20:51","guid":{"rendered":"https:\/\/de-prime.com\/?p=57254"},"modified":"2024-10-01T16:39:57","modified_gmt":"2024-10-01T16:39:57","slug":"trainingsseil-schwarz-12-m-9-kg-polyester","status":"publish","type":"product","link":"https:\/\/de-prime.com\/index.php\/product\/trainingsseil-schwarz-12-m-9-kg-polyester\/","title":{"rendered":"Trainingsseil Schwarz 12 m 9 kg Polyester"},"content":{"rendered":"<p>Das Kampfseil eignet sich ideal f\u00fcr funktionelles Kraft- und Ausdauertraining. Mit dem Kampfseil kannst du Kraft, Koordination und Ausdauer effektiv trainieren. Langlebiges Material: Das aus 3 Str\u00e4ngen geflochtene Kampfseil besteht aus strapazierf\u00e4higen Polyesterfasern mit hoher Zugfestigkeit, was Rei\u00dfen und Ausfransen verhindert.Tragbar: Dank seines flexiblen Designs l\u00e4sst sich das Gymnastikseil leicht zusammenrollen und fast \u00fcberall hin mitnehmen &#8211; von zu Hause ins Fitnessstudio, in den Park oder an den Strand und wieder zur\u00fcck. Im aufgerollten Zustand l\u00e4sst es sich bei Nichtgebrauch auch platzsparend verstauen.Feste Griffe: Die Gummigriffe am Enden des Fitnessseils liegen rutschfest und angenehm in den H\u00e4nden, sodass das Seil auch bei starkem Schwitzen nicht so leicht aus den H\u00e4nden rutscht.Vielseitige Workouts: Neben den bekannten \u00dcbungen kann das Trainingsseil auch f\u00fcr Zug- oder Kletter\u00fcbungen verwendet werden, sei es individuell oder als Teil eines Teams.Vorteile des Seils: Das Kampfseil verbessert nicht nur deine Ausdauer, sondern trainiert auch fast alle wichtigen Muskelgruppen und Bereiche wie Brust, R\u00fccken, Schultern, Arme, Beine und sogar H\u00fcften.<\/p>\n<ul>\n<li>Farbe: Schwarz<\/li>\n<li>Materialien: Faser (100 % Polyester), PE (Polyethylen)<\/li>\n<li>Durchmesser: 38 mm<\/li>\n<li>L\u00e4nge: 12 m<\/li>\n<li>Gewicht: 9 kg<\/li>\n<\/ul>\n","protected":false},"excerpt":{"rendered":"<ul>\n<li>Farbe: Schwarz<\/li>\n<li>Materialien: Faser (100 % Polyester), PE (Polyethylen)<\/li>\n<li>Durchmesser: 38 mm<\/li>\n<li>L\u00e4nge: 12 m<\/li>\n<li>Gewicht: 9 kg<\/li>\n<\/ul>\n","protected":false},"featured_media":10000057254,"comment_status":"closed","ping_status":"closed","template":"","meta":[],"product_brand":[],"product_cat":[6901,6846,6836,7025],"product_tag":[],"class_list":{"0":"post-57254","1":"product","2":"type-product","3":"status-publish","4":"has-post-thumbnail","6":"product_cat-cardio","7":"product_cat-fitness","8":"product_cat-sportartikel","9":"product_cat-zubehoer-fuer-kardiogeraete","11":"first","12":"instock","13":"taxable","14":"shipping-taxable","15":"purchasable","16":"product-type-simple","17":"add-to-wishlist-after_add_to_cart"},"jetpack_sharing_enabled":true,"_links":{"self":[{"href":"https:\/\/de-prime.com\/index.php\/wp-json\/wp\/v2\/product\/57254","targetHints":{"allow":["GET"]}}],"collection":[{"href":"https:\/\/de-prime.com\/index.php\/wp-json\/wp\/v2\/product"}],"about":[{"href":"https:\/\/de-prime.com\/index.php\/wp-json\/wp\/v2\/types\/product"}],"replies":[{"embeddable":true,"href":"https:\/\/de-prime.com\/index.php\/wp-json\/wp\/v2\/comments?post=57254"}],"wp:featuredmedia":[{"embeddable":true,"href":"https:\/\/de-prime.com\/index.php\/wp-json\/"}],"wp:attachment":[{"href":"https:\/\/de-prime.com\/index.php\/wp-json\/wp\/v2\/media?parent=57254"}],"wp:term":[{"taxonomy":"product_brand","embeddable":true,"href":"https:\/\/de-prime.com\/index.php\/wp-json\/wp\/v2\/product_brand?post=57254"},{"taxonomy":"product_cat","embeddable":true,"href":"https:\/\/de-prime.com\/index.php\/wp-json\/wp\/v2\/product_cat?post=57254"},{"taxonomy":"product_tag","embeddable":true,"href":"https:\/\/de-prime.com\/index.php\/wp-json\/wp\/v2\/product_tag?post=57254"}],"curies":[{"name":"wp","href":"https:\/\/api.w.org\/{rel}","templated":true}]}}