{"id":57238,"date":"2024-10-01T16:20:49","date_gmt":"2024-10-01T16:20:49","guid":{"rendered":"https:\/\/de-prime.com\/?p=57238"},"modified":"2024-10-01T16:42:27","modified_gmt":"2024-10-01T16:42:27","slug":"zeltleine-reflektierend-mit-seilspannern-50-m-3-mm","status":"publish","type":"product","link":"https:\/\/de-prime.com\/index.php\/product\/zeltleine-reflektierend-mit-seilspannern-50-m-3-mm\/","title":{"rendered":"Zeltleine Reflektierend mit Seilspannern 50 m 3 mm"},"content":{"rendered":"<p>Dieses Abspannseil ist langlebig und flexibel und eignet sich daher ideal zum Festbinden oder Sichern deiner Ausr\u00fcstung, insbesondere des Zeltes auf dem Campingplatz. Langlebig: Aus Polypropylen gefertigt, ist diese Zeltspannleine auf eine lange Lebensdauer ausgelegt und besitzt eine hohe Zugfestigkeit. Zudem ist sie mit einem reflektierenden Streifen versehen, der nachts f\u00fcr mehr Sichtbarkeit sorgt und das Stolpern verhindert.Einfacher Einsatz: Die Zeltleine besitzt ein geringes Eigengewicht, l\u00e4sst sich leicht zuschneiden und dadurch an deine Bed\u00fcrfnisse anpassen. Dies erleichtert die Lagerung und bietet mehr Komfort auf Reisen.Praktisches Design: Die Seilspanner bestehen aus Aluminiumlegierung und sind mit je 2 L\u00f6chern versehen. Damit kannst du die Zeltschnur insbesondere bei Wind sichern und in der L\u00e4nge verstellen. Dies erweist sich bei Aktivit\u00e4ten im Freien als sehr praktisch.Vielseitig einsetzbar: Dieses Abspannseil eignet sich ideal zum Aufstellen von Zelten und Tarps auf dem Campingplatz. Sie l\u00e4sst sich auch f\u00fcr andere Aktivit\u00e4ten wie Wandern verwenden. Achtung:Dieses Abspannseil eignet sich nicht f\u00fcr Klettern oder Aufh\u00e4ngen. Bitte halte das Seil vom Feuer oder anderen hei\u00dfen Gegenst\u00e4nden fern.<\/p>\n<ul>\n<li>Farbe: Gr\u00fcn mit Reflexstreifen<\/li>\n<li>Seilmaterial: Polypropylen<\/li>\n<li>Material der Spanner: Aluminium<\/li>\n<li>Durchmesser des Seils: 3 mm<\/li>\n<li>L\u00e4nge des Seils: 50 m<\/li>\n<li>Gewicht: 270 g<\/li>\n<li>Belastbarkeit: 90 kg<\/li>\n<li> <\/li>\n<li><strong>Lieferung umfasst:<\/strong><\/li>\n<li>1 x Reflektierende Zeltleine<\/li>\n<li>10 x Seilspanner<\/li>\n<\/ul>\n","protected":false},"excerpt":{"rendered":"<ul>\n<li>Farbe: Gr\u00fcn mit Reflexstreifen<\/li>\n<li>Seilmaterial: Polypropylen<\/li>\n<li>Material der Spanner: Aluminium<\/li>\n<li>Durchmesser des Seils: 3 mm<\/li>\n<li>L\u00e4nge des Seils: 50 m<\/li>\n<li>Gewicht: 270 g<\/li>\n<li>Belastbarkeit: 90 kg<\/li>\n<li> <\/li>\n<li><strong>Lieferung umfasst:<\/strong><\/li>\n<li>1 x Reflektierende Zeltleine<\/li>\n<li>10 x Seilspanner<\/li>\n<\/ul>\n","protected":false},"featured_media":10000057238,"comment_status":"closed","ping_status":"closed","template":"","meta":[],"product_brand":[],"product_cat":[6859,6837,6836,7023],"product_tag":[],"class_list":{"0":"post-57238","1":"product","2":"type-product","3":"status-publish","4":"has-post-thumbnail","6":"product_cat-camping-wandern","7":"product_cat-outdoor-aktivitaeten","8":"product_cat-sportartikel","9":"product_cat-zeltzubehoer","11":"first","12":"instock","13":"taxable","14":"shipping-taxable","15":"purchasable","16":"product-type-simple","17":"add-to-wishlist-after_add_to_cart"},"jetpack_sharing_enabled":true,"_links":{"self":[{"href":"https:\/\/de-prime.com\/index.php\/wp-json\/wp\/v2\/product\/57238","targetHints":{"allow":["GET"]}}],"collection":[{"href":"https:\/\/de-prime.com\/index.php\/wp-json\/wp\/v2\/product"}],"about":[{"href":"https:\/\/de-prime.com\/index.php\/wp-json\/wp\/v2\/types\/product"}],"replies":[{"embeddable":true,"href":"https:\/\/de-prime.com\/index.php\/wp-json\/wp\/v2\/comments?post=57238"}],"wp:featuredmedia":[{"embeddable":true,"href":"https:\/\/de-prime.com\/index.php\/wp-json\/"}],"wp:attachment":[{"href":"https:\/\/de-prime.com\/index.php\/wp-json\/wp\/v2\/media?parent=57238"}],"wp:term":[{"taxonomy":"product_brand","embeddable":true,"href":"https:\/\/de-prime.com\/index.php\/wp-json\/wp\/v2\/product_brand?post=57238"},{"taxonomy":"product_cat","embeddable":true,"href":"https:\/\/de-prime.com\/index.php\/wp-json\/wp\/v2\/product_cat?post=57238"},{"taxonomy":"product_tag","embeddable":true,"href":"https:\/\/de-prime.com\/index.php\/wp-json\/wp\/v2\/product_tag?post=57238"}],"curies":[{"name":"wp","href":"https:\/\/api.w.org\/{rel}","templated":true}]}}