{"id":57203,"date":"2024-10-01T16:20:46","date_gmt":"2024-10-01T16:20:46","guid":{"rendered":"https:\/\/de-prime.com\/?p=57203"},"modified":"2024-10-01T16:42:00","modified_gmt":"2024-10-01T16:42:00","slug":"zeltteppich-600x250-cm-blau","status":"publish","type":"product","link":"https:\/\/de-prime.com\/index.php\/product\/zeltteppich-600x250-cm-blau\/","title":{"rendered":"Zeltteppich 600&#215;250 cm Blau"},"content":{"rendered":"<p>Dieser Zeltteppich passt zu jedem Zelt oder Vorzelt und macht Ihren Campingausflug noch komfortabler! Die Campingmatte besteht aus 100% Polypropylen, wodurch sie langlebig und f\u00fcr den Au\u00dfenbereich geeignet ist. Dank der handgewebten Ausf\u00fchrung ist der Outdoor-Teppich schimmelresistent und sorgt f\u00fcr gute Luftdurchl\u00e4ssigkeit. Der Zeltteppich kann bei Bedarf problemlos auf jede gew\u00fcnschte Gr\u00f6\u00dfe zugeschnitten werden. Mit der Dichte von 300 g\/m\u00b2 wird der Zeltboden meist im Freien f\u00fcr Schnellcamping, Familienzelte und als Vorzeltteppich f\u00fcr Wohnwagen verwendet. Er ist auch f\u00fcr Touren mit mehreren Rasten geeignet. Aufgrund seines geringen Gewichts l\u00e4sst er sich leicht verstauen.<\/p>\n<ul>\n<li>Farbe: Blau<\/li>\n<li>Material: 100% Polypropylen<\/li>\n<li>Gr\u00f6\u00dfe: 600 x 250 cm (L x B)<\/li>\n<li>Dichte: 300 g\/m\u00b2<\/li>\n<li>Leicht auf jede beliebige Gr\u00f6\u00dfe zuschneidbar<\/li>\n<\/ul>\n","protected":false},"excerpt":{"rendered":"<ul>\n<li>Farbe: Blau<\/li>\n<li>Material: 100% Polypropylen<\/li>\n<li>Gr\u00f6\u00dfe: 600 x 250 cm (L x B)<\/li>\n<li>Dichte: 300 g\/m\u00b2<\/li>\n<li>Leicht auf jede beliebige Gr\u00f6\u00dfe zuschneidbar<\/li>\n<\/ul>\n","protected":false},"featured_media":10000057203,"comment_status":"closed","ping_status":"closed","template":"","meta":[],"product_brand":[],"product_cat":[6859,6837,6836,7023],"product_tag":[],"class_list":{"0":"post-57203","1":"product","2":"type-product","3":"status-publish","4":"has-post-thumbnail","6":"product_cat-camping-wandern","7":"product_cat-outdoor-aktivitaeten","8":"product_cat-sportartikel","9":"product_cat-zeltzubehoer","11":"first","12":"instock","13":"taxable","14":"shipping-taxable","15":"purchasable","16":"product-type-simple","17":"add-to-wishlist-after_add_to_cart"},"jetpack_sharing_enabled":true,"_links":{"self":[{"href":"https:\/\/de-prime.com\/index.php\/wp-json\/wp\/v2\/product\/57203","targetHints":{"allow":["GET"]}}],"collection":[{"href":"https:\/\/de-prime.com\/index.php\/wp-json\/wp\/v2\/product"}],"about":[{"href":"https:\/\/de-prime.com\/index.php\/wp-json\/wp\/v2\/types\/product"}],"replies":[{"embeddable":true,"href":"https:\/\/de-prime.com\/index.php\/wp-json\/wp\/v2\/comments?post=57203"}],"wp:featuredmedia":[{"embeddable":true,"href":"https:\/\/de-prime.com\/index.php\/wp-json\/"}],"wp:attachment":[{"href":"https:\/\/de-prime.com\/index.php\/wp-json\/wp\/v2\/media?parent=57203"}],"wp:term":[{"taxonomy":"product_brand","embeddable":true,"href":"https:\/\/de-prime.com\/index.php\/wp-json\/wp\/v2\/product_brand?post=57203"},{"taxonomy":"product_cat","embeddable":true,"href":"https:\/\/de-prime.com\/index.php\/wp-json\/wp\/v2\/product_cat?post=57203"},{"taxonomy":"product_tag","embeddable":true,"href":"https:\/\/de-prime.com\/index.php\/wp-json\/wp\/v2\/product_tag?post=57203"}],"curies":[{"name":"wp","href":"https:\/\/api.w.org\/{rel}","templated":true}]}}