{"id":57186,"date":"2024-10-01T16:20:44","date_gmt":"2024-10-01T16:20:44","guid":{"rendered":"https:\/\/de-prime.com\/?p=57186"},"modified":"2024-10-01T16:40:38","modified_gmt":"2024-10-01T16:40:38","slug":"zeltteppich-250x600-cm-anthrazit","status":"publish","type":"product","link":"https:\/\/de-prime.com\/index.php\/product\/zeltteppich-250x600-cm-anthrazit\/","title":{"rendered":"Zeltteppich 250&#215;600 cm Anthrazit"},"content":{"rendered":"<p>Mit dem Zeltteppich werden Ihre Campingausfl\u00fcge gem\u00fctlicher. Der Zeltteppich ist aus Gewebenetz gefertigt und mit einer komfortablen und weichen Schaumstoffschicht versehen. Er hat eine offene Struktur, die f\u00fcr gute Luftdurchl\u00e4ssigkeit sorgt und wasser- sowie schmutzdurchl\u00e4ssig ist. Zudem ist der Gartenteppich leicht zu reinigen. Bei Bedarf l\u00e4sst sich der Zeltteppich auf jede beliebige Gr\u00f6\u00dfe zuschneiden. Achtung! Der Schaumstoff auf dem Teppich kann von Babys oder Kleinkindern gegriffen und gegessen werden. Bitte verwenden oder lagern Sie den Teppich fern von Babys oder Kindern.<\/p>\n<ul>\n<li>Farbe: Anthrazit<\/li>\n<li>Material: Gewebenetz mit PVC-Schaumstoffbeschichtung<\/li>\n<li>Gr\u00f6\u00dfe: 250 x 600 cm (B x L)<\/li>\n<li>Wetterbest\u00e4ndig und atmungsaktiv<\/li>\n<li>Keine Montage n\u00f6tig<\/li>\n<\/ul>\n","protected":false},"excerpt":{"rendered":"<ul>\n<li>Farbe: Anthrazit<\/li>\n<li>Material: Gewebenetz mit PVC-Schaumstoffbeschichtung<\/li>\n<li>Gr\u00f6\u00dfe: 250 x 600 cm (B x L)<\/li>\n<li>Wetterbest\u00e4ndig und atmungsaktiv<\/li>\n<li>Keine Montage n\u00f6tig<\/li>\n<\/ul>\n","protected":false},"featured_media":10000057186,"comment_status":"closed","ping_status":"closed","template":"","meta":[],"product_brand":[],"product_cat":[6859,6837,6836,7023],"product_tag":[],"class_list":{"0":"post-57186","1":"product","2":"type-product","3":"status-publish","4":"has-post-thumbnail","6":"product_cat-camping-wandern","7":"product_cat-outdoor-aktivitaeten","8":"product_cat-sportartikel","9":"product_cat-zeltzubehoer","11":"first","12":"instock","13":"taxable","14":"shipping-taxable","15":"purchasable","16":"product-type-simple","17":"add-to-wishlist-after_add_to_cart"},"jetpack_sharing_enabled":true,"_links":{"self":[{"href":"https:\/\/de-prime.com\/index.php\/wp-json\/wp\/v2\/product\/57186","targetHints":{"allow":["GET"]}}],"collection":[{"href":"https:\/\/de-prime.com\/index.php\/wp-json\/wp\/v2\/product"}],"about":[{"href":"https:\/\/de-prime.com\/index.php\/wp-json\/wp\/v2\/types\/product"}],"replies":[{"embeddable":true,"href":"https:\/\/de-prime.com\/index.php\/wp-json\/wp\/v2\/comments?post=57186"}],"wp:featuredmedia":[{"embeddable":true,"href":"https:\/\/de-prime.com\/index.php\/wp-json\/"}],"wp:attachment":[{"href":"https:\/\/de-prime.com\/index.php\/wp-json\/wp\/v2\/media?parent=57186"}],"wp:term":[{"taxonomy":"product_brand","embeddable":true,"href":"https:\/\/de-prime.com\/index.php\/wp-json\/wp\/v2\/product_brand?post=57186"},{"taxonomy":"product_cat","embeddable":true,"href":"https:\/\/de-prime.com\/index.php\/wp-json\/wp\/v2\/product_cat?post=57186"},{"taxonomy":"product_tag","embeddable":true,"href":"https:\/\/de-prime.com\/index.php\/wp-json\/wp\/v2\/product_tag?post=57186"}],"curies":[{"name":"wp","href":"https:\/\/api.w.org\/{rel}","templated":true}]}}