{"id":57171,"date":"2024-10-01T16:20:42","date_gmt":"2024-10-01T16:20:42","guid":{"rendered":"https:\/\/de-prime.com\/?p=57171"},"modified":"2024-10-01T16:40:25","modified_gmt":"2024-10-01T16:40:25","slug":"zeltteppich-300x500-cm-anthrazit-und-weiss","status":"publish","type":"product","link":"https:\/\/de-prime.com\/index.php\/product\/zeltteppich-300x500-cm-anthrazit-und-weiss\/","title":{"rendered":"Zeltteppich 300&#215;500 cm Anthrazit und Wei\u00df"},"content":{"rendered":"<p>Mit diesem Zeltteppich sind deine Campingausfl\u00fcge komfortabler. Leg ihn in dein Zelt, unter deine Wohnwagenmarkise oder auf deine Terrasse. Der Zeltteppich besteht aus hochdichtem Polyethylen, einem Material mit einer guten Wasserdurchl\u00e4ssigkeit und Atmungsaktivit\u00e4t. Der Outdoor-Teppich verf\u00fcgt \u00fcber integrierte \u00d6sen an seinen vier Ecken und 2 zus\u00e4tzliche \u00d6sen in der Mitte zur bequemen Befestigung. Dieser Outdoor-Teppich l\u00e4sst sich ganz einfach mit Wasser reinigen. Bei Bedarf kann der Zeltteppich einfach auf jede gew\u00fcnschte Gr\u00f6\u00dfe zugeschnitten werden.<\/p>\n<ul>\n<li>Farbe: Anthrazit und Wei\u00df<\/li>\n<li>Material: 100% Hochdichtes Polyethylen (HDPE)<\/li>\n<li>Gr\u00f6\u00dfe: 300 x 500 cm (B x L)<\/li>\n<li>Wetterbest\u00e4ndig und atmungsaktiv<\/li>\n<li>Zusammenbau erforderlich: Nein<\/li>\n<\/ul>\n","protected":false},"excerpt":{"rendered":"<ul>\n<li>Farbe: Anthrazit und Wei\u00df<\/li>\n<li>Material: 100% Hochdichtes Polyethylen (HDPE)<\/li>\n<li>Gr\u00f6\u00dfe: 300 x 500 cm (B x L)<\/li>\n<li>Wetterbest\u00e4ndig und atmungsaktiv<\/li>\n<li>Zusammenbau erforderlich: Nein<\/li>\n<\/ul>\n","protected":false},"featured_media":10000057171,"comment_status":"closed","ping_status":"closed","template":"","meta":[],"product_brand":[],"product_cat":[6859,6837,6836,7023],"product_tag":[],"class_list":{"0":"post-57171","1":"product","2":"type-product","3":"status-publish","4":"has-post-thumbnail","6":"product_cat-camping-wandern","7":"product_cat-outdoor-aktivitaeten","8":"product_cat-sportartikel","9":"product_cat-zeltzubehoer","11":"first","12":"instock","13":"taxable","14":"shipping-taxable","15":"purchasable","16":"product-type-simple","17":"add-to-wishlist-after_add_to_cart"},"jetpack_sharing_enabled":true,"_links":{"self":[{"href":"https:\/\/de-prime.com\/index.php\/wp-json\/wp\/v2\/product\/57171","targetHints":{"allow":["GET"]}}],"collection":[{"href":"https:\/\/de-prime.com\/index.php\/wp-json\/wp\/v2\/product"}],"about":[{"href":"https:\/\/de-prime.com\/index.php\/wp-json\/wp\/v2\/types\/product"}],"replies":[{"embeddable":true,"href":"https:\/\/de-prime.com\/index.php\/wp-json\/wp\/v2\/comments?post=57171"}],"wp:featuredmedia":[{"embeddable":true,"href":"https:\/\/de-prime.com\/index.php\/wp-json\/"}],"wp:attachment":[{"href":"https:\/\/de-prime.com\/index.php\/wp-json\/wp\/v2\/media?parent=57171"}],"wp:term":[{"taxonomy":"product_brand","embeddable":true,"href":"https:\/\/de-prime.com\/index.php\/wp-json\/wp\/v2\/product_brand?post=57171"},{"taxonomy":"product_cat","embeddable":true,"href":"https:\/\/de-prime.com\/index.php\/wp-json\/wp\/v2\/product_cat?post=57171"},{"taxonomy":"product_tag","embeddable":true,"href":"https:\/\/de-prime.com\/index.php\/wp-json\/wp\/v2\/product_tag?post=57171"}],"curies":[{"name":"wp","href":"https:\/\/api.w.org\/{rel}","templated":true}]}}