{"id":57136,"date":"2024-10-01T16:20:39","date_gmt":"2024-10-01T16:20:39","guid":{"rendered":"https:\/\/de-prime.com\/?p=57136"},"modified":"2024-10-01T16:39:58","modified_gmt":"2024-10-01T16:39:58","slug":"zeltteppich-beige-400x800-cm-hdpe","status":"publish","type":"product","link":"https:\/\/de-prime.com\/index.php\/product\/zeltteppich-beige-400x800-cm-hdpe\/","title":{"rendered":"Zeltteppich Beige 400&#215;800 cm HDPE"},"content":{"rendered":"<p>Mit diesem Zeltteppich sind deine Campingausfl\u00fcge komfortabler. Leg ihn in dein Zelt, unter deine Wohnwagenmarkise oder auf deine Terrasse. Langlebiges Material: Polyethylen hoher Dichte (HDPE) bietet eine starke Oberfl\u00e4chenbest\u00e4ndigkeit und ist sto\u00df- und kratzfest. Zudem ist es UV-best\u00e4ndig, was es vor Sonnensch\u00e4den und Verf\u00e4rbungen sch\u00fctzt. Praktische \u00d6sen: Der Outdoor-Teppich verf\u00fcgt \u00fcber integrierte \u00d6sen an seinen vier Ecken und 2 zus\u00e4tzliche \u00d6sen in der Mitte der L\u00e4ngsseite zur bequemen Befestigung. Einfache Reinigung: Der Terrassenteppich l\u00e4sst sich leicht mit Wasser reinigen.Schneidbar: Der Campingteppich kann bei Bedarf leicht auf jede gew\u00fcnschte Gr\u00f6\u00dfe zugeschnitten werden.<\/p>\n<ul>\n<li>Farbe: Beige<\/li>\n<li>Material: 100% HDPE (Polyethylen hoher Dichte)<\/li>\n<li>Gr\u00f6\u00dfe: 400 x 800 cm (B x L)<\/li>\n<li>Wetterbest\u00e4ndig und atmungsaktiv<\/li>\n<\/ul>\n","protected":false},"excerpt":{"rendered":"<ul>\n<li>Farbe: Beige<\/li>\n<li>Material: 100% HDPE (Polyethylen hoher Dichte)<\/li>\n<li>Gr\u00f6\u00dfe: 400 x 800 cm (B x L)<\/li>\n<li>Wetterbest\u00e4ndig und atmungsaktiv<\/li>\n<\/ul>\n","protected":false},"featured_media":10000057136,"comment_status":"closed","ping_status":"closed","template":"","meta":[],"product_brand":[],"product_cat":[6859,6837,6836,7023],"product_tag":[],"class_list":{"0":"post-57136","1":"product","2":"type-product","3":"status-publish","4":"has-post-thumbnail","6":"product_cat-camping-wandern","7":"product_cat-outdoor-aktivitaeten","8":"product_cat-sportartikel","9":"product_cat-zeltzubehoer","11":"first","12":"instock","13":"taxable","14":"shipping-taxable","15":"purchasable","16":"product-type-simple","17":"add-to-wishlist-after_add_to_cart"},"jetpack_sharing_enabled":true,"_links":{"self":[{"href":"https:\/\/de-prime.com\/index.php\/wp-json\/wp\/v2\/product\/57136","targetHints":{"allow":["GET"]}}],"collection":[{"href":"https:\/\/de-prime.com\/index.php\/wp-json\/wp\/v2\/product"}],"about":[{"href":"https:\/\/de-prime.com\/index.php\/wp-json\/wp\/v2\/types\/product"}],"replies":[{"embeddable":true,"href":"https:\/\/de-prime.com\/index.php\/wp-json\/wp\/v2\/comments?post=57136"}],"wp:featuredmedia":[{"embeddable":true,"href":"https:\/\/de-prime.com\/index.php\/wp-json\/"}],"wp:attachment":[{"href":"https:\/\/de-prime.com\/index.php\/wp-json\/wp\/v2\/media?parent=57136"}],"wp:term":[{"taxonomy":"product_brand","embeddable":true,"href":"https:\/\/de-prime.com\/index.php\/wp-json\/wp\/v2\/product_brand?post=57136"},{"taxonomy":"product_cat","embeddable":true,"href":"https:\/\/de-prime.com\/index.php\/wp-json\/wp\/v2\/product_cat?post=57136"},{"taxonomy":"product_tag","embeddable":true,"href":"https:\/\/de-prime.com\/index.php\/wp-json\/wp\/v2\/product_tag?post=57136"}],"curies":[{"name":"wp","href":"https:\/\/api.w.org\/{rel}","templated":true}]}}