{"id":57082,"date":"2024-10-01T16:20:32","date_gmt":"2024-10-01T16:20:32","guid":{"rendered":"https:\/\/de-prime.com\/?p=57082"},"modified":"2024-10-01T16:37:39","modified_gmt":"2024-10-01T16:37:39","slug":"zeltteppich-400x400-cm-blau-hdpe","status":"publish","type":"product","link":"https:\/\/de-prime.com\/index.php\/product\/zeltteppich-400x400-cm-blau-hdpe\/","title":{"rendered":"Zeltteppich 400&#215;400 cm Blau HDPE"},"content":{"rendered":"<p>Machen Sie Ihren Campingausflug mit diesem Zeltteppich noch komfortabler. Legen Sie ihn in Ihr Zelt, unter Ihre Wohnwagenmarkise oder auf Ihre Terrasse. Premium-MaterialDer Zeltteppich besteht aus hochdichtem Polyethylenmaterial, das eine gute Wasserdurchl\u00e4ssigkeit und Atmungsaktivit\u00e4t aufweist.Bequemes Design: Es ist mit den integrierten \u00d6sen an seinen vier Ecken f\u00fcr eine bequeme Befestigung ausgestattet.Pflegeleicht: Der Au\u00dfenteppich ist leicht mit Wasser zu reinigen. Bei Bedarf kann der Zeltteppich einfach auf jede gew\u00fcnschte Gr\u00f6\u00dfe zugeschnitten werden.<\/p>\n<ul>\n<li>Farbe: Blau<\/li>\n<li>Material: 100% Hochdichtes Polyethylen (HDPE)<\/li>\n<li>Gr\u00f6\u00dfe: 400 x 400 cm (B x L)<\/li>\n<li>Mit integrierten \u00d6sen an den vier Ecken<\/li>\n<li>Einfaches Zuschneiden auf jede gew\u00fcnschte Gr\u00f6\u00dfe<\/li>\n<li>Wetterbest\u00e4ndig und atmungsaktiv<\/li>\n<li>Montage erforderlich: Nein<\/li>\n<\/ul>\n","protected":false},"excerpt":{"rendered":"<ul>\n<li>Farbe: Blau<\/li>\n<li>Material: 100% Hochdichtes Polyethylen (HDPE)<\/li>\n<li>Gr\u00f6\u00dfe: 400 x 400 cm (B x L)<\/li>\n<li>Mit integrierten \u00d6sen an den vier Ecken<\/li>\n<li>Einfaches Zuschneiden auf jede gew\u00fcnschte Gr\u00f6\u00dfe<\/li>\n<li>Wetterbest\u00e4ndig und atmungsaktiv<\/li>\n<li>Montage erforderlich: Nein<\/li>\n<\/ul>\n","protected":false},"featured_media":10000057082,"comment_status":"closed","ping_status":"closed","template":"","meta":[],"product_brand":[],"product_cat":[6859,6837,6836,7023],"product_tag":[],"class_list":{"0":"post-57082","1":"product","2":"type-product","3":"status-publish","4":"has-post-thumbnail","6":"product_cat-camping-wandern","7":"product_cat-outdoor-aktivitaeten","8":"product_cat-sportartikel","9":"product_cat-zeltzubehoer","11":"first","12":"instock","13":"taxable","14":"shipping-taxable","15":"purchasable","16":"product-type-simple","17":"add-to-wishlist-after_add_to_cart"},"jetpack_sharing_enabled":true,"_links":{"self":[{"href":"https:\/\/de-prime.com\/index.php\/wp-json\/wp\/v2\/product\/57082","targetHints":{"allow":["GET"]}}],"collection":[{"href":"https:\/\/de-prime.com\/index.php\/wp-json\/wp\/v2\/product"}],"about":[{"href":"https:\/\/de-prime.com\/index.php\/wp-json\/wp\/v2\/types\/product"}],"replies":[{"embeddable":true,"href":"https:\/\/de-prime.com\/index.php\/wp-json\/wp\/v2\/comments?post=57082"}],"wp:featuredmedia":[{"embeddable":true,"href":"https:\/\/de-prime.com\/index.php\/wp-json\/"}],"wp:attachment":[{"href":"https:\/\/de-prime.com\/index.php\/wp-json\/wp\/v2\/media?parent=57082"}],"wp:term":[{"taxonomy":"product_brand","embeddable":true,"href":"https:\/\/de-prime.com\/index.php\/wp-json\/wp\/v2\/product_brand?post=57082"},{"taxonomy":"product_cat","embeddable":true,"href":"https:\/\/de-prime.com\/index.php\/wp-json\/wp\/v2\/product_cat?post=57082"},{"taxonomy":"product_tag","embeddable":true,"href":"https:\/\/de-prime.com\/index.php\/wp-json\/wp\/v2\/product_tag?post=57082"}],"curies":[{"name":"wp","href":"https:\/\/api.w.org\/{rel}","templated":true}]}}