{"id":57072,"date":"2024-10-01T16:20:31","date_gmt":"2024-10-01T16:20:31","guid":{"rendered":"https:\/\/de-prime.com\/?p=57072"},"modified":"2024-10-01T16:37:37","modified_gmt":"2024-10-01T16:37:37","slug":"zeltteppich-250x400-cm-blau","status":"publish","type":"product","link":"https:\/\/de-prime.com\/index.php\/product\/zeltteppich-250x400-cm-blau\/","title":{"rendered":"Zeltteppich 250&#215;400 cm Blau"},"content":{"rendered":"<p>Mit unserem Zeltteppich ist dein Campingausflug komfortabler. Lege ihn unter dein Zelt, in das Vorzelt oder auf die Terrasse. Komfortables Material: Der Zeltteppich besteht aus hochdichtem Polyethylen, das eine gute Wasserdurchl\u00e4ssigkeit und Atmungsaktivit\u00e4t besitzt. Praktisches Design: Der Zeltteppich ist zur einfachen Befestigung mit integrierten \u00d6sen an seinen vier Ecken versehen. Bei Bedarf kann der Zeltteppich einfach auf jede gew\u00fcnschte Gr\u00f6\u00dfe zugeschnitten werden. Einfache Reinigung: Der Au\u00dfenteppich l\u00e4sst sich leicht mit Wasser reinigen.<\/p>\n<ul>\n<li>Farbe: Blau<\/li>\n<li>Material: 100% Hochdichtes Polyethylen (HDPE)<\/li>\n<li>Gr\u00f6\u00dfe: 250 x 400 cm (B x L)<\/li>\n<li>Mit integrierten \u00d6sen an den vier Ecken<\/li>\n<li>Einfaches Zuschneiden auf jede gew\u00fcnschte Gr\u00f6\u00dfe<\/li>\n<li>Wetterbest\u00e4ndig und atmungsaktiv<\/li>\n<\/ul>\n","protected":false},"excerpt":{"rendered":"<ul>\n<li>Farbe: Blau<\/li>\n<li>Material: 100% Hochdichtes Polyethylen (HDPE)<\/li>\n<li>Gr\u00f6\u00dfe: 250 x 400 cm (B x L)<\/li>\n<li>Mit integrierten \u00d6sen an den vier Ecken<\/li>\n<li>Einfaches Zuschneiden auf jede gew\u00fcnschte Gr\u00f6\u00dfe<\/li>\n<li>Wetterbest\u00e4ndig und atmungsaktiv<\/li>\n<\/ul>\n","protected":false},"featured_media":10000057072,"comment_status":"closed","ping_status":"closed","template":"","meta":[],"product_brand":[],"product_cat":[6859,6837,6836,7023],"product_tag":[],"class_list":{"0":"post-57072","1":"product","2":"type-product","3":"status-publish","4":"has-post-thumbnail","6":"product_cat-camping-wandern","7":"product_cat-outdoor-aktivitaeten","8":"product_cat-sportartikel","9":"product_cat-zeltzubehoer","11":"first","12":"instock","13":"taxable","14":"shipping-taxable","15":"purchasable","16":"product-type-simple","17":"add-to-wishlist-after_add_to_cart"},"jetpack_sharing_enabled":true,"_links":{"self":[{"href":"https:\/\/de-prime.com\/index.php\/wp-json\/wp\/v2\/product\/57072","targetHints":{"allow":["GET"]}}],"collection":[{"href":"https:\/\/de-prime.com\/index.php\/wp-json\/wp\/v2\/product"}],"about":[{"href":"https:\/\/de-prime.com\/index.php\/wp-json\/wp\/v2\/types\/product"}],"replies":[{"embeddable":true,"href":"https:\/\/de-prime.com\/index.php\/wp-json\/wp\/v2\/comments?post=57072"}],"wp:featuredmedia":[{"embeddable":true,"href":"https:\/\/de-prime.com\/index.php\/wp-json\/"}],"wp:attachment":[{"href":"https:\/\/de-prime.com\/index.php\/wp-json\/wp\/v2\/media?parent=57072"}],"wp:term":[{"taxonomy":"product_brand","embeddable":true,"href":"https:\/\/de-prime.com\/index.php\/wp-json\/wp\/v2\/product_brand?post=57072"},{"taxonomy":"product_cat","embeddable":true,"href":"https:\/\/de-prime.com\/index.php\/wp-json\/wp\/v2\/product_cat?post=57072"},{"taxonomy":"product_tag","embeddable":true,"href":"https:\/\/de-prime.com\/index.php\/wp-json\/wp\/v2\/product_tag?post=57072"}],"curies":[{"name":"wp","href":"https:\/\/api.w.org\/{rel}","templated":true}]}}