{"id":57041,"date":"2024-10-01T16:20:27","date_gmt":"2024-10-01T16:20:27","guid":{"rendered":"https:\/\/de-prime.com\/?p=57041"},"modified":"2024-10-01T16:39:48","modified_gmt":"2024-10-01T16:39:48","slug":"zeltheringe-50-stk-30-cm-o7-mm-verzinkter-stahl","status":"publish","type":"product","link":"https:\/\/de-prime.com\/index.php\/product\/zeltheringe-50-stk-30-cm-o7-mm-verzinkter-stahl\/","title":{"rendered":"Zeltheringe 50 Stk. 30 cm \u00d87 mm Verzinkter Stahl"},"content":{"rendered":"<p>Verbessere dein Camping-Erlebnis im Freien, indem du dein Zelt oder andere Outdoor-Ausr\u00fcstung m\u00fchelos mit diesen zuverl\u00e4ssigen Zeltheringen sicherst! Hochleistungsstahl: Aus rostbest\u00e4ndigem, verzinktem Stahl gefertigt, sind die Zeltheringe au\u00dfergew\u00f6hnlich haltbar, robust, formbest\u00e4ndig und auf eine lange Lebensdauer ausgelegt.Einfache Befestigung: Dieser Bodenanker l\u00e4sst sich m\u00fchelos mit einem Hammer in normalen Boden einschlagen.Praktisches Design: Der obere Haken erleichtert das Herausziehen des Zeltherings und verhindert das Verrutschen der Abspannseile und Spanngurte.Einfache Verwendung: Neige den Hering zum Boden, wenn du ihn in den Boden steckst. Diese Position gew\u00e4hrleistet eine h\u00f6here Festigkeit und Windbest\u00e4ndigkeit, um verschiedene Gegenst\u00e4nde sicher zu verankern.Vielseitig einsetzbar: Der Zelthering ist ein multifunktionales Hilfsmittel zur Verankerung verschiedener Outdoor-Ausr\u00fcstungen wie Zelte, Pavillons, Markisen, Sichtschutzw\u00e4nde, Vorzelte und Angelausr\u00fcstung.<\/p>\n<ul>\n<li>Farbe: Silbern<\/li>\n<li>Material: Verzinkter Stahl<\/li>\n<li>Gr\u00f6\u00dfe: 30 x 3 cm (L x B)<\/li>\n<li>Durchmesser: 7 mm<\/li>\n<li>Gewicht (pro St\u00fcck): 97 g<\/li>\n<li><strong>Lieferung umfasst:<\/strong><\/li>\n<li>50 x Zelthering<\/li>\n<\/ul>\n","protected":false},"excerpt":{"rendered":"<ul>\n<li>Farbe: Silbern<\/li>\n<li>Material: Verzinkter Stahl<\/li>\n<li>Gr\u00f6\u00dfe: 30 x 3 cm (L x B)<\/li>\n<li>Durchmesser: 7 mm<\/li>\n<li>Gewicht (pro St\u00fcck): 97 g<\/li>\n<li><strong>Lieferung umfasst:<\/strong><\/li>\n<li>50 x Zelthering<\/li>\n<\/ul>\n","protected":false},"featured_media":10000057041,"comment_status":"closed","ping_status":"closed","template":"","meta":[],"product_brand":[],"product_cat":[6859,6837,6836,7023],"product_tag":[],"class_list":{"0":"post-57041","1":"product","2":"type-product","3":"status-publish","4":"has-post-thumbnail","6":"product_cat-camping-wandern","7":"product_cat-outdoor-aktivitaeten","8":"product_cat-sportartikel","9":"product_cat-zeltzubehoer","11":"first","12":"instock","13":"taxable","14":"shipping-taxable","15":"purchasable","16":"product-type-simple","17":"add-to-wishlist-after_add_to_cart"},"jetpack_sharing_enabled":true,"_links":{"self":[{"href":"https:\/\/de-prime.com\/index.php\/wp-json\/wp\/v2\/product\/57041","targetHints":{"allow":["GET"]}}],"collection":[{"href":"https:\/\/de-prime.com\/index.php\/wp-json\/wp\/v2\/product"}],"about":[{"href":"https:\/\/de-prime.com\/index.php\/wp-json\/wp\/v2\/types\/product"}],"replies":[{"embeddable":true,"href":"https:\/\/de-prime.com\/index.php\/wp-json\/wp\/v2\/comments?post=57041"}],"wp:featuredmedia":[{"embeddable":true,"href":"https:\/\/de-prime.com\/index.php\/wp-json\/"}],"wp:attachment":[{"href":"https:\/\/de-prime.com\/index.php\/wp-json\/wp\/v2\/media?parent=57041"}],"wp:term":[{"taxonomy":"product_brand","embeddable":true,"href":"https:\/\/de-prime.com\/index.php\/wp-json\/wp\/v2\/product_brand?post=57041"},{"taxonomy":"product_cat","embeddable":true,"href":"https:\/\/de-prime.com\/index.php\/wp-json\/wp\/v2\/product_cat?post=57041"},{"taxonomy":"product_tag","embeddable":true,"href":"https:\/\/de-prime.com\/index.php\/wp-json\/wp\/v2\/product_tag?post=57041"}],"curies":[{"name":"wp","href":"https:\/\/api.w.org\/{rel}","templated":true}]}}