{"id":56956,"date":"2024-10-01T16:20:18","date_gmt":"2024-10-01T16:20:18","guid":{"rendered":"https:\/\/de-prime.com\/?p=56956"},"modified":"2024-10-01T16:42:37","modified_gmt":"2024-10-01T16:42:37","slug":"spanngummis-mit-haken-50-stk-17-cm","status":"publish","type":"product","link":"https:\/\/de-prime.com\/index.php\/product\/spanngummis-mit-haken-50-stk-17-cm\/","title":{"rendered":"Spanngummis mit Haken 50 Stk. 17 cm"},"content":{"rendered":"<p>Dieses Spanngummi mit Haken l\u00e4sst sich leicht anbringen und abnehmen und eignet sich ideal, um verschiedene Sachen zu sichern oder zu organisieren. Langlebig und robust: Diese Bungee-Schnur besteht aus Polypropylen und Gummi. Sie ist elastisch und sorgt f\u00fcr eine konstante Spannung. Daher bietet das Seil eine ausgezeichnete Elastizit\u00e4t und Verschlei\u00dffestigkeit, wodurch es sehr strapazierf\u00e4hig ist und nicht leicht zerrei\u00dft.Einfacher Einsatz: Das Gummiseil ist an jedem Ende mit einem starken und robusten Haken versehen, der sich nicht leicht verformen l\u00e4sst.Einfacher Transport und einfache Lagerung: Das Spanngummi besitzt ein geringes Eigengewicht und l\u00e4sst sich daher m\u00fchelos \u00fcberall transportieren und platzsparend verstauen.Vielseitig einsetzbar: Diese Expanderschlinge mit Haken besitzt eine hohe Elastizit\u00e4t und l\u00e4sst sich zum Transportieren und Festbinden verschiedener Gegenst\u00e4nde verwenden. Dar\u00fcber hinaus kann sie auch zum Sichern von Zelten, Planen, Tarps, Bannern usw. verwendet werden.<\/p>\n<ul>\n<li>Farbe: Schwarz<\/li>\n<li>Seilmaterial: PP (Polypropylen) und Gummi<\/li>\n<li>Hakenmaterial: Eisen<\/li>\n<li>Seilgr\u00f6\u00dfe: 12 x 0,5 cm (L x Durchmesser)<\/li>\n<li>Hakenl\u00e4nge: 5 cm<\/li>\n<li>Gesamtl\u00e4nge: 17 cm<\/li>\n<li>Belastbarkeit: 20 kg<\/li>\n<li> <\/li>\n<li><strong>Lieferung umfasst:<\/strong><\/li>\n<li>50 x Spanngummi<\/li>\n<\/ul>\n","protected":false},"excerpt":{"rendered":"<ul>\n<li>Farbe: Schwarz<\/li>\n<li>Seilmaterial: PP (Polypropylen) und Gummi<\/li>\n<li>Hakenmaterial: Eisen<\/li>\n<li>Seilgr\u00f6\u00dfe: 12 x 0,5 cm (L x Durchmesser)<\/li>\n<li>Hakenl\u00e4nge: 5 cm<\/li>\n<li>Gesamtl\u00e4nge: 17 cm<\/li>\n<li>Belastbarkeit: 20 kg<\/li>\n<li> <\/li>\n<li><strong>Lieferung umfasst:<\/strong><\/li>\n<li>50 x Spanngummi<\/li>\n<\/ul>\n","protected":false},"featured_media":10000056956,"comment_status":"closed","ping_status":"closed","template":"","meta":[],"product_brand":[],"product_cat":[6859,6837,6836,7023],"product_tag":[],"class_list":{"0":"post-56956","1":"product","2":"type-product","3":"status-publish","4":"has-post-thumbnail","6":"product_cat-camping-wandern","7":"product_cat-outdoor-aktivitaeten","8":"product_cat-sportartikel","9":"product_cat-zeltzubehoer","11":"first","12":"instock","13":"taxable","14":"shipping-taxable","15":"purchasable","16":"product-type-simple","17":"add-to-wishlist-after_add_to_cart"},"jetpack_sharing_enabled":true,"_links":{"self":[{"href":"https:\/\/de-prime.com\/index.php\/wp-json\/wp\/v2\/product\/56956","targetHints":{"allow":["GET"]}}],"collection":[{"href":"https:\/\/de-prime.com\/index.php\/wp-json\/wp\/v2\/product"}],"about":[{"href":"https:\/\/de-prime.com\/index.php\/wp-json\/wp\/v2\/types\/product"}],"replies":[{"embeddable":true,"href":"https:\/\/de-prime.com\/index.php\/wp-json\/wp\/v2\/comments?post=56956"}],"wp:featuredmedia":[{"embeddable":true,"href":"https:\/\/de-prime.com\/index.php\/wp-json\/"}],"wp:attachment":[{"href":"https:\/\/de-prime.com\/index.php\/wp-json\/wp\/v2\/media?parent=56956"}],"wp:term":[{"taxonomy":"product_brand","embeddable":true,"href":"https:\/\/de-prime.com\/index.php\/wp-json\/wp\/v2\/product_brand?post=56956"},{"taxonomy":"product_cat","embeddable":true,"href":"https:\/\/de-prime.com\/index.php\/wp-json\/wp\/v2\/product_cat?post=56956"},{"taxonomy":"product_tag","embeddable":true,"href":"https:\/\/de-prime.com\/index.php\/wp-json\/wp\/v2\/product_tag?post=56956"}],"curies":[{"name":"wp","href":"https:\/\/api.w.org\/{rel}","templated":true}]}}