{"id":56948,"date":"2024-10-01T16:20:17","date_gmt":"2024-10-01T16:20:17","guid":{"rendered":"https:\/\/de-prime.com\/?p=56948"},"modified":"2024-10-01T16:39:55","modified_gmt":"2024-10-01T16:39:55","slug":"sonnensegel-stangen-2-stk-250-cm-verzinkter-stahl","status":"publish","type":"product","link":"https:\/\/de-prime.com\/index.php\/product\/sonnensegel-stangen-2-stk-250-cm-verzinkter-stahl\/","title":{"rendered":"Sonnensegel Stangen 2 Stk. 250 cm Verzinkter Stahl"},"content":{"rendered":"<p>Schaffen Sie mit diesen praktischen Sonnensegel-Stangen einfach und schnell den perfekten Sonnenschutz! Die Zeltstange aus verzinktem Stahl ist robust und langlebig. Der Spie\u00df kann verwendet werden, um das Seil zu befestigen, was zus\u00e4tzliche Stabilit\u00e4t verleiht. Diese Sonnensegel-Stange ist einfach einzurichten, zu tragen und zu lagern.<\/p>\n<ul>\n<li>Material: Verzinkter Stahl<\/li>\n<li>Stangen-L\u00e4nge: 250 cm<\/li>\n<li>Stangen-Durchmesser: 22 mm<\/li>\n<li>Seill\u00e4nge: 350 cm<\/li>\n<li>Seil-Durchmesser: 4 mm<\/li>\n<li>Zusammenbau erforderlich: Ja<\/li>\n<li><strong>Lieferung enth\u00e4lt:<\/strong><\/li>\n<li>2 x Stangen<\/li>\n<li>2 x Spie\u00df<\/li>\n<li>2 x Seil<\/li>\n<\/ul>\n","protected":false},"excerpt":{"rendered":"<ul>\n<li>Material: Verzinkter Stahl<\/li>\n<li>Stangen-L\u00e4nge: 250 cm<\/li>\n<li>Stangen-Durchmesser: 22 mm<\/li>\n<li>Seill\u00e4nge: 350 cm<\/li>\n<li>Seil-Durchmesser: 4 mm<\/li>\n<li>Zusammenbau erforderlich: Ja<\/li>\n<li><strong>Lieferung enth\u00e4lt:<\/strong><\/li>\n<li>2 x Stangen<\/li>\n<li>2 x Spie\u00df<\/li>\n<li>2 x Seil<\/li>\n<\/ul>\n","protected":false},"featured_media":10000056948,"comment_status":"closed","ping_status":"closed","template":"","meta":[],"product_brand":[],"product_cat":[6859,6837,6836,7024,7023],"product_tag":[],"class_list":{"0":"post-56948","1":"product","2":"type-product","3":"status-publish","4":"has-post-thumbnail","6":"product_cat-camping-wandern","7":"product_cat-outdoor-aktivitaeten","8":"product_cat-sportartikel","9":"product_cat-zeltstangen-heringe","10":"product_cat-zeltzubehoer","12":"first","13":"instock","14":"taxable","15":"shipping-taxable","16":"purchasable","17":"product-type-simple","18":"add-to-wishlist-after_add_to_cart"},"jetpack_sharing_enabled":true,"_links":{"self":[{"href":"https:\/\/de-prime.com\/index.php\/wp-json\/wp\/v2\/product\/56948","targetHints":{"allow":["GET"]}}],"collection":[{"href":"https:\/\/de-prime.com\/index.php\/wp-json\/wp\/v2\/product"}],"about":[{"href":"https:\/\/de-prime.com\/index.php\/wp-json\/wp\/v2\/types\/product"}],"replies":[{"embeddable":true,"href":"https:\/\/de-prime.com\/index.php\/wp-json\/wp\/v2\/comments?post=56948"}],"wp:featuredmedia":[{"embeddable":true,"href":"https:\/\/de-prime.com\/index.php\/wp-json\/"}],"wp:attachment":[{"href":"https:\/\/de-prime.com\/index.php\/wp-json\/wp\/v2\/media?parent=56948"}],"wp:term":[{"taxonomy":"product_brand","embeddable":true,"href":"https:\/\/de-prime.com\/index.php\/wp-json\/wp\/v2\/product_brand?post=56948"},{"taxonomy":"product_cat","embeddable":true,"href":"https:\/\/de-prime.com\/index.php\/wp-json\/wp\/v2\/product_cat?post=56948"},{"taxonomy":"product_tag","embeddable":true,"href":"https:\/\/de-prime.com\/index.php\/wp-json\/wp\/v2\/product_tag?post=56948"}],"curies":[{"name":"wp","href":"https:\/\/api.w.org\/{rel}","templated":true}]}}