{"id":56861,"date":"2024-10-01T16:20:08","date_gmt":"2024-10-01T16:20:08","guid":{"rendered":"https:\/\/de-prime.com\/?p=56861"},"modified":"2024-10-01T16:39:42","modified_gmt":"2024-10-01T16:39:42","slug":"campingzelt-4-personen-grau-und-orange","status":"publish","type":"product","link":"https:\/\/de-prime.com\/index.php\/product\/campingzelt-4-personen-grau-und-orange\/","title":{"rendered":"Campingzelt 4 Personen Grau und Orange"},"content":{"rendered":"<p>Dieses gro\u00dfe Zelt ist perfekt f\u00fcr alle deine Camping-Abenteuer! Es hat eine komfortable Schlafkabine, die sich f\u00fcr das Campen im Freien, f\u00fcr Reisen und f\u00fcr den Urlaub bestens eignet. Dieses Zelt ist gro\u00df genug, um bis zu 4 Personen zu beherbergen. Es ist einfach aufzubauen und kann in wenigen Minuten abgebaut werden. Das Innenzelt-Material ist atmungsaktiv und der Zeltboden ist mit einer PE-Folie versehen. Um ein 100% wasserdichtes Zelt zu erhalten, empfehlen wir, das Zelt mit einem Spray zu behandeln. Die mitgelieferte Tragetasche dient dem einfachen Transport und der Lagerung. Hinweis: Dieses 4-Personen-Zelt bietet Platz f\u00fcr bis zu vier Personen. Wir empfehlen jedoch dieses Zelt f\u00fcr zwei Camper mitsamt ihrer Ausr\u00fcstung, damit sie gen\u00fcgend Platz und Komfort genie\u00dfen k\u00f6nnen. Gut zu wissen: Das Zelt ist f\u00fcr den gelegentlichen und kurzfristigen Einsatz konzipiert (Stufe 1). Obwohl das Zelt regenbest\u00e4ndig ist, sollte es haupts\u00e4chlich bei sch\u00f6nem Wetter verwendet werden.<\/p>\n<ul>\n<li>Farbe: Grau und Orange<\/li>\n<li>Material: Stoff, Glasfaser<\/li>\n<li>Gesamtabmessungen: 410 x 175 x 105 cm (L x B x H)<\/li>\n<li>Personenzahl: 4<\/li>\n<li>Anzahl der Kabinen: 1<\/li>\n<li>1 Fenster zur Bel\u00fcftung<\/li>\n<li>Zusammenbau erforderlich: Ja<\/li>\n<\/ul>\n","protected":false},"excerpt":{"rendered":"<ul>\n<li>Farbe: Grau und Orange<\/li>\n<li>Material: Stoff, Glasfaser<\/li>\n<li>Gesamtabmessungen: 410 x 175 x 105 cm (L x B x H)<\/li>\n<li>Personenzahl: 4<\/li>\n<li>Anzahl der Kabinen: 1<\/li>\n<li>1 Fenster zur Bel\u00fcftung<\/li>\n<li>Zusammenbau erforderlich: Ja<\/li>\n<\/ul>\n","protected":false},"featured_media":10000056861,"comment_status":"closed","ping_status":"closed","template":"","meta":[],"product_brand":[],"product_cat":[6859,6837,6836,6987],"product_tag":[],"class_list":{"0":"post-56861","1":"product","2":"type-product","3":"status-publish","4":"has-post-thumbnail","6":"product_cat-camping-wandern","7":"product_cat-outdoor-aktivitaeten","8":"product_cat-sportartikel","9":"product_cat-zelte","11":"first","12":"outofstock","13":"taxable","14":"shipping-taxable","15":"purchasable","16":"product-type-simple","17":"add-to-wishlist-after_add_to_cart"},"jetpack_sharing_enabled":true,"_links":{"self":[{"href":"https:\/\/de-prime.com\/index.php\/wp-json\/wp\/v2\/product\/56861","targetHints":{"allow":["GET"]}}],"collection":[{"href":"https:\/\/de-prime.com\/index.php\/wp-json\/wp\/v2\/product"}],"about":[{"href":"https:\/\/de-prime.com\/index.php\/wp-json\/wp\/v2\/types\/product"}],"replies":[{"embeddable":true,"href":"https:\/\/de-prime.com\/index.php\/wp-json\/wp\/v2\/comments?post=56861"}],"wp:featuredmedia":[{"embeddable":true,"href":"https:\/\/de-prime.com\/index.php\/wp-json\/"}],"wp:attachment":[{"href":"https:\/\/de-prime.com\/index.php\/wp-json\/wp\/v2\/media?parent=56861"}],"wp:term":[{"taxonomy":"product_brand","embeddable":true,"href":"https:\/\/de-prime.com\/index.php\/wp-json\/wp\/v2\/product_brand?post=56861"},{"taxonomy":"product_cat","embeddable":true,"href":"https:\/\/de-prime.com\/index.php\/wp-json\/wp\/v2\/product_cat?post=56861"},{"taxonomy":"product_tag","embeddable":true,"href":"https:\/\/de-prime.com\/index.php\/wp-json\/wp\/v2\/product_tag?post=56861"}],"curies":[{"name":"wp","href":"https:\/\/api.w.org\/{rel}","templated":true}]}}