{"id":56857,"date":"2024-10-01T16:20:07","date_gmt":"2024-10-01T16:20:07","guid":{"rendered":"https:\/\/de-prime.com\/?p=56857"},"modified":"2024-10-01T16:39:41","modified_gmt":"2024-10-01T16:39:41","slug":"camping-zelt-iglu-650x240x190-cm-8-personen-camouflage","status":"publish","type":"product","link":"https:\/\/de-prime.com\/index.php\/product\/camping-zelt-iglu-650x240x190-cm-8-personen-camouflage\/","title":{"rendered":"Camping-Zelt Iglu 650x240x190 cm 8 Personen Camouflage"},"content":{"rendered":"<p>Dieses Campingzelt bietet viel Platz f\u00fcr bis zu 8 Personen mit Gep\u00e4ck. Es eignet sich perfekt f\u00fcr einen Familienausflug mit den Kindern oder ein Wochenende mit Freunden. Das Zeltdach ist aus atmungsaktivem 180-T-Polyestergewebe mit PA-Beschichtung gefertigt, das die meisten sch\u00e4dlichen Strahlen abh\u00e4lt. Gegen Schmutz und aufsteigende Bodenfeuchtigkeit ist der Boden aus Oxford-Gewebe im Inneren fest mit dem Zelt vern\u00e4ht. Die robusten Fiberglas-Stangen sorgen f\u00fcr Stabilit\u00e4t und Langlebigkeit. Beide Seiten sind mit Netzfenstern versehen, die f\u00fcr frische Luft sorgen und Ungeziefer fernhalten. Die T\u00fcren mit Rei\u00dfverschl\u00fcssen erm\u00f6glichen einen einfachen Ein- und Ausstieg. Das Zelt ist au\u00dferdem mit Heringen ausgestattet, die bei starkem Wind f\u00fcr mehr Stabilit\u00e4t sorgen. Die mitgelieferte Reisetasche erleicht den Transport und die Lagerung. Hinweis:Das Zelt ist f\u00fcr den seltenen und kurzfristigen Gebrauch bestimmt (Leistungsstufe 1). Obwohl regenfest, sollten diese Zelte haupts\u00e4chlich bei sch\u00f6nem Wetter verwendet werden.<\/p>\n<ul>\n<li>Farbe: Tarnung<\/li>\n<li>Material: Gewebe (100% Polyester) mit PA-Beschichtung, Fiberglas<\/li>\n<li>Abmessungen: 650 x 240 x 190 cm (L x B x H)<\/li>\n<li>Platz f\u00fcr bis zu 8 Personen<\/li>\n<li>Atmungsaktiv und gut bel\u00fcftet<\/li>\n<li>T\u00fcr mit Rei\u00dfverschluss und Netzfenster<\/li>\n<li>Gewicht: 8,7 kg<\/li>\n<li>Zusammenbau erforderlich: Ja<\/li>\n<li><strong>Lieferung umfasst:<\/strong><\/li>\n<li>1 x Iglu-Zelt<\/li>\n<li>33 x Hering<\/li>\n<li>14 x Abspannseil<\/li>\n<\/ul>\n","protected":false},"excerpt":{"rendered":"<ul>\n<li>Farbe: Tarnung<\/li>\n<li>Material: Gewebe (100% Polyester) mit PA-Beschichtung, Fiberglas<\/li>\n<li>Abmessungen: 650 x 240 x 190 cm (L x B x H)<\/li>\n<li>Platz f\u00fcr bis zu 8 Personen<\/li>\n<li>Atmungsaktiv und gut bel\u00fcftet<\/li>\n<li>T\u00fcr mit Rei\u00dfverschluss und Netzfenster<\/li>\n<li>Gewicht: 8,7 kg<\/li>\n<li>Zusammenbau erforderlich: Ja<\/li>\n<li><strong>Lieferung umfasst:<\/strong><\/li>\n<li>1 x Iglu-Zelt<\/li>\n<li>33 x Hering<\/li>\n<li>14 x Abspannseil<\/li>\n<\/ul>\n","protected":false},"featured_media":10000056857,"comment_status":"closed","ping_status":"closed","template":"","meta":[],"product_brand":[],"product_cat":[6859,6837,6836,6987],"product_tag":[],"class_list":{"0":"post-56857","1":"product","2":"type-product","3":"status-publish","4":"has-post-thumbnail","6":"product_cat-camping-wandern","7":"product_cat-outdoor-aktivitaeten","8":"product_cat-sportartikel","9":"product_cat-zelte","11":"first","12":"outofstock","13":"taxable","14":"shipping-taxable","15":"purchasable","16":"product-type-simple","17":"add-to-wishlist-after_add_to_cart"},"jetpack_sharing_enabled":true,"_links":{"self":[{"href":"https:\/\/de-prime.com\/index.php\/wp-json\/wp\/v2\/product\/56857","targetHints":{"allow":["GET"]}}],"collection":[{"href":"https:\/\/de-prime.com\/index.php\/wp-json\/wp\/v2\/product"}],"about":[{"href":"https:\/\/de-prime.com\/index.php\/wp-json\/wp\/v2\/types\/product"}],"replies":[{"embeddable":true,"href":"https:\/\/de-prime.com\/index.php\/wp-json\/wp\/v2\/comments?post=56857"}],"wp:featuredmedia":[{"embeddable":true,"href":"https:\/\/de-prime.com\/index.php\/wp-json\/"}],"wp:attachment":[{"href":"https:\/\/de-prime.com\/index.php\/wp-json\/wp\/v2\/media?parent=56857"}],"wp:term":[{"taxonomy":"product_brand","embeddable":true,"href":"https:\/\/de-prime.com\/index.php\/wp-json\/wp\/v2\/product_brand?post=56857"},{"taxonomy":"product_cat","embeddable":true,"href":"https:\/\/de-prime.com\/index.php\/wp-json\/wp\/v2\/product_cat?post=56857"},{"taxonomy":"product_tag","embeddable":true,"href":"https:\/\/de-prime.com\/index.php\/wp-json\/wp\/v2\/product_tag?post=56857"}],"curies":[{"name":"wp","href":"https:\/\/api.w.org\/{rel}","templated":true}]}}