{"id":56853,"date":"2024-10-01T16:20:06","date_gmt":"2024-10-01T16:20:06","guid":{"rendered":"https:\/\/de-prime.com\/?p=56853"},"modified":"2024-10-01T16:37:39","modified_gmt":"2024-10-01T16:37:39","slug":"zelt-fuer-4-personen-mehrfarbig","status":"publish","type":"product","link":"https:\/\/de-prime.com\/index.php\/product\/zelt-fuer-4-personen-mehrfarbig\/","title":{"rendered":"Zelt f\u00fcr 4 Personen Mehrfarbig"},"content":{"rendered":"<p>Dieses einzigartige Campingzelt ist gut f\u00fcr alle deine Outdoor-Abenteuer! Es hat einen komfortablen Innenraum und eignet sich f\u00fcr Camping im Freien, Festivals und Urlaub auf einem Campingplatz. Das Au\u00dfenzelt und der Boden sorgen daf\u00fcr, dass das Innere trocken und sauber ist. Die Eisen-Rahmenstruktur sorgt f\u00fcr Robustheit und Haltbarkeit. Dieses Zelt hat zwei Fenster mit Mesh-Insektenschutz, die eine bessere Luftzirkulation und insektenfreie Sommern\u00e4chte erm\u00f6glichen. Dieses 4-Personen-Campingzelt kann in der mitgelieferten Tragetasche ordentlich verpackt werden, was Transport und Lagerung erleichtert. Dieses Zelt ist eine ausgezeichnete Wahl f\u00fcr diejenigen, die den Tipi-Look m\u00f6gen. Hinweis:Das Zelt ist f\u00fcr den seltenen und kurzfristigen Gebrauch bestimmt (Leistungsstufe 1). Obwohl regenfest, sollten diese Zelte haupts\u00e4chlich bei sch\u00f6nem Wetter verwendet werden.<\/p>\n<ul>\n<li>Farbe: Gr\u00fcn<\/li>\n<li>Material: 180 T Polyestergewebe mit PA-Beschichtung<\/li>\n<li>Gr\u00f6\u00dfe: 300 x 200 cm (L x B)<\/li>\n<li>UV-best\u00e4ndig<\/li>\n<li>Einfach aufzustellen<\/li>\n<li>Die Lieferung umfasst 6 Heringe und 6 Abspannseile<\/li>\n<\/ul>\n","protected":false},"excerpt":{"rendered":"<ul>\n<li>Farbe: Gr\u00fcn<\/li>\n<li>Material: 180 T Polyestergewebe mit PA-Beschichtung<\/li>\n<li>Gr\u00f6\u00dfe: 300 x 200 cm (L x B)<\/li>\n<li>UV-best\u00e4ndig<\/li>\n<li>Einfach aufzustellen<\/li>\n<li>Die Lieferung umfasst 6 Heringe und 6 Abspannseile<\/li>\n<\/ul>\n","protected":false},"featured_media":10000056853,"comment_status":"closed","ping_status":"closed","template":"","meta":[],"product_brand":[],"product_cat":[6859,6837,6836,6987],"product_tag":[],"class_list":{"0":"post-56853","1":"product","2":"type-product","3":"status-publish","4":"has-post-thumbnail","6":"product_cat-camping-wandern","7":"product_cat-outdoor-aktivitaeten","8":"product_cat-sportartikel","9":"product_cat-zelte","11":"first","12":"instock","13":"taxable","14":"shipping-taxable","15":"purchasable","16":"product-type-simple","17":"add-to-wishlist-after_add_to_cart"},"jetpack_sharing_enabled":true,"_links":{"self":[{"href":"https:\/\/de-prime.com\/index.php\/wp-json\/wp\/v2\/product\/56853","targetHints":{"allow":["GET"]}}],"collection":[{"href":"https:\/\/de-prime.com\/index.php\/wp-json\/wp\/v2\/product"}],"about":[{"href":"https:\/\/de-prime.com\/index.php\/wp-json\/wp\/v2\/types\/product"}],"replies":[{"embeddable":true,"href":"https:\/\/de-prime.com\/index.php\/wp-json\/wp\/v2\/comments?post=56853"}],"wp:featuredmedia":[{"embeddable":true,"href":"https:\/\/de-prime.com\/index.php\/wp-json\/"}],"wp:attachment":[{"href":"https:\/\/de-prime.com\/index.php\/wp-json\/wp\/v2\/media?parent=56853"}],"wp:term":[{"taxonomy":"product_brand","embeddable":true,"href":"https:\/\/de-prime.com\/index.php\/wp-json\/wp\/v2\/product_brand?post=56853"},{"taxonomy":"product_cat","embeddable":true,"href":"https:\/\/de-prime.com\/index.php\/wp-json\/wp\/v2\/product_cat?post=56853"},{"taxonomy":"product_tag","embeddable":true,"href":"https:\/\/de-prime.com\/index.php\/wp-json\/wp\/v2\/product_tag?post=56853"}],"curies":[{"name":"wp","href":"https:\/\/api.w.org\/{rel}","templated":true}]}}