{"id":56850,"date":"2024-10-01T16:20:06","date_gmt":"2024-10-01T16:20:06","guid":{"rendered":"https:\/\/de-prime.com\/?p=56850"},"modified":"2024-10-01T16:39:45","modified_gmt":"2024-10-01T16:39:45","slug":"tarp-grau-und-orange-400x294-cm-wasserdicht-2","status":"publish","type":"product","link":"https:\/\/de-prime.com\/index.php\/product\/tarp-grau-und-orange-400x294-cm-wasserdicht-2\/","title":{"rendered":"Tarp Grau und Orange 400&#215;294 cm Wasserdicht"},"content":{"rendered":"<p>Dieser Tarp ist ein unersetzlicher Begleiter f\u00fcr deine Outdoor- und Trekkingtouren. Strapazierf\u00e4higes Oxford-Material: Dieses Tarp besteht aus starkem Oxford-Gewebe mit PU-Beschichtung, das f\u00fcr hervorragende Wasserfestigkeit, Windbest\u00e4ndigkeit, Sonnenschutz und Verschlei\u00dffestigkeit sorgt. Au\u00dferdem verhindern die versiegelten N\u00e4hte wirksam das Eindringen von Regenwasser und sorgen so f\u00fcr einen trockenen und komfortablen Sonnenschutz und Regenschutz.Multifunktional: Diese Camping-Plane ist vielseitig. Dank der \u00d6sen an jeder Ecke kann es als Camping- \u00dcberdachung oder als Bodenplane verwendet werden.Leicht und tragbar: Dank des faltbaren und leichten Designs l\u00e4sst sich die Zeltplane einfach verpacken und in der mitgelieferten Tragetasche m\u00fchelos verstauen und transportieren. Achtung:Halte alle Flammen und W\u00e4rmequellen von diesem Zeltstoff fern.<\/p>\n<ul>\n<li>Farbe: Grau und Orange<\/li>\n<li>Material: 210D Oxford-Gewebe mit PU-Beschichtung<\/li>\n<li>Gr\u00f6\u00dfe: 400 x 294 cm (L x B)<\/li>\n<li>Packma\u00df: 30,5 x 10 x 10 cm (L x B x H)<\/li>\n<li>Stoffgewicht: 105 g\/m\u00b2<\/li>\n<li>Gewicht: 1,75 kg<\/li>\n<li>Zusammenbau erforderlich: Ja<\/li>\n<li><strong>Lieferung umfasst:<\/strong><\/li>\n<li>1 x Zeltplane<\/li>\n<li>1 x Tragetasche<\/li>\n<\/ul>\n","protected":false},"excerpt":{"rendered":"<ul>\n<li>Farbe: Grau und Orange<\/li>\n<li>Material: 210D Oxford-Gewebe mit PU-Beschichtung<\/li>\n<li>Gr\u00f6\u00dfe: 400 x 294 cm (L x B)<\/li>\n<li>Packma\u00df: 30,5 x 10 x 10 cm (L x B x H)<\/li>\n<li>Stoffgewicht: 105 g\/m\u00b2<\/li>\n<li>Gewicht: 1,75 kg<\/li>\n<li>Zusammenbau erforderlich: Ja<\/li>\n<li><strong>Lieferung umfasst:<\/strong><\/li>\n<li>1 x Zeltplane<\/li>\n<li>1 x Tragetasche<\/li>\n<\/ul>\n","protected":false},"featured_media":10000056850,"comment_status":"closed","ping_status":"closed","template":"","meta":[],"product_brand":[],"product_cat":[6859,6837,6836,6987],"product_tag":[],"class_list":{"0":"post-56850","1":"product","2":"type-product","3":"status-publish","4":"has-post-thumbnail","6":"product_cat-camping-wandern","7":"product_cat-outdoor-aktivitaeten","8":"product_cat-sportartikel","9":"product_cat-zelte","11":"first","12":"instock","13":"taxable","14":"shipping-taxable","15":"purchasable","16":"product-type-simple","17":"add-to-wishlist-after_add_to_cart"},"jetpack_sharing_enabled":true,"_links":{"self":[{"href":"https:\/\/de-prime.com\/index.php\/wp-json\/wp\/v2\/product\/56850","targetHints":{"allow":["GET"]}}],"collection":[{"href":"https:\/\/de-prime.com\/index.php\/wp-json\/wp\/v2\/product"}],"about":[{"href":"https:\/\/de-prime.com\/index.php\/wp-json\/wp\/v2\/types\/product"}],"replies":[{"embeddable":true,"href":"https:\/\/de-prime.com\/index.php\/wp-json\/wp\/v2\/comments?post=56850"}],"wp:featuredmedia":[{"embeddable":true,"href":"https:\/\/de-prime.com\/index.php\/wp-json\/"}],"wp:attachment":[{"href":"https:\/\/de-prime.com\/index.php\/wp-json\/wp\/v2\/media?parent=56850"}],"wp:term":[{"taxonomy":"product_brand","embeddable":true,"href":"https:\/\/de-prime.com\/index.php\/wp-json\/wp\/v2\/product_brand?post=56850"},{"taxonomy":"product_cat","embeddable":true,"href":"https:\/\/de-prime.com\/index.php\/wp-json\/wp\/v2\/product_cat?post=56850"},{"taxonomy":"product_tag","embeddable":true,"href":"https:\/\/de-prime.com\/index.php\/wp-json\/wp\/v2\/product_tag?post=56850"}],"curies":[{"name":"wp","href":"https:\/\/api.w.org\/{rel}","templated":true}]}}